
{"id":1114,"date":"2021-11-07T08:24:24","date_gmt":"2021-11-07T07:24:24","guid":{"rendered":"https:\/\/przedszkole150.edu.wroclaw.pl\/?page_id=1114"},"modified":"2022-03-06T10:24:40","modified_gmt":"2022-03-06T09:24:40","slug":"dzien-postaci-z-bajek","status":"publish","type":"page","link":"https:\/\/przedszkole150.edu.wroclaw.pl\/index.php\/dzien-postaci-z-bajek\/","title":{"rendered":"Dzie\u0144 postaci z bajek"},"content":{"rendered":"<div class=\"wpb-content-wrapper\"><p>[vc_row][vc_column][vc_column_text]<\/p>\n<p>W ramach\u00a0<strong>Narodowego ProgramuRozwoju Czytelnictwa 2.0. na lata 2021-2025\u201d Priorytet 3 Kierunek interwencji 3.1. obchodzili\u015bmy w naszym przedszkolu<\/strong>\u00a0Dzie\u0144 Postaci z Bajek obchodzony pi\u0105tego listopada i to w\u0142a\u015bnie tego dnia nasze przedszkole zamieni\u0142o si\u0119 w niezwyk\u0142\u0105 krain\u0119 bajkowych postaci. Czytali\u015bmy bajki i ba\u015bnie, odgrywali\u015bmy scenki teatralne, wykonali\u015bmy ilustracje do znanych bajek. Zabawa by\u0142a udana.[\/vc_column_text][\/vc_column][\/vc_row][vc_row][vc_column][vc_gallery type=&#8221;image_grid&#8221; images=&#8221;1115,1116,1117,1118,1119,1120,1121,1122,1123,1124,1125,1126,1127&#8243;][\/vc_column][\/vc_row]<\/p>\n<\/div>","protected":false},"excerpt":{"rendered":"<p>[vc_row][vc_column][vc_column_text] W ramach\u00a0Narodowego ProgramuRozwoju Czytelnictwa 2.0. na lata 2021-2025\u201d Priorytet 3 Kierunek interwencji 3.1. obchodzili\u015bmy w naszym przedszkolu\u00a0Dzie\u0144 Postaci z Bajek obchodzony pi\u0105tego listopada i to w\u0142a\u015bnie tego dnia nasze [&hellip;]<\/p>\n","protected":false},"author":201,"featured_media":0,"parent":0,"menu_order":0,"comment_status":"closed","ping_status":"closed","template":"","meta":{"ngg_post_thumbnail":0,"footnotes":""},"class_list":["post-1114","page","type-page","status-publish","hentry","clearfix"],"_links":{"self":[{"href":"https:\/\/przedszkole150.edu.wroclaw.pl\/index.php\/wp-json\/wp\/v2\/pages\/1114","targetHints":{"allow":["GET"]}}],"collection":[{"href":"https:\/\/przedszkole150.edu.wroclaw.pl\/index.php\/wp-json\/wp\/v2\/pages"}],"about":[{"href":"https:\/\/przedszkole150.edu.wroclaw.pl\/index.php\/wp-json\/wp\/v2\/types\/page"}],"author":[{"embeddable":true,"href":"https:\/\/przedszkole150.edu.wroclaw.pl\/index.php\/wp-json\/wp\/v2\/users\/201"}],"replies":[{"embeddable":true,"href":"https:\/\/przedszkole150.edu.wroclaw.pl\/index.php\/wp-json\/wp\/v2\/comments?post=1114"}],"version-history":[{"count":4,"href":"https:\/\/przedszkole150.edu.wroclaw.pl\/index.php\/wp-json\/wp\/v2\/pages\/1114\/revisions"}],"predecessor-version":[{"id":1857,"href":"https:\/\/przedszkole150.edu.wroclaw.pl\/index.php\/wp-json\/wp\/v2\/pages\/1114\/revisions\/1857"}],"wp:attachment":[{"href":"https:\/\/przedszkole150.edu.wroclaw.pl\/index.php\/wp-json\/wp\/v2\/media?parent=1114"}],"curies":[{"name":"wp","href":"https:\/\/api.w.org\/{rel}","templated":true}]}}