
{"id":1246,"date":"2021-11-26T18:54:00","date_gmt":"2021-11-26T17:54:00","guid":{"rendered":"https:\/\/przedszkole150.edu.wroclaw.pl\/?page_id=1246"},"modified":"2021-11-26T18:54:00","modified_gmt":"2021-11-26T17:54:00","slug":"z-zycia-przedszkola","status":"publish","type":"page","link":"https:\/\/przedszkole150.edu.wroclaw.pl\/index.php\/z-zycia-przedszkola\/","title":{"rendered":"Z \u017cycia przedszkola"},"content":{"rendered":"<p>Z \u017bYCIA PRZEDSZKOLA\u2026<\/p>\n<p>&nbsp;<\/p>\n<p>Od wrze\u015bnia w Naszym Przedszkolu du\u017co si\u0119 dzieje. Dzieci mia\u0142y mo\u017cliwo\u015b\u0107 ciekawie sp\u0119dzi\u0107 czas. Poni\u017cej przedstawiamy dzia\u0142ania, kt\u00f3re zosta\u0142y zrealizowane:<\/p>\n<ul>\n<li>\u201eWr\u00f3belek Elemelek\u201d- przedstawienie teatralne \u201eBajkow\u00f3z\u201d D. Brzozowskiej;<\/li>\n<li>Zaj\u0119cia ze stomatologiem w ramach programu \u201eProfilaktyka przeciwdzia\u0142ania pr\u00f3chnicy u dzieci\u201d;<\/li>\n<li>\u201eDzie\u0144 Pustej Sali\u201d- projekt MEN;<\/li>\n<li>\u201eSzko\u0142a do Hymnu\u201d- Projekt MEN;<\/li>\n<li>,,\u015awi\u0119to Dyni\u201d- Pomara\u0144czowy dzie\u0144 w przedszkolu;<\/li>\n<li>\u201eDzie\u0144 Postaci z Bajek\u201d;<\/li>\n<li>,,Spotkanie z Policjantem\u201d- pogadanka;<\/li>\n<li>\u201eWarsztaty Ekologiczne\u201d we wsp\u00f3\u0142pracy z Ekosystemem;<\/li>\n<li>\u201eCz\u0142owiek i woda\u201d- projekt MPWiK, Akademia Przyjaci\u00f3\u0142 Wody;<\/li>\n<li>\u201eArtystyczne dzieciaki\u201d- projekt Mikrogranty;<\/li>\n<li>Jesienny Piknik Przedszkolaka;<\/li>\n<li>Konkursy plastyczne, w kt\u00f3rych nasze dzieci zosta\u0142y laureatami;<\/li>\n<li>Konkurs \u015bwi\u0105teczny na najpi\u0119kniej przystrojon\u0105 sal\u0119 i przestrze\u0144 wok\u00f3\u0142 niej;<\/li>\n<li>,,Dzie\u0144 Pluszowego Misia\u201d;<\/li>\n<li>Wystawa \u015bwi\u0105teczna- Bo\u017conarodzeniowa;<\/li>\n<li>Pasowanie na Przedszkolaka.<\/li>\n<\/ul>\n<p>&nbsp;<\/p>\n<p><em>AKCJE CHARYTAWYWNE:<\/em><\/p>\n<ul>\n<li>Zbi\u00f3rka kasztan\u00f3w dla Hospicjum;<\/li>\n<li>Zbi\u00f3rka nakr\u0119tek dla Hospicjum;<\/li>\n<li>Zbi\u00f3rka karmy dla Schroniska;<\/li>\n<li>Paczka dla Lwowiaka;<\/li>\n<li>Anio\u0142kowe Granie.<\/li>\n<\/ul>\n<p>&nbsp;<\/p>\n<p><em>Ca\u0142y czas odbywaj\u0105 si\u0119 r\u00f3wnie\u017c zaj\u0119cia dodatkowe:<\/em><\/p>\n<ul>\n<li>Przygotowanie do nauki j\u0119zyka obcego nowo\u017cytnego (j. angielski, j. w\u0142oski);<\/li>\n<li>Zaj\u0119cia rytmiczne;<\/li>\n<li>,,Mali wspaniali\u201d- zaj\u0119cia sportowe;<\/li>\n<li>Zaj\u0119cia logopedyczne.<\/li>\n<\/ul>\n<p>&nbsp;<\/p>\n<p>Ponadto uda\u0142o nam si\u0119 pozyska\u0107 zaj\u0119cia <em>muzyczno- artystyczne<\/em> w ramach programu ,,Od inspiracji do kreacji\u201d.<\/p>\n<p>Dzi\u0119kujemy Radzie Rodzic\u00f3w i Rodzicom zaanga\u017cowanym za dotychczasow\u0105 wsp\u00f3\u0142prac\u0119 i zach\u0119camy do inicjatywy i wsparcia w innych dzia\u0142aniach. J<\/p>\n<p>&nbsp;<\/p>\n<p>&nbsp;<\/p>\n","protected":false},"excerpt":{"rendered":"<p>Z \u017bYCIA PRZEDSZKOLA\u2026 &nbsp; Od wrze\u015bnia w Naszym Przedszkolu du\u017co si\u0119 dzieje. Dzieci mia\u0142y mo\u017cliwo\u015b\u0107 ciekawie sp\u0119dzi\u0107 czas. Poni\u017cej przedstawiamy dzia\u0142ania, kt\u00f3re zosta\u0142y zrealizowane: \u201eWr\u00f3belek Elemelek\u201d- przedstawienie teatralne \u201eBajkow\u00f3z\u201d D. [&hellip;]<\/p>\n","protected":false},"author":201,"featured_media":0,"parent":0,"menu_order":0,"comment_status":"closed","ping_status":"closed","template":"","meta":{"ngg_post_thumbnail":0,"footnotes":""},"class_list":["post-1246","page","type-page","status-publish","hentry","clearfix"],"_links":{"self":[{"href":"https:\/\/przedszkole150.edu.wroclaw.pl\/index.php\/wp-json\/wp\/v2\/pages\/1246","targetHints":{"allow":["GET"]}}],"collection":[{"href":"https:\/\/przedszkole150.edu.wroclaw.pl\/index.php\/wp-json\/wp\/v2\/pages"}],"about":[{"href":"https:\/\/przedszkole150.edu.wroclaw.pl\/index.php\/wp-json\/wp\/v2\/types\/page"}],"author":[{"embeddable":true,"href":"https:\/\/przedszkole150.edu.wroclaw.pl\/index.php\/wp-json\/wp\/v2\/users\/201"}],"replies":[{"embeddable":true,"href":"https:\/\/przedszkole150.edu.wroclaw.pl\/index.php\/wp-json\/wp\/v2\/comments?post=1246"}],"version-history":[{"count":2,"href":"https:\/\/przedszkole150.edu.wroclaw.pl\/index.php\/wp-json\/wp\/v2\/pages\/1246\/revisions"}],"predecessor-version":[{"id":1249,"href":"https:\/\/przedszkole150.edu.wroclaw.pl\/index.php\/wp-json\/wp\/v2\/pages\/1246\/revisions\/1249"}],"wp:attachment":[{"href":"https:\/\/przedszkole150.edu.wroclaw.pl\/index.php\/wp-json\/wp\/v2\/media?parent=1246"}],"curies":[{"name":"wp","href":"https:\/\/api.w.org\/{rel}","templated":true}]}}