
{"id":1271,"date":"2021-11-29T16:56:41","date_gmt":"2021-11-29T15:56:41","guid":{"rendered":"https:\/\/przedszkole150.edu.wroclaw.pl\/?page_id=1271"},"modified":"2022-04-03T11:05:49","modified_gmt":"2022-04-03T09:05:49","slug":"dzien-pluszowego-misia","status":"publish","type":"page","link":"https:\/\/przedszkole150.edu.wroclaw.pl\/index.php\/dzien-pluszowego-misia\/","title":{"rendered":"Dzie\u0144 Pluszowego Misia"},"content":{"rendered":"<div class=\"wpb-content-wrapper\"><p>[vc_row][vc_column][vc_column_text]W ramach\u00a0<strong>Narodowego ProgramuRozwoju Czytelnictwa 2.0. na lata 2021-2025\u201d Priorytet 3 Kierunek interwencji 3.1. <\/strong>\u00a025 listopada w naszym przedszkolu zrealizowano projekt dzia\u0142a\u0144 edukacyjnych &#8211;\u00a0 \u00a0&#8222;\u015awiatowy Dzie\u0144 Pluszowego Misia&#8221;. Dzieci zapozna\u0142y si\u0119 z histori\u0105 tej pluszowej zabawki. Zapozna\u0142y si\u0119 z literatur\u0105, w kt\u00f3rej wyst\u0119puje nasz ma\u0142y bohater. Wykonywa\u0142y pacynki aby nast\u0119pnie bawi\u0107 si\u0119 w teatr. \u00a0Wykona\u0142y te\u017c przepi\u0119kne, misiowe prace plastyczne.<\/p>\n<p>[\/vc_column_text][vc_gallery type=&#8221;image_grid&#8221; images=&#8221;1272,1273,1274,1275,1276,1277,1278,1279,1280,1281,1282,1283,1284,1285,1286,1287,1288&#8243;][\/vc_column][\/vc_row]<\/p>\n<\/div>","protected":false},"excerpt":{"rendered":"<p>[vc_row][vc_column][vc_column_text]W ramach\u00a0Narodowego ProgramuRozwoju Czytelnictwa 2.0. na lata 2021-2025\u201d Priorytet 3 Kierunek interwencji 3.1. \u00a025 listopada w naszym przedszkolu zrealizowano projekt dzia\u0142a\u0144 edukacyjnych &#8211;\u00a0 \u00a0&#8222;\u015awiatowy Dzie\u0144 Pluszowego Misia&#8221;. Dzieci zapozna\u0142y si\u0119 [&hellip;]<\/p>\n","protected":false},"author":201,"featured_media":0,"parent":0,"menu_order":0,"comment_status":"closed","ping_status":"closed","template":"","meta":{"ngg_post_thumbnail":0,"footnotes":""},"class_list":["post-1271","page","type-page","status-publish","hentry","clearfix"],"_links":{"self":[{"href":"https:\/\/przedszkole150.edu.wroclaw.pl\/index.php\/wp-json\/wp\/v2\/pages\/1271","targetHints":{"allow":["GET"]}}],"collection":[{"href":"https:\/\/przedszkole150.edu.wroclaw.pl\/index.php\/wp-json\/wp\/v2\/pages"}],"about":[{"href":"https:\/\/przedszkole150.edu.wroclaw.pl\/index.php\/wp-json\/wp\/v2\/types\/page"}],"author":[{"embeddable":true,"href":"https:\/\/przedszkole150.edu.wroclaw.pl\/index.php\/wp-json\/wp\/v2\/users\/201"}],"replies":[{"embeddable":true,"href":"https:\/\/przedszkole150.edu.wroclaw.pl\/index.php\/wp-json\/wp\/v2\/comments?post=1271"}],"version-history":[{"count":3,"href":"https:\/\/przedszkole150.edu.wroclaw.pl\/index.php\/wp-json\/wp\/v2\/pages\/1271\/revisions"}],"predecessor-version":[{"id":2030,"href":"https:\/\/przedszkole150.edu.wroclaw.pl\/index.php\/wp-json\/wp\/v2\/pages\/1271\/revisions\/2030"}],"wp:attachment":[{"href":"https:\/\/przedszkole150.edu.wroclaw.pl\/index.php\/wp-json\/wp\/v2\/media?parent=1271"}],"curies":[{"name":"wp","href":"https:\/\/api.w.org\/{rel}","templated":true}]}}