
{"id":1655,"date":"2022-02-10T18:52:07","date_gmt":"2022-02-10T17:52:07","guid":{"rendered":"https:\/\/przedszkole150.edu.wroclaw.pl\/?page_id=1655"},"modified":"2022-02-10T18:53:40","modified_gmt":"2022-02-10T17:53:40","slug":"moja-ksiazka","status":"publish","type":"page","link":"https:\/\/przedszkole150.edu.wroclaw.pl\/index.php\/moja-ksiazka\/","title":{"rendered":"Ma\u0142a czytelnia"},"content":{"rendered":"<div class=\"wpb-content-wrapper\"><p>[vc_row][vc_column][vc_column_text]W ramach <strong><span style=\"font-size: 10.0pt;color: black\">Narodowego ProgramuRozwoju Czytelnictwa 2.0. na lata 2021-2025\u201d Priorytet 3 Kierunek interwencji 3.1. <\/span><\/strong>za\u0142o\u017cy\u0142y\u015bmy w naszym przedszkolu biblioteczk\u0119, kt\u00f3ra zawiera ksi\u0105\u017ceczki wykonane przez nasze dzieci.<\/p>\n<p>Projekt zyska\u0142 sobie bardzo du\u017c\u0105 sympati\u0119,nasi\u00a0 wychowankowie z przyjemno\u015bci\u0105 bior\u0105 aktywny udzia\u0142 w zabawie. Nie mo\u017cemy si\u0119 doczeka\u0107 koleinych ksi\u0105\u017ceczek, kt\u00f3re wzbogac\u0105 nasz\u0105 biblioteczk\u0119.<\/p>\n<p>[\/vc_column_text][vc_gallery type=&#8221;image_grid&#8221; images=&#8221;1656,1657,1658,1659,1660&#8243;][\/vc_column][\/vc_row][vc_row][vc_column][vc_gallery][\/vc_column][\/vc_row]<\/p>\n<\/div>","protected":false},"excerpt":{"rendered":"<p>[vc_row][vc_column][vc_column_text]W ramach Narodowego ProgramuRozwoju Czytelnictwa 2.0. na lata 2021-2025\u201d Priorytet 3 Kierunek interwencji 3.1. za\u0142o\u017cy\u0142y\u015bmy w naszym przedszkolu biblioteczk\u0119, kt\u00f3ra zawiera ksi\u0105\u017ceczki wykonane przez nasze dzieci. Projekt zyska\u0142 sobie bardzo [&hellip;]<\/p>\n","protected":false},"author":264,"featured_media":0,"parent":0,"menu_order":0,"comment_status":"closed","ping_status":"closed","template":"","meta":{"ngg_post_thumbnail":0,"footnotes":""},"class_list":["post-1655","page","type-page","status-publish","hentry","clearfix"],"_links":{"self":[{"href":"https:\/\/przedszkole150.edu.wroclaw.pl\/index.php\/wp-json\/wp\/v2\/pages\/1655","targetHints":{"allow":["GET"]}}],"collection":[{"href":"https:\/\/przedszkole150.edu.wroclaw.pl\/index.php\/wp-json\/wp\/v2\/pages"}],"about":[{"href":"https:\/\/przedszkole150.edu.wroclaw.pl\/index.php\/wp-json\/wp\/v2\/types\/page"}],"author":[{"embeddable":true,"href":"https:\/\/przedszkole150.edu.wroclaw.pl\/index.php\/wp-json\/wp\/v2\/users\/264"}],"replies":[{"embeddable":true,"href":"https:\/\/przedszkole150.edu.wroclaw.pl\/index.php\/wp-json\/wp\/v2\/comments?post=1655"}],"version-history":[{"count":4,"href":"https:\/\/przedszkole150.edu.wroclaw.pl\/index.php\/wp-json\/wp\/v2\/pages\/1655\/revisions"}],"predecessor-version":[{"id":1664,"href":"https:\/\/przedszkole150.edu.wroclaw.pl\/index.php\/wp-json\/wp\/v2\/pages\/1655\/revisions\/1664"}],"wp:attachment":[{"href":"https:\/\/przedszkole150.edu.wroclaw.pl\/index.php\/wp-json\/wp\/v2\/media?parent=1655"}],"curies":[{"name":"wp","href":"https:\/\/api.w.org\/{rel}","templated":true}]}}