
{"id":1778,"date":"2022-03-02T12:33:49","date_gmt":"2022-03-02T11:33:49","guid":{"rendered":"https:\/\/przedszkole150.edu.wroclaw.pl\/?page_id=1778"},"modified":"2024-10-25T10:45:28","modified_gmt":"2024-10-25T08:45:28","slug":"zestaw-programow-wychowania-przedszkolnego","status":"publish","type":"page","link":"https:\/\/przedszkole150.edu.wroclaw.pl\/index.php\/dla-rodzicow\/programy-i-projekty\/zestaw-programow-wychowania-przedszkolnego\/","title":{"rendered":"Zestaw program\u00f3w wychowania przedszkolnego"},"content":{"rendered":"<p style=\"text-align: center\"><span style=\"font-family: times new roman, times, serif;font-size: 14pt\"><span style=\"color: #008000\">WYKAZ PROGRAM\u00d3W OBOWI\u0104ZUJ\u0104CYCH W PRZEDSZKOLU NR 150 &#8222;WESO\u0141E NUTKI&#8221; W ROKU SZKOLNYM 2024\/2025<\/span><\/span><\/p>\n<p><span style=\"font-family: times new roman, times, serif;font-size: 14pt\">Program wychowania przedszkolnego &#8222;Od zabawy do nauki&#8221; autorstwa D. Kucharskiej, A. Paw\u0142owskiej-Niedba\u0142y, D. Sikorskiej-Banasik; wydawnictwo Nowa Era<\/span><\/p>\n<p><span style=\"font-family: times new roman, times, serif;font-size: 14pt\">&#8222;Elementarz sze\u015bciolatka&#8221; &#8211; roczne przygotowanie do szko\u0142y autorstwa S. Doroszczuk, J. Grawczyszewskiej, J. Hermanowskiej, K. Kaminskiej-Dolaty; wydawnictwo Nowa Era<\/span><\/p>\n<p>&nbsp;<\/p>\n<p>&nbsp;<\/p>\n<p><span style=\"font-family: times new roman, times, serif;font-size: 14pt\">\u00a0<\/span><\/p>\n","protected":false},"excerpt":{"rendered":"<p>WYKAZ PROGRAM\u00d3W OBOWI\u0104ZUJ\u0104CYCH W PRZEDSZKOLU NR 150 &#8222;WESO\u0141E NUTKI&#8221; W ROKU SZKOLNYM 2024\/2025 Program wychowania przedszkolnego &#8222;Od zabawy do nauki&#8221; autorstwa D. Kucharskiej, A. Paw\u0142owskiej-Niedba\u0142y, D. Sikorskiej-Banasik; wydawnictwo Nowa Era [&hellip;]<\/p>\n","protected":false},"author":72,"featured_media":0,"parent":64,"menu_order":0,"comment_status":"closed","ping_status":"closed","template":"","meta":{"ngg_post_thumbnail":0,"footnotes":""},"class_list":["post-1778","page","type-page","status-publish","hentry","clearfix"],"_links":{"self":[{"href":"https:\/\/przedszkole150.edu.wroclaw.pl\/index.php\/wp-json\/wp\/v2\/pages\/1778","targetHints":{"allow":["GET"]}}],"collection":[{"href":"https:\/\/przedszkole150.edu.wroclaw.pl\/index.php\/wp-json\/wp\/v2\/pages"}],"about":[{"href":"https:\/\/przedszkole150.edu.wroclaw.pl\/index.php\/wp-json\/wp\/v2\/types\/page"}],"author":[{"embeddable":true,"href":"https:\/\/przedszkole150.edu.wroclaw.pl\/index.php\/wp-json\/wp\/v2\/users\/72"}],"replies":[{"embeddable":true,"href":"https:\/\/przedszkole150.edu.wroclaw.pl\/index.php\/wp-json\/wp\/v2\/comments?post=1778"}],"version-history":[{"count":6,"href":"https:\/\/przedszkole150.edu.wroclaw.pl\/index.php\/wp-json\/wp\/v2\/pages\/1778\/revisions"}],"predecessor-version":[{"id":6467,"href":"https:\/\/przedszkole150.edu.wroclaw.pl\/index.php\/wp-json\/wp\/v2\/pages\/1778\/revisions\/6467"}],"up":[{"embeddable":true,"href":"https:\/\/przedszkole150.edu.wroclaw.pl\/index.php\/wp-json\/wp\/v2\/pages\/64"}],"wp:attachment":[{"href":"https:\/\/przedszkole150.edu.wroclaw.pl\/index.php\/wp-json\/wp\/v2\/media?parent=1778"}],"curies":[{"name":"wp","href":"https:\/\/api.w.org\/{rel}","templated":true}]}}