
{"id":1780,"date":"2022-03-02T12:34:09","date_gmt":"2022-03-02T11:34:09","guid":{"rendered":"https:\/\/przedszkole150.edu.wroclaw.pl\/?page_id=1780"},"modified":"2023-10-26T07:50:09","modified_gmt":"2023-10-26T05:50:09","slug":"narodowy-program-rozwoju-czytelnictwa","status":"publish","type":"page","link":"https:\/\/przedszkole150.edu.wroclaw.pl\/index.php\/dla-rodzicow\/programy-i-projekty\/narodowy-program-rozwoju-czytelnictwa\/","title":{"rendered":"Narodowy Program Rozwoju Czytelnictwa"},"content":{"rendered":"<div class=\"wpb-content-wrapper\"><p>[vc_row][vc_column][vc_column_text]<strong>Szanowni Pa\u0144stwo!<\/strong><\/p>\n<p><strong>Uprzejmie informujemy, \u017ce Przedszkole Nr 150 \u201eWeso\u0142e Nutki\u201d pozyska\u0142o dotacj\u0119 celow\u0105 z\u00a0przeznaczeniem na realizacj\u0119<\/strong><\/p>\n<p><strong>\u201eNarodowego Programu Rozwoju Czytelnictwa 2.0. na lata 2021-2025\u201d Priorytet 3<\/strong><\/p>\n<p><strong>Kierunek interwencji 3.1.\u00a0 Zakup nowo\u015bci wydawniczych do plac\u00f3wek wychowania przedszkolnego<\/strong><\/p>\n<p><strong>Kwota dotacji to 3 750 z\u0142.<\/strong><\/p>\n<p><strong>W ramach projektu Przedszkole znacz\u0105co uzupe\u0142ni w\u0142asne zbiory biblioteczne o ba\u015bnie i bajki dla dzieci.<\/strong><\/p>\n<p><img loading=\"lazy\" decoding=\"async\" class=\"alignnone size-medium wp-image-1192\" src=\"https:\/\/przedszkole150.edu.wroclaw.pl\/wp-content\/uploads\/sites\/61\/2021\/11\/jjj-300x46.jpg\" alt=\"\" width=\"300\" height=\"46\" srcset=\"https:\/\/przedszkole150.edu.wroclaw.pl\/wp-content\/uploads\/sites\/61\/2021\/11\/jjj-300x46.jpg 300w, https:\/\/przedszkole150.edu.wroclaw.pl\/wp-content\/uploads\/sites\/61\/2021\/11\/jjj-1024x156.jpg 1024w, https:\/\/przedszkole150.edu.wroclaw.pl\/wp-content\/uploads\/sites\/61\/2021\/11\/jjj-768x117.jpg 768w, https:\/\/przedszkole150.edu.wroclaw.pl\/wp-content\/uploads\/sites\/61\/2021\/11\/jjj-600x91.jpg 600w, https:\/\/przedszkole150.edu.wroclaw.pl\/wp-content\/uploads\/sites\/61\/2021\/11\/jjj-1536x234.jpg 1536w, https:\/\/przedszkole150.edu.wroclaw.pl\/wp-content\/uploads\/sites\/61\/2021\/11\/jjj.jpg 2020w\" sizes=\"auto, (max-width: 300px) 100vw, 300px\" \/><\/p>\n<h1>Realizacja programu:<\/h1>\n<h1><span style=\"color: #000080\"><a style=\"color: #000080\" href=\"https:\/\/przedszkole150.edu.wroclaw.pl\/index.php\/spotkanie-z-pisarka\/\">Spotkanie autorskie z pisark\u0105<\/a><\/span><\/h1>\n<h1><span style=\"color: #008000\"><a style=\"color: #008000\" href=\"https:\/\/przedszkole150.edu.wroclaw.pl\/index.php\/ksiazka-dla-przedszkolaka\/\">Ksi\u0105\u017cka (dla) przedszkolaka- projekt czytelniczy<\/a><\/span><\/h1>\n<h1><span style=\"color: #993300\"><a style=\"color: #993300\" href=\"https:\/\/przedszkole150.edu.wroclaw.pl\/index.php\/spotkanie-z-pisarzem-mrowki-podrozniczki\/\">Spotkanie z pisarzem &#8222;Mr\u00f3wki podr\u00f3\u017cniczki&#8221;<\/a><\/span><\/h1>\n<h1><a href=\"https:\/\/przedszkole150.edu.wroclaw.pl\/index.php\/zajecia-biblioteczne\/\"><span style=\"color: #800080\">Zaj\u0119cia biblioteczne<\/span><\/a><\/h1>\n<h1><span style=\"color: #ffcc00\"><a style=\"color: #ffcc00\" href=\"https:\/\/przedszkole150.edu.wroclaw.pl\/index.php\/maly-mis-w-swiecie-wielkiej-literatury\/\">Ma\u0142y Mi\u015b w \u015bwiecie Wielkiej Literatury!<\/a><\/span><\/h1>\n<h1><a href=\"https:\/\/przedszkole150.edu.wroclaw.pl\/index.php\/bajeczna-ksiazka\/\"><span style=\"color: #008000\">Bajeczna ksi\u0119ga<\/span><\/a><\/h1>\n<h1><span style=\"color: #ff0000\"><a style=\"color: #ff0000\" href=\"https:\/\/przedszkole150.edu.wroclaw.pl\/index.php\/czytanie-jest-super\/\">Czytanie jest super!<\/a><\/span><\/h1>\n<h1><span style=\"color: #0000ff\"><a style=\"color: #0000ff\" href=\"https:\/\/przedszkole150.edu.wroclaw.pl\/index.php\/wizyta-w-bibliotece\/\">Wizyta w bibliotece<\/a><\/span><\/h1>\n<h1><span style=\"color: #800000\"><a style=\"color: #800000\" href=\"https:\/\/przedszkole150.edu.wroclaw.pl\/index.php\/tuwim\/\">Ma\u0142a czytelnia &#8211; J. Tuwim<\/a><\/span><\/h1>\n<h1><span style=\"color: #003366\"><a style=\"color: #003366\" href=\"https:\/\/przedszkole150.edu.wroclaw.pl\/index.php\/brzechwa-dzieciom\/\">Ma\u0142a czytelnia &#8211; J. Brzechwa<\/a><\/span><\/h1>\n<p>[\/vc_column_text][vc_gallery type=&#8221;image_grid&#8221; images=&#8221;1831,1830,1827&#8243;][\/vc_column][\/vc_row][vc_row][vc_column][vc_column_text]<\/p>\n<h1><a href=\"https:\/\/przedszkole150.edu.wroclaw.pl\/index.php\/wzbogacenie-biblioteczki-przedszkolnej\/\"><span style=\"color: #800080\">Wzbogacenie biblioteczki przedszkolnej<\/span><\/a><\/h1>\n<p>[\/vc_column_text][vc_gallery type=&#8221;image_grid&#8221; images=&#8221;1337,1342,1339&#8243;][\/vc_column][\/vc_row][vc_row][vc_column][vc_column_text]<\/p>\n<h1><a href=\"https:\/\/przedszkole150.edu.wroclaw.pl\/index.php\/moja-ksiazka\/\"><span style=\"color: #ff0000\">Ma\u0142a czytelnia- nasze ksi\u0105\u017ceczki<\/span><\/a><\/h1>\n<p>[\/vc_column_text][vc_gallery type=&#8221;image_grid&#8221; images=&#8221;1660,1658,1656&#8243;][\/vc_column][\/vc_row][vc_row][vc_column][vc_column_text]<\/p>\n<h1><a href=\"https:\/\/przedszkole150.edu.wroclaw.pl\/index.php\/dzien-pluszowego-misia\/\"><span style=\"color: #008000\">Dzie\u0144 pluszowego misia<\/span><\/a><\/h1>\n<p>[\/vc_column_text][vc_gallery type=&#8221;image_grid&#8221; images=&#8221;1279,1278,1273&#8243;][\/vc_column][\/vc_row][vc_row][vc_column][vc_column_text]<\/p>\n<h1><a href=\"https:\/\/przedszkole150.edu.wroclaw.pl\/index.php\/dzien-postaci-z-bajek\/\"><span style=\"color: #993300\">Dzie\u0144 postaci z bajek<\/span><\/a><\/h1>\n<p>[\/vc_column_text][vc_gallery type=&#8221;image_grid&#8221; images=&#8221;1121,1125,1122&#8243;][\/vc_column][\/vc_row]<\/p>\n<\/div>","protected":false},"excerpt":{"rendered":"<p>[vc_row][vc_column][vc_column_text]Szanowni Pa\u0144stwo! Uprzejmie informujemy, \u017ce Przedszkole Nr 150 \u201eWeso\u0142e Nutki\u201d pozyska\u0142o dotacj\u0119 celow\u0105 z\u00a0przeznaczeniem na realizacj\u0119 \u201eNarodowego Programu Rozwoju Czytelnictwa 2.0. na lata 2021-2025\u201d Priorytet 3 Kierunek interwencji 3.1.\u00a0 Zakup [&hellip;]<\/p>\n","protected":false},"author":72,"featured_media":0,"parent":64,"menu_order":0,"comment_status":"closed","ping_status":"closed","template":"","meta":{"ngg_post_thumbnail":0,"footnotes":""},"class_list":["post-1780","page","type-page","status-publish","hentry","clearfix"],"_links":{"self":[{"href":"https:\/\/przedszkole150.edu.wroclaw.pl\/index.php\/wp-json\/wp\/v2\/pages\/1780","targetHints":{"allow":["GET"]}}],"collection":[{"href":"https:\/\/przedszkole150.edu.wroclaw.pl\/index.php\/wp-json\/wp\/v2\/pages"}],"about":[{"href":"https:\/\/przedszkole150.edu.wroclaw.pl\/index.php\/wp-json\/wp\/v2\/types\/page"}],"author":[{"embeddable":true,"href":"https:\/\/przedszkole150.edu.wroclaw.pl\/index.php\/wp-json\/wp\/v2\/users\/72"}],"replies":[{"embeddable":true,"href":"https:\/\/przedszkole150.edu.wroclaw.pl\/index.php\/wp-json\/wp\/v2\/comments?post=1780"}],"version-history":[{"count":22,"href":"https:\/\/przedszkole150.edu.wroclaw.pl\/index.php\/wp-json\/wp\/v2\/pages\/1780\/revisions"}],"predecessor-version":[{"id":5027,"href":"https:\/\/przedszkole150.edu.wroclaw.pl\/index.php\/wp-json\/wp\/v2\/pages\/1780\/revisions\/5027"}],"up":[{"embeddable":true,"href":"https:\/\/przedszkole150.edu.wroclaw.pl\/index.php\/wp-json\/wp\/v2\/pages\/64"}],"wp:attachment":[{"href":"https:\/\/przedszkole150.edu.wroclaw.pl\/index.php\/wp-json\/wp\/v2\/media?parent=1780"}],"curies":[{"name":"wp","href":"https:\/\/api.w.org\/{rel}","templated":true}]}}