
{"id":18,"date":"2021-04-19T14:39:47","date_gmt":"2021-04-19T12:39:47","guid":{"rendered":"http:\/\/przedszkole150.edu.wroclaw.pl\/?page_id=18"},"modified":"2024-02-21T14:04:21","modified_gmt":"2024-02-21T13:04:21","slug":"o-przedszkolu","status":"publish","type":"page","link":"https:\/\/przedszkole150.edu.wroclaw.pl\/index.php\/strona-glowna\/o-przedszkolu\/","title":{"rendered":"O przedszkolu"},"content":{"rendered":"<div class=\"wpb-content-wrapper\"><p>[vc_row][vc_column][vc_column_text]<\/p>\n<h3><span style=\"font-family: arial, helvetica, sans-serif;font-size: 18pt\">Misja Przedszkola:<\/span><\/h3>\n<p><span style=\"font-family: arial, helvetica, sans-serif;font-size: 14pt\">Nasze Przedszkole jest plac\u00f3wk\u0105 bezpieczn\u0105 dzieciom, rodzicom, pracownikom, otwart\u0105 na ich potrzeby. Praca przedszkola ukierunkowana jest na dziecko oraz jego potrzeby. Umo\u017cliwia wyr\u00f3wnywanie szans edukacyjnych wszystkim dzieciom i przygotowuje je do podj\u0119cia nauki w szkole.<\/span><\/p>\n<h3><span style=\"font-family: arial, helvetica, sans-serif;font-size: 18pt\">Zapewniamy dzieciom:<\/span><\/h3>\n<ul>\n<li><span style=\"font-family: arial, helvetica, sans-serif;font-size: 14pt\">wspomaganie wszechstronnego rozwoju dziecka odpowiednio do jego indywidualnych potrzeb i mo\u017cliwo\u015bci,<\/span><\/li>\n<li><span style=\"font-family: arial, helvetica, sans-serif;font-size: 14pt\">stwarzanie przyjaznej\u00a0 atmosfery oraz zapewnianie optymalnych warunki do rozwijania osobowo\u015bci dzieci,<\/span><\/li>\n<li><span style=\"font-family: arial, helvetica, sans-serif;font-size: 14pt\">poczucie bezpiecze\u0144stwa,<\/span><\/li>\n<li><span style=\"font-family: arial, helvetica, sans-serif;font-size: 14pt\">zapewniamy wykwalifikowan\u0105 i kreatywn\u0105 kadr\u0119 pedagogiczn\u0105, ustawicznie doskonal\u0105c\u0105 sw\u00f3j warsztat pracy,<\/span><\/li>\n<li><span style=\"font-family: arial, helvetica, sans-serif;font-size: 14pt\">zaj\u0119cia dodatkowe,<\/span><\/li>\n<li><span style=\"font-family: arial, helvetica, sans-serif;font-size: 14pt\">wycieczki,<\/span><\/li>\n<li><span style=\"font-family: arial, helvetica, sans-serif;font-size: 14pt\">dobr\u0105 zabaw\u0119.<\/span><\/li>\n<\/ul>\n<h3><span style=\"font-family: arial, helvetica, sans-serif;font-size: 18pt\">Zapewniamy rodzicom:<\/span><\/h3>\n<ul>\n<li><span style=\"font-family: arial, helvetica, sans-serif;font-size: 14pt\">bie\u017c\u0105c\u0105 wymian\u0119 spostrze\u017ce\u0144 na temat rozwoju dzieci i plac\u00f3wki,<\/span><\/li>\n<li><span style=\"font-family: arial, helvetica, sans-serif;font-size: 14pt\">pomoc i wsparcie rodzic\u00f3w w dzia\u0142aniach wychowawczych,<\/span><\/li>\n<li><span style=\"font-family: arial, helvetica, sans-serif;font-size: 14pt\">udzia\u0142 w uroczysto\u015bciach, spotkaniach integracyjnych.<\/span><\/li>\n<\/ul>\n<p>&nbsp;<\/p>\n<p><span style=\"font-size: 18pt\"><span style=\"font-family: times new roman, times, serif\"><strong>\u00a0Nasze certyfikaty:<\/strong><\/span><\/span><\/p>\n<ul>\n<li><span style=\"font-size: 14pt\"><span style=\"font-family: times new roman, times, serif\">Certyfikat Wroc\u0142awskiej Sieci Szk\u00f3\u0142 i Przedszkoli Promuj\u0105cych Zdrowie Wydzia\u0142u Zdrowia i Spraw Spo\u0142ecznych UM Wroc\u0142awia<\/span><\/span><\/li>\n<li><span style=\"font-size: 14pt\"><span style=\"font-family: times new roman, times, serif\">Z\u0142oty Certyfikat Sto\u0142\u00f3wki Zdrowego i Racjonalnego \u017bywienia Wydzia\u0142u Zdrowia i Spraw Spo\u0142ecznych UM Wroc\u0142awia,<\/span><\/span><\/li>\n<li><span style=\"font-size: 14pt\"><span style=\"font-family: times new roman, times, serif\">Certyfikat Przedszkola Promuj\u0105cego Aktywno\u015b\u0107 Fizyczn\u0105 Wydzia\u0142u Zdrowia i Spraw Spo\u0142ecznych UM Wroc\u0142awia,<\/span><\/span><\/li>\n<li><span style=\"font-size: 14pt\"><span style=\"font-family: times new roman, times, serif\">Certyfikat Przedszkola Dobrze Przygotowuj\u0105cego do Szko\u0142y MEN,<\/span><\/span><\/li>\n<li><span style=\"font-size: 14pt\"><span style=\"font-family: times new roman, times, serif\">Certyfikat Przedszkola Kreatywno\u015bci i Innowacji Wroc\u0142awskiego Centrum Rozwoju Spo\u0142ecznego,<\/span><\/span><\/li>\n<li><span style=\"font-size: 14pt\"><span style=\"font-family: times new roman, times, serif\">Certyfikat Programu \u201eKubusiowi Przyjaciele Natury\u201d,<\/span><\/span><\/li>\n<li><span style=\"font-size: 14pt\"><span style=\"font-family: times new roman, times, serif\">Certyfikat HACCP.<\/span><\/span><\/li>\n<\/ul>\n<p>&nbsp;<\/p>\n<p>&nbsp;<\/p>\n<p>[\/vc_column_text][\/vc_column][\/vc_row]<\/p>\n<\/div>","protected":false},"excerpt":{"rendered":"<p>[vc_row][vc_column][vc_column_text] Misja Przedszkola: Nasze Przedszkole jest plac\u00f3wk\u0105 bezpieczn\u0105 dzieciom, rodzicom, pracownikom, otwart\u0105 na ich potrzeby. Praca przedszkola ukierunkowana jest na dziecko oraz jego potrzeby. Umo\u017cliwia wyr\u00f3wnywanie szans edukacyjnych wszystkim dzieciom [&hellip;]<\/p>\n","protected":false},"author":72,"featured_media":0,"parent":16,"menu_order":0,"comment_status":"closed","ping_status":"closed","template":"","meta":{"ngg_post_thumbnail":0,"footnotes":""},"class_list":["post-18","page","type-page","status-publish","hentry","clearfix"],"_links":{"self":[{"href":"https:\/\/przedszkole150.edu.wroclaw.pl\/index.php\/wp-json\/wp\/v2\/pages\/18","targetHints":{"allow":["GET"]}}],"collection":[{"href":"https:\/\/przedszkole150.edu.wroclaw.pl\/index.php\/wp-json\/wp\/v2\/pages"}],"about":[{"href":"https:\/\/przedszkole150.edu.wroclaw.pl\/index.php\/wp-json\/wp\/v2\/types\/page"}],"author":[{"embeddable":true,"href":"https:\/\/przedszkole150.edu.wroclaw.pl\/index.php\/wp-json\/wp\/v2\/users\/72"}],"replies":[{"embeddable":true,"href":"https:\/\/przedszkole150.edu.wroclaw.pl\/index.php\/wp-json\/wp\/v2\/comments?post=18"}],"version-history":[{"count":7,"href":"https:\/\/przedszkole150.edu.wroclaw.pl\/index.php\/wp-json\/wp\/v2\/pages\/18\/revisions"}],"predecessor-version":[{"id":5540,"href":"https:\/\/przedszkole150.edu.wroclaw.pl\/index.php\/wp-json\/wp\/v2\/pages\/18\/revisions\/5540"}],"up":[{"embeddable":true,"href":"https:\/\/przedszkole150.edu.wroclaw.pl\/index.php\/wp-json\/wp\/v2\/pages\/16"}],"wp:attachment":[{"href":"https:\/\/przedszkole150.edu.wroclaw.pl\/index.php\/wp-json\/wp\/v2\/media?parent=18"}],"curies":[{"name":"wp","href":"https:\/\/api.w.org\/{rel}","templated":true}]}}