
{"id":1913,"date":"2022-03-24T11:55:18","date_gmt":"2022-03-24T10:55:18","guid":{"rendered":"https:\/\/przedszkole150.edu.wroclaw.pl\/?page_id=1913"},"modified":"2022-04-27T08:04:48","modified_gmt":"2022-04-27T06:04:48","slug":"procedura-przyprowadzania","status":"publish","type":"page","link":"https:\/\/przedszkole150.edu.wroclaw.pl\/index.php\/procedura-przyprowadzania\/","title":{"rendered":"Procedura przyprowadzania&#8230;"},"content":{"rendered":"<p style=\"text-align: center\"><strong>Procedura przyprowadzania\/ odbierania dzieci do\/ z Przedszkola Nr 150 \u201eWeso\u0142e Nutki\u201d<br \/>\n&#8211; aktualizacja z dnia 28.03.2022 r.-<\/strong><\/p>\n<ul>\n<li style=\"text-align: center\">1<\/li>\n<\/ul>\n<p>W zwi\u0105zku z zapobieganiem COVID-19 i dbaniu o bezpiecze\u0144stwo dzieci, Rodzic\u00f3w<br \/>\ni pracownik\u00f3w zmianie ulega organizacja przyprowadzania i odbierania dzieci<br \/>\nz Przedszkola Nr 150 \u201eWeso\u0142e Nutki\u201d.<\/p>\n<ul>\n<li style=\"text-align: center\">2<\/li>\n<\/ul>\n<p>Od 28.03.2022 r. zmianie ulega proces przyprowadzenia\/ odbioru dziecka<br \/>\ndo\/ z plac\u00f3wki. Rodzic zobowi\u0105zany jest do przestrzegania wszystkich wytycznych<br \/>\ni zabezpieczenia na ten cel odpowiedniego przedzia\u0142u czasowego.<\/p>\n<ul>\n<li style=\"text-align: center\">3<\/li>\n<\/ul>\n<p>Rodzic ponosi pe\u0142n\u0105 odpowiedzialno\u015b\u0107 za podj\u0119t\u0105 decyzj\u0119 zwi\u0105zan\u0105<br \/>\nz przyprowadzeniem dziecka do Przedszkola Nr 150 \u201eWeso\u0142e Nutki\u201d, kt\u00f3ra skutkowa\u0107 mo\u017ce nara\u017ceniem zara\u017cenia si\u0119 COVID-19 dziecka, opiekun\u00f3w oraz osoby upowa\u017cnione w przedszkolu, jak i podczas drogi z\/ do plac\u00f3wki.<\/p>\n<p>&nbsp;<\/p>\n<ul>\n<li style=\"text-align: center\">4<\/li>\n<\/ul>\n<p>Dzieci przyprowadzane do przedszkola musz\u0105 by\u0107 zdrowe, bez jakichkolwiek oznak choroby ( w tym katar, os\u0142abienie, kaszel, gor\u0105czka, zaczerwienione oczy).<\/p>\n<ul>\n<li style=\"text-align: center\">5<\/li>\n<\/ul>\n<p>Rodzic przyprowadzaj\u0105c dziecko chore, z objawami chorobowymi ponosi odpowiedzialno\u015b\u0107 za\u00a0 nara\u017cenie na zaka\u017cenie si\u0119 wszystkich uczestnik\u00f3w opieki, nauczycieli, pracownik\u00f3w jak r\u00f3wnie\u017c innych Rodzic\u00f3w.<\/p>\n<ul>\n<li style=\"text-align: center\">6<\/li>\n<\/ul>\n<p>Osoby przyprowadzaj\u0105ce\/ odbieraj\u0105ce dzieci musz\u0105 by\u0107 zdrowe i nie mog\u0105 wykazywa\u0107 \u017cadnych objaw\u00f3w chorobowych.<\/p>\n<ul>\n<li style=\"text-align: center\">7<\/li>\n<\/ul>\n<p>Dzieci nale\u017cy przyprowadzi\u0107 najp\u00f3\u017aniej do godz. 8.30 . O godz. 8.30 przedszkole zostaje zamkni\u0119te. Po tej godzinie dziecko nie b\u0119dzie przyj\u0119te do przedszkola.<\/p>\n<ul>\n<li style=\"text-align: center\">8<\/li>\n<\/ul>\n<p>Do przyprowadzania i odbierania dzieci uprawnieni s\u0105 rodzice\/ opiekunowie prawni oraz osoby przez nie upowa\u017cnione. Rodzice\/ opiekunowie prawni s\u0105 zobowi\u0105zani<br \/>\ndo zapoznania osoby przez nie upowa\u017cnione z procedurami obowi\u0105zuj\u0105cymi<br \/>\nw plac\u00f3wce i do zobowi\u0105zania ich do bezwzgl\u0119dnego przestrzegania ich zapis\u00f3w.<\/p>\n<ul>\n<li style=\"text-align: center\">9<\/li>\n<\/ul>\n<p>Rodzice zobowi\u0105zani s\u0105 do ka\u017cdorazowego odbierania telefon\u00f3w z plac\u00f3wki.<br \/>\nW sytuacji zauwa\u017cenia u dziecka w trakcie pe\u0142nienia nad nim opieki zmian chorobowych, nauczyciel niezw\u0142ocznie informuje o tym fakcie Rodzic\u00f3w, a Rodzice s\u0105 zobowi\u0105zani do natychmiastowego odebrania dziecka ( maksymalnie w czasie<br \/>\n1 godziny). Je\u015bli dziecko manifestuje, przejawia niepokoj\u0105ce objawy choroby <strong>zostanie odizolowane<\/strong><br \/>\nw odr\u0119bnym pomieszczeniu z zapewnieniem minimum 2 m odleg\u0142o\u015bci<br \/>\nod innych os\u00f3b.<\/p>\n<ul>\n<li style=\"text-align: center\">11<\/li>\n<\/ul>\n<p>Zmiany, kt\u00f3re ze wzgl\u0119du na konieczno\u015b\u0107 zapewnienia maksymalnego bezpiecze\u0144stwa obowi\u0105zuj\u0105 podczas przyprowadzania\/ odbierania dziecka od 1 wrze\u015bnia 2020 r.:<\/p>\n<ol>\n<li>W Przedszkolu obowi\u0105zuje re\u017cim sanitarny.<\/li>\n<li>Przedszkole jest czynne od poniedzia\u0142ku do pi\u0105tku w godzinach 06.45-17.00.<\/li>\n<li>Rodzic zobowi\u0105zany jest przyprowadzenia dziecka do przedszkola do godz. 08.30.<\/li>\n<li>O 8.30 drzwi wej\u015bciowe zostaj\u0105 zamkni\u0119te i nie ma mo\u017cliwo\u015bci przyj\u0119cia dziecka.<\/li>\n<li>W celu unikni\u0119cia du\u017cego zgromadzenia os\u00f3b na terenie plac\u00f3wki do przedszkola dziecko jest przyprowadzane i odbierane tylko przez jedn\u0105 osob\u0119.<\/li>\n<li>Dzieci kontynuuj\u0105ce nauk\u0119 w przedszkolu w roku szkolnym 2021\/2022<br \/>\n<strong>nie przynosz\u0105<\/strong> ze sob\u0105 w\u0142asnych zabawek, ani innych przedmiot\u00f3w.<\/li>\n<li>Rodzice zobowi\u0105zani s\u0105 do dostarczenia najp\u00f3\u017aniej w pierwszym dniu pobytu dzieci w przedszkolu ni\u017cej wymienionych dokument\u00f3w:<\/li>\n<\/ol>\n<ul>\n<li>Upowa\u017cnienie do odbioru\/ przyprowadzenia dziecka<\/li>\n<li>Karta aktualizacji danych<\/li>\n<li>Zgoda na pomiar temperatury cia\u0142a dziecka<\/li>\n<\/ul>\n<ol start=\"8\">\n<li>Dzieci rozpoczynaj\u0105ce pobyt w roku szkolnym 2021\/2022 w przedszkolu Rodzic mo\u017ce wyposa\u017cy\u0107 w ulubion\u0105 bezpieczn\u0105 zabawk\u0119 w okresie adaptacji.<\/li>\n<li>O zako\u0144czeniu okresu adaptacji decyduje nauczyciel prowadz\u0105cy grup\u0119.<\/li>\n<li>Zabawka, kt\u00f3r\u0105 dziecko przynosi do grupy musi by\u0107 codziennie zabrana do domu celem dezynfekcji.<\/li>\n<li>W szafkach dzieci obowi\u0105zuje zakaz przechowywania \u017cywno\u015bci , napoj\u00f3w (dzieci maj\u0105 zapewniony sta\u0142y dost\u0119p do wody w sali), zabawek, lek\u00f3w oraz innych zb\u0119dnych przedmiot\u00f3w.<\/li>\n<li>Wszystkie dzieci w pierwszym dniu pobytu w przedszkolu nale\u017cy wyposa\u017cy\u0107<br \/>\nw opisany worek ( nie plecaki itp.) z odzie\u017c\u0105 zmienn\u0105, w buty na zmian\u0119, zmienne ubranie.<\/li>\n<li>Dzieci le\u017cakuj\u0105ce nale\u017cy zaopatrzy\u0107 w ma\u0142\u0105 poduszk\u0119 typu jasiek, kocyk oraz pid\u017camk\u0119 ( wszystko podpisane).<\/li>\n<li>Przynajmniej jeden raz w tygodniu Rodzic zobowi\u0105zany jest do zabrania rzeczy pozostawianych w woreczkach, wyprania ich i pozostawienia czystego kompletu.<\/li>\n<li>Odbi\u00f3r dotyczy zar\u00f3wno odzie\u017cy na zmian\u0119, jak r\u00f3wnie\u017c rzeczy przeznaczonych<br \/>\ndo le\u017cakowania.<\/li>\n<li>Rodzice i opiekunowie przyprowadzaj\u0105cy\/ odbieraj\u0105cy dzieci zobowi\u0105zani s\u0105<br \/>\ndo rygorystycznego przestrzegania wszystkich \u015brodk\u00f3w ostro\u017cno\u015bci tj. rekomenduje si\u0119 zas\u0142oni\u0119cie usta i nos, wydezynfekowane r\u0105k, zachowanie dystansu spo\u0142ecznego w odniesieniu do innych os\u00f3b wynosz\u0105cy min. 1,5 m.<\/li>\n<li>Rodzicom i opiekunom przyprowadzaj\u0105cym\/ odbieraj\u0105cym dzieci przed wej\u015bciem<br \/>\ndo plac\u00f3wki rekomenduje si\u0119 zdezynfekowanie r\u0105k- p\u0142yn umieszczony jest<br \/>\npo lewej stronie wej\u015bcia.<\/li>\n<li>Rodzice i opiekunowi przyprowadzaj\u0105cy\/odbieraj\u0105cy dzieci mog\u0105 wchodzi\u0107<br \/>\ndo przestrzeni wsp\u00f3lnej przedszkola ( szatnia, korytarze);<\/li>\n<li>Podczas przyprowadzania\/ odbierania dzieci zaleca si\u0119 Rodzicom i osobom upowa\u017cnionym sprawn\u0105 organizacje ca\u0142ego procesu, bez zb\u0119dnej zw\u0142oki przy zachowaniu maksymalnego bezpiecze\u0144stwa.<\/li>\n<li>W przedszkolu obowi\u0105zuje zakaz zgromadze\u0144 zar\u00f3wno w budynku jaki i na jego terenie.<\/li>\n<li>Rekomenduje si\u0119 wykonanie pomiaru temperatury cia\u0142a dziecka w warunkach domowych przed przyprowadzeniem dziecka do przedszkola.<\/li>\n<li>Rodzice\/ osoby przyprowadzaj\u0105c\/ odbieraj\u0105ce dzieci zobowi\u0105zane s\u0105<br \/>\ndo zaplanowania odpowiednio wystarczaj\u0105cej ilo\u015bci czasu na przyprowadzanie\/ odbieranie dziecka.<\/li>\n<li>Rodzic\/ osoba upowa\u017cniona stosuje si\u0119 do wszystkich komunikat\u00f3w pracownika pe\u0142ni\u0105cego dy\u017cur w holu przedszkola.<\/li>\n<li>Rodzic\/ osoba upowa\u017cniona wchodzi z dzieckiem do holu, szatni i odprowadza dziecko do sali pobytu.<\/li>\n<li>Rodzic przyprowadzaj\u0105c\/ odbieraj\u0105c dziecko do\/ z sali sygnalizuje swoj\u0105 obecno\u015b\u0107 zapukaniem do drzwi sali.<\/li>\n<li>Pracownik sprawdza, czy dana osoba jest upowa\u017cniona do przyprowadzenia\/ odbioru dziecka i przejmuje opiek\u0119 nad dzieckiem \/przekazuje dziecko.<\/li>\n<li>W pierwszej kolejno\u015bci nauczyciel kieruje dziecko do \u0142azienki celem dok\u0142adnego umycia r\u0105k.<\/li>\n<li>Rodzic zobowi\u0105zany jest uprzedzi\u0107 dziecko, \u017ce zaraz po wej\u015bciu do sali zostanie poproszone o umycie r\u0105k.<\/li>\n<li>W przypadku sytuacji gdy wi\u0119ksza ilo\u015b\u0107 Rodzic\u00f3w w tej samej chwili chce przekaza\u0107 dziecko pod opiek\u0119 tego samego nauczyciela\/ b\u0105d\u017a zg\u0142osi si\u0119 po dziecko, Rodzice\/ osoby upowa\u017cnione zobowi\u0105zani s\u0105 do oczekiwania i zachowania bezpiecznego dystansu od innych rodzic\u00f3w i dzieci wynosz\u0105cego min. 1,5 m.<\/li>\n<li>Rodzic dziecka przyprowadzonego do przedszkola w maseczce, \u015bci\u0105ga dziecku maseczk\u0119 w przedszkolnej szatni i zabiera j\u0105 ze sob\u0105.<\/li>\n<li>Maseczki do zakrywania twarzy rodzice zabieraj\u0105 do domu i przynosz\u0105<br \/>\nw momencie odbierania dziecka z przedszkola- maseczka dziecka nie mo\u017ce pozosta\u0107 na terenie plac\u00f3wki.<\/li>\n<li>Odbi\u00f3r dziecka nast\u0119puje analogicznie do przyprowadzenia. Rodzic\/ osoba upowa\u017cniona pukaj\u0105c do drzwi sali zg\u0142asza gotowo\u015b\u0107 odebrania dziecka. Odbieraj\u0105cy \u00a0musi by\u0107 przygotowany do\u00a0 przed\u0142o\u017cenia dowodu to\u017csamo\u015bci pracownikowi, aby ten m\u00f3g\u0142 sprawdzi\u0107 zgodno\u015b\u0107 danych. Nast\u0119pnie czeka<br \/>\nna wydanie dziecka i razem z nim udaje si\u0119 do szatni.<\/li>\n<li>Rodzicowi odbieraj\u0105cemu dziecko rekomenduje si\u0119 zakrycie ust i nosa, oraz zdezynfekowanie r\u0105k lub ubranie r\u0119kawiczek jednorazowych.<\/li>\n<li>Po odebraniu dziecka z plac\u00f3wki Rodzic zobowi\u0105zany jest do niezw\u0142ocznego opuszczenie terenu plac\u00f3wki.<\/li>\n<li>Wszelkie rozmowy z pracownikami przedszkola ,w tym z nauczycielami nale\u017cy ograniczy\u0107 do niezb\u0119dnego minimum.<\/li>\n<li>Ka\u017cdy nauczyciel udost\u0119pni rodzicom z danej grupy s\u0142u\u017cbowy adres mailowy,<br \/>\nna kt\u00f3ry mo\u017cna kierowa\u0107 wszelkie zapytania.<\/li>\n<li>W Przedszkolu obowi\u0105zuj\u0105 procedury:\n<ol>\n<li>Procedura bezpiecze\u0144stwa<\/li>\n<li>Procedura post\u0119powania na wypadek podejrzenia zaka\u017cenia COVID-19<\/li>\n<li>Procedura przyprowadzania\/ odbierania dzieci do\/ z Przedszkola Nr 150<\/li>\n<li>Procedura przebywania dzieci na \u015bwie\u017cym powietrzu<\/li>\n<li>Procedura szybkiej \u015bcie\u017cki komunikacji<\/li>\n<\/ol>\n<\/li>\n<\/ol>\n<p>Zosta\u0142y one udost\u0119pnione na stronie www i na tablicach og\u0142osze\u0144, z kt\u00f3rymi ka\u017cdy przebywaj\u0105cy\u00a0 na terenie plac\u00f3wki ma obowi\u0105zek zapoznania i bezwzgl\u0119dnego przestrzegania.<\/p>\n<ol start=\"38\">\n<li>Rodzice zobowi\u0105zani s\u0105 do bie\u017c\u0105cego \u015bledzenia komunikat\u00f3w pojawiaj\u0105cych si\u0119 na stronie internetowej przedszkola oraz wywieszanych og\u0142osze\u0144 w budynku.<\/li>\n<li>W sytuacjach zmiany Dyrektor kieruje do Rodzic\u00f3w komunikaty<br \/>\nz wytycznymi o dalszej formie organizacji pracy. Rodzice s\u0105 zobowi\u0105zani<br \/>\ndo stosowania si\u0119 do wprowadzanych wytycznych i zalece\u0144.<\/li>\n<\/ol>\n<ul>\n<li style=\"text-align: center\">12<\/li>\n<\/ul>\n<p>Ka\u017cda z os\u00f3b przebywaj\u0105ca na terenie plac\u00f3wki zobowi\u0105zana jest do zapoznania<br \/>\nz tre\u015bci\u0105 wprowadzonej Procedury.<\/p>\n<ul>\n<li style=\"text-align: center\">13<\/li>\n<\/ul>\n<p>Ka\u017cda z os\u00f3b przebywaj\u0105ca na terenie plac\u00f3wki zobowi\u0105zana jest do\u00a0 przestrzegania wprowadzonej Procedury.<\/p>\n<ul>\n<li style=\"text-align: center\">14<\/li>\n<\/ul>\n<p>Procedura obowi\u0105zuje bezterminowo od 28 marca 2022 r.<\/p>\n<p>&nbsp;<\/p>\n<p align=\"center\">\n","protected":false},"excerpt":{"rendered":"<p>Procedura przyprowadzania\/ odbierania dzieci do\/ z Przedszkola Nr 150 \u201eWeso\u0142e Nutki\u201d &#8211; aktualizacja z dnia 28.03.2022 r.- 1 W zwi\u0105zku z zapobieganiem COVID-19 i dbaniu o bezpiecze\u0144stwo dzieci, Rodzic\u00f3w i [&hellip;]<\/p>\n","protected":false},"author":264,"featured_media":0,"parent":0,"menu_order":0,"comment_status":"closed","ping_status":"closed","template":"","meta":{"ngg_post_thumbnail":0,"footnotes":""},"class_list":["post-1913","page","type-page","status-publish","hentry","clearfix"],"_links":{"self":[{"href":"https:\/\/przedszkole150.edu.wroclaw.pl\/index.php\/wp-json\/wp\/v2\/pages\/1913","targetHints":{"allow":["GET"]}}],"collection":[{"href":"https:\/\/przedszkole150.edu.wroclaw.pl\/index.php\/wp-json\/wp\/v2\/pages"}],"about":[{"href":"https:\/\/przedszkole150.edu.wroclaw.pl\/index.php\/wp-json\/wp\/v2\/types\/page"}],"author":[{"embeddable":true,"href":"https:\/\/przedszkole150.edu.wroclaw.pl\/index.php\/wp-json\/wp\/v2\/users\/264"}],"replies":[{"embeddable":true,"href":"https:\/\/przedszkole150.edu.wroclaw.pl\/index.php\/wp-json\/wp\/v2\/comments?post=1913"}],"version-history":[{"count":3,"href":"https:\/\/przedszkole150.edu.wroclaw.pl\/index.php\/wp-json\/wp\/v2\/pages\/1913\/revisions"}],"predecessor-version":[{"id":2128,"href":"https:\/\/przedszkole150.edu.wroclaw.pl\/index.php\/wp-json\/wp\/v2\/pages\/1913\/revisions\/2128"}],"wp:attachment":[{"href":"https:\/\/przedszkole150.edu.wroclaw.pl\/index.php\/wp-json\/wp\/v2\/media?parent=1913"}],"curies":[{"name":"wp","href":"https:\/\/api.w.org\/{rel}","templated":true}]}}