
{"id":1925,"date":"2022-03-24T12:16:12","date_gmt":"2022-03-24T11:16:12","guid":{"rendered":"https:\/\/przedszkole150.edu.wroclaw.pl\/?page_id=1925"},"modified":"2022-04-27T08:02:10","modified_gmt":"2022-04-27T06:02:10","slug":"procedura-przebywania-na-swiezym-powietrzu","status":"publish","type":"page","link":"https:\/\/przedszkole150.edu.wroclaw.pl\/index.php\/procedura-przebywania-na-swiezym-powietrzu\/","title":{"rendered":"Procedura przebywania na \u015bwie\u017cym powietrzu"},"content":{"rendered":"<div><\/div>\n<p style=\"text-align: center\"><strong>Procedura przebywania dzieci na \u015bwie\u017cym powietrzu<\/strong><\/p>\n<p style=\"text-align: center\"><strong>na terenie placu zabaw i ogrodu<br \/>\nPrzedszkola Nr 150 \u201eWeso\u0142e Nutki\u201d przy ul. P. P. Ignuta 30 we Wroc\u0142awiu<br \/>\n&#8211; aktualizacja z dnia 28.03.2022 r.-<\/strong><\/p>\n<p><strong>Cel procedury: <\/strong><\/p>\n<p>Okre\u015blenie sposobu post\u0119powania nauczyciela w przypadku organizowania zabaw<br \/>\ni odpoczynku na terenie\u00a0 ogrodu i placu zabaw przedszkola oraz okre\u015blanie norm i zasad bezpiecze\u0144stwa.<\/p>\n<p>&nbsp;<\/p>\n<ol>\n<li>Nauczyciele s\u0105 zobowi\u0105zani do okre\u015blenia i om\u00f3wienia z dzie\u0107mi zasad bezpiecze\u0144stwa podczas pobytu<br \/>\nna terenie placu zabaw i ogrodu . Zapisy w dzienniku zaj\u0119\u0107 .<\/li>\n<li>Ka\u017cdorazowo przed wyj\u015bciem na plac zabaw\/ogr\u00f3d przedszkola nauczyciel przypomina dzieciom umowy dotycz\u0105ce bezpiecznego przebywania na \u015bwie\u017cym powietrzu, przypomina o konieczno\u015bci powiadomienia osoby doros\u0142ej o niebezpiecze\u0144stwie, o zakazie oddalania si\u0119 od grupy i nauczyciela, o obowi\u0105zku zg\u0142aszania si\u0119 na zbi\u00f3rk\u0119 itp.)<\/li>\n<li>Dzieci na plac zabaw wychodz\u0105 udost\u0119pnionym wej\u015bciem ewakuacyjnym.<\/li>\n<li>Nauczyciel obowi\u0105zkowo przelicza dzieci przed wyj\u015bciem z sali\/do sali, wyj\u015bciem\/wej\u015bciem z\/do toalety, wej\u015bcie\/wyj\u015bcie do\/z budynku przedszkola oraz wej\u015bciem\/wyj\u015bciem na teren ogrodu przedszkolnego.<\/li>\n<li>Dzieci przemieszczaj\u0105 si\u0119 z budynku przedszkola na ogrodzony teren wydzielony<br \/>\ndo zabawy pod opiek\u0105 nauczyciela i pomocnika pomocniczego.<\/li>\n<li>Przed wej\u015bciem dzieci na plac zabaw pracownik obs\u0142ugi dezynfekuje uchwyty, klamki, toalet\u0119 zewn\u0119trzn\u0105 i inne konieczne rzeczy.<\/li>\n<li>Dzieci przebywaj\u0105ce na terenie przedszkola korzystaj\u0105 z toalet zewn\u0119trznych pod opiek\u0105 pracownika przedszkola.<\/li>\n<li>Codziennie przed wyj\u015bciem dzieci na teren konserwator ma obowi\u0105zek sprawdzi\u0107,<br \/>\nczy a na terenie przedszkola nie ma zagro\u017ce\u0144 dla bezpiecze\u0144stwa dzieci i innych u\u017cytkownik\u00f3w.\u00a0 Fakt dokonania czynno\u015bci sprawdzaj\u0105cych konserwator potwierdza wpisem do karty kontroli.<\/li>\n<li>Na placu zabaw mog\u0105 przebywa\u0107 jednocze\u015bnie pi\u0119\u0107 grup, przy czym opiekunowie zapewniaj\u0105, aby dzieci<br \/>\nz poszczeg\u00f3lnych grup nie kontaktowa\u0142y si\u0119 ze sob\u0105 i korzysta\u0142y ze sprz\u0119t\u00f3w pojedynczo;<\/li>\n<li>W szatni mo\u017ce przebywa\u0107 w tym samym czasie tylko jedna grupa.<\/li>\n<li>Urz\u0105dzenia rekreacyjne wy\u0142\u0105czone z u\u017cytkowania, nie poddane dezynfekcji s\u0105 zabezpieczane ta\u015bm\u0105;<\/li>\n<li>Plac zabaw zamkni\u0119ty jest dla rodzic\u00f3w\/opiekun\u00f3w prawnych.<\/li>\n<li>Nauczyciel ka\u017cdorazowo przed wpuszczeniem dzieci na teren przedszkola ma obowi\u0105zek sprawdzi\u0107,<br \/>\nczy teren jest bezpieczny.<\/li>\n<li>W czasie pobytu dzieci na placu zabaw przedszkola musi by\u0107 zamkni\u0119ta bramka wej\u015bciowa i brama wjazdowa przy wydzielonej cz\u0119\u015bci do zabaw. Po wej\u015bciu\/wyj\u015bciu na teren\/z terenu przedszkola wydzielonego do zabaw nauczyciel wchodz\u0105cy\/wychodz\u0105cy ma obowi\u0105zek zamkni\u0119cia bramki.<\/li>\n<li>Nauczyciele powinni by\u0107 w bezpo\u015brednim kontakcie ze swoimi podopiecznymi<br \/>\ni przebywa\u0107 w spos\u00f3b rozproszony w r\u00f3\u017cnych cz\u0119\u015bciach terenu przedszkola.<\/li>\n<li>Nauczyciel nie organizuje skupisk dzieci w jednym miejscu, dba o to, by dzieci w ramach grupy unika\u0142y \u015bcisku, bliskich kontakt\u00f3w;<\/li>\n<li>Dzieci wracaj\u0105 do budynku przedszkola pod nadzorem nauczyciela i pracownika.<\/li>\n<li>Po opuszczeniu placu zabaw przez dzieci pracownik obs\u0142ugi zobowi\u0105zany jest<br \/>\ndo mycia i przeprowadzenia dezynfekcji toalety zewn\u0119trznej.<\/li>\n<li>Po powrocie z placu zabaw dzieci dok\u0142adnie myj\u0105 r\u0119ce pod nadzorem nauczyciela.<\/li>\n<li>U\u017cytkownicy przestrzegaj\u0105 wymogu, aby zabawy by\u0142y organizowane zgodnie z zasadami bezpiecznego u\u017cytkowania terenu przedszkola umieszczonymi na tablicy informacyjnej<br \/>\nna budynku przedszkola.<\/li>\n<li>Rodzic ma obowi\u0105zek dostosowa\u0107 ubi\u00f3r dziecka do panuj\u0105cych warunk\u00f3w atmosferycznych. Rodzic przygotowuje dziecko na d\u0142u\u017cszy pobyt na \u015bwie\u017cym powietrzu<br \/>\n( niekr\u0119puj\u0105ce ruch\u00f3w ubrania, wygodne buty). Nale\u017cy pami\u0119ta\u0107 o zaopatrzenie dziecka<br \/>\nw odpowiednie nakrycie g\u0142owy w przypadku s\u0142onecznej pogody.<\/li>\n<li>Nauczyciel udost\u0119pnia dzieciom sprz\u0119t i zabawki, kt\u00f3re przynosi pracownik przedszkola.<\/li>\n<li>Ka\u017cdorazowo po zako\u0144czeniu pobytu dzieci na \u015bwie\u017cym powietrzu musz\u0105 zosta\u0107 umyte<br \/>\ni odka\u017cone u\u017cywane sprz\u0119ty- pi\u0142ki, bramki, itp.<\/li>\n<li>Nauczyciel przed wyj\u015bciem na teren przedszkolny zobowi\u0105zany jest dopilnowa\u0107, \u017ceby dzieci zosta\u0142y napojone i skorzysta\u0142y z toalety.<\/li>\n<li>Nauczyciel nie organizuje zaj\u0119\u0107 z dzie\u0107mi na powietrzu w warunkach atmosferycznych ku temu<br \/>\nnie sprzyjaj\u0105cych (deszcz, mocny wiatr, zbyt niska lub zbyt wysoka temperatura, burza, z\u0142a lub bardzo z\u0142a jako\u015b\u0107 powietrza, itp.). Nauczyciel ma r\u00f3wnie\u017c obowi\u0105zek sprawdzi\u0107 na stronie Centrum Zarz\u0105dzania Kryzysowego w Biuletynie w zak\u0142adce Og\u0142oszenia i komunikaty z zakresu \u015brodowiska powiadomienia<br \/>\nz zakresu ilo\u015bci py\u0142\u00f3w<br \/>\nw powietrzu dla miasta Wroc\u0142awia.<\/li>\n<li>Dziecko mo\u017ce zosta\u0107 odebrane z terenu placu zabaw w\u00f3wczas, gdy rodzic\/ prawny opiekun dotrze<br \/>\nna miejsce pobytu grupy- nie przekraczaj\u0105c furtki wydzielaj\u0105cej plac zabaw zg\u0142osi nauczycielowi gotowo\u015b\u0107 odbioru dziecka, pracownik przedszkola podprowadzi dziecko<br \/>\ni przeka\u017ce je pod opiek\u0119 rodzica\/ opiekuna.<\/li>\n<li>O wszelkich zauwa\u017conych usterkach nauczyciel lub inny u\u017cytkownik zawiadamia konserwatora, intendenta lub swoich prze\u0142o\u017conych.<\/li>\n<\/ol>\n<div><\/div>\n<p>&nbsp;<\/p>\n","protected":false},"excerpt":{"rendered":"<p>Procedura przebywania dzieci na \u015bwie\u017cym powietrzu na terenie placu zabaw i ogrodu Przedszkola Nr 150 \u201eWeso\u0142e Nutki\u201d przy ul. P. P. Ignuta 30 we Wroc\u0142awiu &#8211; aktualizacja z dnia 28.03.2022 [&hellip;]<\/p>\n","protected":false},"author":264,"featured_media":0,"parent":0,"menu_order":0,"comment_status":"closed","ping_status":"closed","template":"","meta":{"ngg_post_thumbnail":0,"footnotes":""},"class_list":["post-1925","page","type-page","status-publish","hentry","clearfix"],"_links":{"self":[{"href":"https:\/\/przedszkole150.edu.wroclaw.pl\/index.php\/wp-json\/wp\/v2\/pages\/1925","targetHints":{"allow":["GET"]}}],"collection":[{"href":"https:\/\/przedszkole150.edu.wroclaw.pl\/index.php\/wp-json\/wp\/v2\/pages"}],"about":[{"href":"https:\/\/przedszkole150.edu.wroclaw.pl\/index.php\/wp-json\/wp\/v2\/types\/page"}],"author":[{"embeddable":true,"href":"https:\/\/przedszkole150.edu.wroclaw.pl\/index.php\/wp-json\/wp\/v2\/users\/264"}],"replies":[{"embeddable":true,"href":"https:\/\/przedszkole150.edu.wroclaw.pl\/index.php\/wp-json\/wp\/v2\/comments?post=1925"}],"version-history":[{"count":4,"href":"https:\/\/przedszkole150.edu.wroclaw.pl\/index.php\/wp-json\/wp\/v2\/pages\/1925\/revisions"}],"predecessor-version":[{"id":2127,"href":"https:\/\/przedszkole150.edu.wroclaw.pl\/index.php\/wp-json\/wp\/v2\/pages\/1925\/revisions\/2127"}],"wp:attachment":[{"href":"https:\/\/przedszkole150.edu.wroclaw.pl\/index.php\/wp-json\/wp\/v2\/media?parent=1925"}],"curies":[{"name":"wp","href":"https:\/\/api.w.org\/{rel}","templated":true}]}}