
{"id":1928,"date":"2022-03-24T12:20:09","date_gmt":"2022-03-24T11:20:09","guid":{"rendered":"https:\/\/przedszkole150.edu.wroclaw.pl\/?page_id=1928"},"modified":"2022-04-27T08:14:25","modified_gmt":"2022-04-27T06:14:25","slug":"procedura-bezpieczenstwa-w-150","status":"publish","type":"page","link":"https:\/\/przedszkole150.edu.wroclaw.pl\/index.php\/procedura-bezpieczenstwa-w-150\/","title":{"rendered":"Procedura bezpiecze\u0144stwa w 150"},"content":{"rendered":"<p style=\"text-align: center\"><strong>Procedura bezpiecze\u0144stwa w Przedszkolu Nr 150 \u201eWeso\u0142e Nutki\u201d<br \/>\ndla Rodzic\u00f3w\/ opiekun\u00f3w prawnych<\/strong><\/p>\n<p style=\"text-align: center\"><strong>&#8211; aktualizacja z dnia 28.03.2022 r.-<\/strong><\/p>\n<p>&nbsp;<\/p>\n<p>Podstawa prawna :<\/p>\n<ul>\n<li>ustawa z 14 grudnia 2016 r. Prawo o\u015bwiatowe (Dz.U. z 2017 r. poz. 59 ze zm.),<\/li>\n<li>rozporz\u0105dzenie MENiS z 31 grudnia 2002 r. w sprawie bezpiecze\u0144stwa i higieny w publicznych<br \/>\ni niepublicznych szko\u0142ach i plac\u00f3wkach (Dz.U. z 2003 r. nr 6 poz. 69 ze zm.),<\/li>\n<li>Statut Przedszkola<\/li>\n<li>Wytyczne GIS, MEN ,MZ<\/li>\n<\/ul>\n<p>&nbsp;<\/p>\n<p>&nbsp;<\/p>\n<ul>\n<li style=\"text-align: center\">1<\/li>\n<\/ul>\n<p>W zwi\u0105zku z zapobieganiem COVID-19 i dbaniu o bezpiecze\u0144stwo dzieci, Rodzic\u00f3w<br \/>\ni pracownik\u00f3w Dyrektor Przedszkola Nr 150 \u201eWeso\u0142e Nutki\u201d wprowadza Procedur\u0119 bezpiecze\u0144stwa<br \/>\nw Przedszkolu Nr 150 \u201eWeso\u0142e Nutki\u201d<\/p>\n<ul>\n<li style=\"text-align: center\">2<\/li>\n<\/ul>\n<p>Dyrektor Przedszkola Nr 150 \u201eWeso\u0142e Nutki\u201d wprowadza rozwi\u0105zania, kt\u00f3rych przestrzeganie jest obowi\u0105zkowe dla zapewnienia dzieciom, pracownikom oraz osobom wchodz\u0105cym do budynku bezpiecze\u0144stwa.<\/p>\n<ul>\n<li style=\"text-align: center\">3<\/li>\n<\/ul>\n<p>Rodzic ponosi odpowiedzialno\u015b\u0107 za podj\u0119t\u0105 decyzj\u0119 zwi\u0105zan\u0105 z przyprowadzeniem dziecka do Przedszkola<br \/>\nNr 150 \u201eWeso\u0142e Nutki\u201d, kt\u00f3ra skutkowa\u0107 mo\u017ce nara\u017ceniem zara\u017cenia si\u0119 COVID-19 dziecka, opiekun\u00f3w<br \/>\nw przedszkolu, jak i podczas drogi z\/ do plac\u00f3wki.<\/p>\n<p>&nbsp;<\/p>\n<ul>\n<li style=\"text-align: center\">4<\/li>\n<\/ul>\n<p>Dzieci przyprowadzane do przedszkola musz\u0105 by\u0107 zdrowe, bez jakichkolwiek oznak choroby ( w tym katar, os\u0142abienie, kaszel, gor\u0105czka, zaczerwienione oczy ,b\u00f3l brzucha, biegunka itp.).<\/p>\n<ul>\n<li style=\"text-align: center\">5<\/li>\n<\/ul>\n<p>Rodzic przyprowadzaj\u0105c dziecko chore, z objawami chorobowymi ponosi odpowiedzialno\u015b\u0107 za\u00a0 nara\u017cenie<br \/>\nna zaka\u017cenie si\u0119 wszystkich uczestnik\u00f3w opieki, nauczycieli, pracownik\u00f3w jak r\u00f3wnie\u017c innych Rodzic\u00f3w.<\/p>\n<ul>\n<li style=\"text-align: center\">6<\/li>\n<\/ul>\n<p>&nbsp;<\/p>\n<p>Postanowienia og\u00f3lne:<\/p>\n<ol>\n<li>W przedszkolu obowi\u0105zuje re\u017cim sanitarny.<\/li>\n<li>W przedszkolu stosuje si\u0119 wytyczne ministra w\u0142a\u015bciwego do spraw zdrowia, G\u0142\u00f3wnego Inspektora Sanitarnego oraz ministra w\u0142a\u015bciwego do spraw o\u015bwiaty i wychowania.<\/li>\n<li>Dzieci przyprowadzane do przedszkola musz\u0105 by\u0107 zdrowe, bez jakichkolwiek oznak choroby ( w tym katar, os\u0142abienie, kaszel, gor\u0105czka zaczerwienione oczy ,b\u00f3l brzucha, biegunka itp.).<\/li>\n<li>Je\u017celi dziecko b\u0119dzie manifestowa\u0142o, przejawia\u0142o niepokoj\u0105ce objawy choroby zostanie odizolowane<br \/>\nw odr\u0119bnym pomieszczeniu tzw. Izolatorium z zapewnieniem minimum 2 m odleg\u0142o\u015bci od innych os\u00f3b. Rodzic zostanie niezw\u0142ocznie poinformowany o zaistnia\u0142ej sytuacji w celu pilnego ( w ci\u0105gu 1 godziny) odebrania dziecka z przedszkola<\/li>\n<li>Rodzice zobowi\u0105zani s\u0105 do ka\u017cdorazowego odbierania telefon\u00f3w z plac\u00f3wki.<\/li>\n<\/ol>\n<p>Je\u015bli Rodzic nie odbierze po\u0142\u0105czenia zobowi\u0105zany jest do natychmiastowego oddzwonienia do przedszkola.<\/p>\n<ol start=\"6\">\n<li>Osobom wchodz\u0105cym do plac\u00f3wki rekomenduje si\u0119 zakrywanie ust i nosa oraz dezynfekcj\u0119 r\u0105k p\u0142ynem umieszczonym przy wej\u015bciu g\u0142\u00f3wnym.<\/li>\n<li>Ka\u017cda osoba wchodz\u0105ca do przedszkola zobowi\u0105zana jest do zachowania dystansu spo\u0142ecznego w odniesieniu do innych os\u00f3b \u2013 minimum \u00a01,5 m.<\/li>\n<li>Osoby przebywaj\u0105ce na terenie przedszkola ograniczaj\u0105 rozmowy do minimum.<\/li>\n<li>Osoby wchodz\u0105ce nie korzystaj\u0105 z domofonu. Osoba wchodz\u0105ca u\u017cywa dzwonka i czeka na pracownika przedszkola, kt\u00f3ry otworzy drzwi.<\/li>\n<li>W przedszkolu obowi\u0105zuje zakaz zgromadze\u0144 zar\u00f3wno w budynku jaki i na jego terenie.<\/li>\n<li>Rodzice i opiekunowi przyprowadzaj\u0105cy\/odbieraj\u0105cy dzieci mog\u0105 wchodzi\u0107 do przestrzeni wsp\u00f3lnej przedszkola ( szatnia, korytarze);<\/li>\n<li>Obowi\u0105zuje zakaz wst\u0119pu do sal. Rodzic doprowadza dziecko do Sali i zg\u0142asza obecno\u015b\u0107 pukaniem<br \/>\ndo drzwi.<\/li>\n<li>Po odebraniu\/ przyprowadzeniu dziecka Rodzic\/opiekun \u00a0zobowi\u0105zany jest do niezw\u0142ocznego opuszczenia terenu przedszkola.<\/li>\n<li>Bezwzgl\u0119dnie zakazuje si\u0119 wchodzenia do pomieszcze\u0144 ,sal i poruszania po budynku w innym celu ni\u017c przyprowadzenie i odebranie dziecka.<\/li>\n<li>Za teren przedszkola uwa\u017ca si\u0119 budynek oraz wygrodzony teren poza budynkiem.<\/li>\n<li>Do przedszkola nie b\u0119d\u0105 wpuszczane dzieci oraz osoby z objawami chorobowymi .<\/li>\n<li>Dopuszcza si\u0119 mo\u017cliwo\u015b\u0107 kontrolnego pomiaru temperatury dziecka w ci\u0105gu dnia.<\/li>\n<li>W przedszkolu dzieci nie korzystaj\u0105 z maseczek, przy\u0142bic, r\u0119kawiczek ochronnych.<\/li>\n<li>Od godziny 8.30 drzwi wej\u015bciowe do budynku zostaj\u0105 zamkni\u0119te.<\/li>\n<li>Po godz. 8.30 dzieci nie b\u0119d\u0105 przyjmowane do przedszkola.<\/li>\n<li>Ka\u017cda osoba przebywaj\u0105ca na terenie plac\u00f3wki zobowi\u0105zana jest do wzmo\u017conej profilaktyki zdrowotnej ,w tym do wchodzenia na teren przedszkola jako osoba zdrowa.<\/li>\n<li>Ka\u017cda osoba przebywaj\u0105ca na terenie budynku przestrzega polece\u0144 osoby dy\u017curuj\u0105cej.<\/li>\n<li>W Przedszkolu obowi\u0105zuj\u0105 procedury:\n<ol>\n<li>Procedura bezpiecze\u0144stwa<\/li>\n<li>Procedura post\u0119powania na wypadek podejrzenia zaka\u017cenia COVID-19<\/li>\n<li>Procedura przyprowadzania\/ odbierania dzieci do\/ z Przedszkola Nr 150<\/li>\n<li>Procedura przebywania dzieci na \u015bwie\u017cym powietrzu<\/li>\n<li>Procedura szybkiej \u015bcie\u017cki komunikacji<\/li>\n<\/ol>\n<\/li>\n<\/ol>\n<p>22.Procedury i komunikaty \u00a0udost\u0119pnione s\u0105 na \u00a0stronie www , na tablicach og\u0142osze\u0144 lub przekazywane drog\u0105 elektroniczn\u0105.<\/p>\n<ol start=\"23\">\n<li>Rodzic\/ prawny opiekun osoby upowa\u017cnione do odbioru dzieci maj\u0105 obowi\u0105zek zapoznania si\u0119<br \/>\nze Statutem , procedurami i komunikatami dyrektora i przestrzegania zapis\u00f3w.<\/li>\n<li>Na tablicy og\u0142osze\u0144 znajduje si\u0119 wykaz telefon\u00f3w alarmowych do s\u0142u\u017cb, z kt\u00f3rymi nale\u017cy si\u0119 skontaktowa\u0107 w przypadku stwierdzenia objaw\u00f3w chorobowych u osoby znajduj\u0105cej si\u0119 na terenie plac\u00f3wki.<\/li>\n<\/ol>\n<ul>\n<li style=\"text-align: center\">7<\/li>\n<\/ul>\n<p>&nbsp;<\/p>\n<p>Organizacja bezpiecznego pobytu dzieci w przedszkolu:<\/p>\n<ol>\n<li>W jednej grupie mo\u017ce przybywa\u0107 maksymalnie 25 dzieci. Dotychczasowa liczba 25 dzieci w roku szkolnym 2021\/2022 w oddziale przedszkolnym , o kt\u00f3rej mowa w \u00a7 5 ust. 1, mo\u017ce by\u0107 zwi\u0119kszona<br \/>\no nie wi\u0119cej ni\u017c 3 dzieci, b\u0119d\u0105cych obywatelami Ukrainy, kt\u00f3re wjecha\u0142y na terytorium Rzeczypospolitej Polskiej bezpo\u015brednio z terytorium Ukrainy w zwi\u0105zku z dzia\u0142aniami wojennymi prowadzonymi<br \/>\nna terytorium tego pa\u0144stwa.<\/li>\n<li>Dziecko nie przynosi do przedszkola zabawek ani innych przedmiot\u00f3w, wyj\u0105tek stanowi\u0105 dzieci rozpoczynaj\u0105ce pobyt w przedszkolu w roku szkolnym 2020\/2021- Rodzic mo\u017ce wg swojej decyzji \u00a0wyposa\u017cy\u0107 dziecko w ulubion\u0105 zabawk\u0119 w okresie adaptacji.<\/li>\n<li>Zabawka musi by\u0107 bezpieczna i \u0142atwa do mycia i dezynfekcji.<\/li>\n<li>O zako\u0144czeniu okresu adaptacji decyduje nauczyciel prowadz\u0105cy grup\u0119.<\/li>\n<li>Zabawka, kt\u00f3r\u0105 dziecko przynosi do grupy musi by\u0107 codziennie zabrana do domu w celu umycia<br \/>\ni dezynfekcji.<\/li>\n<li>W miar\u0119 mo\u017cliwo\u015bci nauczyciel mo\u017ce zwi\u0119kszy\u0107 ilo\u015b\u0107 stolik\u00f3w w sali.<\/li>\n<li>Rodzice \/opiekunowie \/osoby upowa\u017cnione przyprowadzaj\u0105cy\/odbieraj\u0105cy dzieci mog\u0105 wchodzi\u0107<br \/>\ndo przestrzeni wsp\u00f3lnej przedszkola ( szatnia, korytarze);<\/li>\n<li>Rodzice\/opiekunowie prawni\/osoby upowa\u017cnione nie mog\u0105 wchodzi\u0107 do innych pomieszcze\u0144 przedszkola w tym sal pobytu dzieci.<\/li>\n<li>Rodzice\/opiekunowie\/osoby upowa\u017cnione przyprowadzaj\u0105cy\/ odbieraj\u0105cy dzieci zobowi\u0105zani s\u0105<br \/>\ndo rygorystycznego przestrzegania wszystkich \u015brodk\u00f3w ostro\u017cno\u015bci. Rekomenduje si\u0119 zas\u0142anianie usta<br \/>\ni nos, wydezynfekowane r\u0119ce oraz zachowanie dystansu spo\u0142ecznego w odniesieniu do innych os\u00f3b wynosz\u0105cego minimum \u00a01,5 m.<\/li>\n<li>Rodzice zobowi\u0105zani s\u0105 do dostarczenia najp\u00f3\u017aniej w pierwszym dniu pobytu dzieci z przedszkolu ni\u017cej wymienionych dokument\u00f3w:<\/li>\n<\/ol>\n<ul>\n<li>Upowa\u017cnienie do odbioru\/ przyprowadzenia dziecka<\/li>\n<li>Karta aktualizacji danych<\/li>\n<li>Zgoda na pomiar temperatury cia\u0142a dziecka<\/li>\n<\/ul>\n<p>&nbsp;<\/p>\n<ol start=\"11\">\n<li>Przyprowadzanie i odbieranie dziecka nast\u0119puje wed\u0142ug wytycznych zawartych<br \/>\nw Procedurze przyprowadzania i odbierania<\/li>\n<li>Nauczyciel wyja\u015bnia dzieciom jakie zasady bezpiecze\u0144stwa obecnie obowi\u0105zuj\u0105<br \/>\nw plac\u00f3wce i powod\u00f3w, dla kt\u00f3rych zosta\u0142y wprowadzone. Ma obowi\u0105zek codziennego przypominania dzieciom o konieczno\u015bci cz\u0119stego i dok\u0142adnego mycia r\u0105k zgodnie<br \/>\nz instrukcj\u0105. Nauczyciel nadzoruje prawid\u0142owe wykonywanie czynno\u015bci higienicznych przez dzieci.<\/li>\n<li>Nauczyciel w przypadku korzystnych warunk\u00f3w atmosferycznych organizuje wyj\u015bcia<br \/>\nna \u015bwie\u017ce powietrze.<\/li>\n<li>Wszystkie wytyczne dotycz\u0105ce pobyty na \u015bwie\u017cym powietrzu zosta\u0142y zawarte<br \/>\nw procedurze przebywania na \u015bwie\u017cym powietrzu.<\/li>\n<li>W przypadku stwierdzenia u dziecka objaw\u00f3w chorobowych podczas pobytu dziecka<br \/>\nw przedszkolu uruchomiona zostaje procedura w przypadku wyst\u0105pienia zaka\u017cenia.<\/li>\n<li>Sale wietrzone s\u0105 wed\u0142ug wytycznych GIS.<\/li>\n<li>W sytuacjach wymagaj\u0105cych osobistego kontaktu rodzic zg\u0142asza tak\u0105 potrzeb\u0119 okre\u015blaj\u0105c temat spotkania.<\/li>\n<li>Rodzic zawiadamiany jest o terminie i miejscu spotkania oraz w zale\u017cno\u015bci od tematu spotkania okre\u015blana jest liczba os\u00f3b mog\u0105cych bra\u0107 udzia\u0142 w spotkaniu.<\/li>\n<li>Spotkanie odbywa si\u0119 z zachowaniem zasad bezpiecze\u0144stwa. Uczestnicy spotkania musz\u0105 by\u0107 zdrowi .<\/li>\n<li>Do odwo\u0142ania nie prowadzi si\u0119 spotka\u0144 w du\u017cych grupach w zamkni\u0119tych pomieszczeniach.<\/li>\n<li>Dzieci b\u0119d\u0105 spo\u017cywa\u0142y posi\u0142ki w salach pobytu.<\/li>\n<li>Pracownik obs\u0142ugi \u00a0przed podaniem posi\u0142k\u00f3w przeprowadza mycie i dezynfekcj\u0119, nakrywa do sto\u0142\u00f3w. Przy kontakcie z \u017cywno\u015bci\u0105\u00a0 zobowi\u0105zana jest do stosowania przepis\u00f3w BHP, HACCP oraz procedur COVID.<\/li>\n<li>Przy przygotowaniach do wydania posi\u0142ku w sali dzieci przebywaj\u0105 pod opiek\u0105 nauczyciela w bezpiecznej odleg\u0142o\u015bci od w\u00f3zk\u00f3w transportowych i stolik\u00f3w.<\/li>\n<li>Korzystanie ze sprz\u0119tu elektrycznego ( mop, myjka, odkurzacz, szorowarka, itp.) oraz wykonywanie prac porz\u0105dkowych z ich wykorzystaniem ( np. mopowanie holu), jak r\u00f3wnie\u017c prace remontowo- naprawcze s\u0105 zabronione w bezpo\u015brednim kontakcie z dzie\u0107mi.<\/li>\n<li>Zakazuje si\u0119 transportu \u017cywno\u015bci i poruszania si\u0119 z w\u00f3zkami transportowymi \u00a0w trakcie pobytu dzieci w szatni lub korytarzach.<\/li>\n<\/ol>\n<ul>\n<li style=\"text-align: center\">8<\/li>\n<\/ul>\n<p>Ka\u017cda z os\u00f3b przebywaj\u0105ca na terenie plac\u00f3wki zobowi\u0105zana jest do zapoznania z tre\u015bci\u0105 wprowadzonej Procedury.<\/p>\n<ul>\n<li style=\"text-align: center\">9<\/li>\n<\/ul>\n<p>Ka\u017cda z os\u00f3b przebywaj\u0105ca na terenie plac\u00f3wki zobowi\u0105zana jest do przestrzegania wprowadzonej Procedury.<\/p>\n<ul>\n<li style=\"text-align: center\">10<\/li>\n<\/ul>\n<p>Procedura obowi\u0105zuje bezterminowo od 28 marca 2022 r.<\/p>\n<p>&nbsp;<\/p>\n<p>&nbsp;<\/p>\n<p>TELEFONY ALARMOWE<\/p>\n<p>693\u00a0900\u00a0908 \u00a0\u00a0\u00a0\u00a0\u00a0\u00a0 &#8211; Powiatowa Stacja Sanitarno-Epidemiologiczna<\/p>\n<p>71 361 46 90<\/p>\n<p>&nbsp;<\/p>\n<p>603\u00a0720\u00a0579\u00a0\u00a0\u00a0\u00a0\u00a0\u00a0\u00a0 &#8211; Wojew\u00f3dzka Stacja Sanitarno \u2013Epidemiologiczna<\/p>\n<p>693\u00a0900 908<\/p>\n<p>&nbsp;<\/p>\n<p>666\u00a0035\u00a0666\u00a0\u00a0\u00a0\u00a0\u00a0\u00a0\u00a0 &#8211; Pa\u0144stwowa Stacja Sanitarno \u2013Epidemiologiczna<\/p>\n<p>602\u00a0430\u00a0042\u00a0 \u00a0\u00a0\u00a0\u00a0\u00a0\u00a0\u00a0\u00a0\u00a0\u00a0\u00a0\u00a0\u00a0\u00a0\u00a0 (ca\u0142odobowe telefony dy\u017curne)<\/p>\n<p>&nbsp;<\/p>\n<p>71 39 57\u00a0520 \u00a0\u00a0\u00a0\u00a0\u00a0 &#8211; Wojew\u00f3dzki Szpital Specjalistyczny<br \/>\nim. J.\u00a0\u00a0\u00a0 Gromkowskiego, Oddzia\u0142 Chor\u00f3b Zaka\u017anych, Koszarowa 5<\/p>\n<p>&nbsp;<\/p>\n<p>71\u00a0770 31 51\u00a0\u00a0\u00a0\u00a0\u00a0\u00a0 &#8211; Klinika Pediatrii i Chor\u00f3b Infekcyjnych UM<br \/>\nwe Wroc\u0142awiu ul. Cha\u0142ubi\u0144skiego 2- 2a<\/p>\n<p>&nbsp;<\/p>\n<p>800\u00a0190\u00a0590 \u00a0\u00a0\u00a0\u00a0\u00a0\u00a0 &#8211; Ca\u0142odobowa infolinia NFZ<\/p>\n<p>&nbsp;<\/p>\n<p>71 770 22 22 \u00a0\u00a0\u00a0\u00a0\u00a0 &#8211; Centrum Zarz\u0105dzania Kryzysowego<\/p>\n","protected":false},"excerpt":{"rendered":"<p>Procedura bezpiecze\u0144stwa w Przedszkolu Nr 150 \u201eWeso\u0142e Nutki\u201d dla Rodzic\u00f3w\/ opiekun\u00f3w prawnych &#8211; aktualizacja z dnia 28.03.2022 r.- &nbsp; Podstawa prawna : ustawa z 14 grudnia 2016 r. Prawo o\u015bwiatowe [&hellip;]<\/p>\n","protected":false},"author":264,"featured_media":0,"parent":0,"menu_order":0,"comment_status":"closed","ping_status":"closed","template":"","meta":{"ngg_post_thumbnail":0,"footnotes":""},"class_list":["post-1928","page","type-page","status-publish","hentry","clearfix"],"_links":{"self":[{"href":"https:\/\/przedszkole150.edu.wroclaw.pl\/index.php\/wp-json\/wp\/v2\/pages\/1928","targetHints":{"allow":["GET"]}}],"collection":[{"href":"https:\/\/przedszkole150.edu.wroclaw.pl\/index.php\/wp-json\/wp\/v2\/pages"}],"about":[{"href":"https:\/\/przedszkole150.edu.wroclaw.pl\/index.php\/wp-json\/wp\/v2\/types\/page"}],"author":[{"embeddable":true,"href":"https:\/\/przedszkole150.edu.wroclaw.pl\/index.php\/wp-json\/wp\/v2\/users\/264"}],"replies":[{"embeddable":true,"href":"https:\/\/przedszkole150.edu.wroclaw.pl\/index.php\/wp-json\/wp\/v2\/comments?post=1928"}],"version-history":[{"count":5,"href":"https:\/\/przedszkole150.edu.wroclaw.pl\/index.php\/wp-json\/wp\/v2\/pages\/1928\/revisions"}],"predecessor-version":[{"id":2130,"href":"https:\/\/przedszkole150.edu.wroclaw.pl\/index.php\/wp-json\/wp\/v2\/pages\/1928\/revisions\/2130"}],"wp:attachment":[{"href":"https:\/\/przedszkole150.edu.wroclaw.pl\/index.php\/wp-json\/wp\/v2\/media?parent=1928"}],"curies":[{"name":"wp","href":"https:\/\/api.w.org\/{rel}","templated":true}]}}