
{"id":1988,"date":"2022-04-03T09:36:20","date_gmt":"2022-04-03T07:36:20","guid":{"rendered":"https:\/\/przedszkole150.edu.wroclaw.pl\/?page_id=1988"},"modified":"2022-04-03T09:36:20","modified_gmt":"2022-04-03T07:36:20","slug":"koncert-wiosenny","status":"publish","type":"page","link":"https:\/\/przedszkole150.edu.wroclaw.pl\/index.php\/koncert-wiosenny\/","title":{"rendered":"Koncert wiosenny"},"content":{"rendered":"<div class=\"wpb-content-wrapper\"><p>[vc_row][vc_column][vc_column_text]Dnia 22.03.2022 roku w naszym przedszkolu odby\u0142 si\u0119 koncert wiosenny. Ka\u017cda grupa przygotowa\u0142a piosenk\u0119 na przywitanie Pani wiosny. Nasz ogr\u00f3d przedszkolny zamieni\u0142 si\u0119 w \u0142\u0105k\u0119 wiosenn\u0105, na ktorej zamieszka\u0142y bociany, \u017caby oraz przer\u00f3\u017cne owady a Pani wiosna obieca\u0142a, \u017ce zago\u015bci u nas przez kilka miesi\u0119cy.<\/p>\n<p>[\/vc_column_text][vc_gallery type=&#8221;image_grid&#8221; images=&#8221;1989,1990,1991,1992&#8243;][\/vc_column][\/vc_row]<\/p>\n<\/div>","protected":false},"excerpt":{"rendered":"<p>[vc_row][vc_column][vc_column_text]Dnia 22.03.2022 roku w naszym przedszkolu odby\u0142 si\u0119 koncert wiosenny. Ka\u017cda grupa przygotowa\u0142a piosenk\u0119 na przywitanie Pani wiosny. Nasz ogr\u00f3d przedszkolny zamieni\u0142 si\u0119 w \u0142\u0105k\u0119 wiosenn\u0105, na ktorej zamieszka\u0142y bociany, [&hellip;]<\/p>\n","protected":false},"author":264,"featured_media":0,"parent":0,"menu_order":0,"comment_status":"closed","ping_status":"closed","template":"","meta":{"ngg_post_thumbnail":0,"footnotes":""},"class_list":["post-1988","page","type-page","status-publish","hentry","clearfix"],"_links":{"self":[{"href":"https:\/\/przedszkole150.edu.wroclaw.pl\/index.php\/wp-json\/wp\/v2\/pages\/1988","targetHints":{"allow":["GET"]}}],"collection":[{"href":"https:\/\/przedszkole150.edu.wroclaw.pl\/index.php\/wp-json\/wp\/v2\/pages"}],"about":[{"href":"https:\/\/przedszkole150.edu.wroclaw.pl\/index.php\/wp-json\/wp\/v2\/types\/page"}],"author":[{"embeddable":true,"href":"https:\/\/przedszkole150.edu.wroclaw.pl\/index.php\/wp-json\/wp\/v2\/users\/264"}],"replies":[{"embeddable":true,"href":"https:\/\/przedszkole150.edu.wroclaw.pl\/index.php\/wp-json\/wp\/v2\/comments?post=1988"}],"version-history":[{"count":1,"href":"https:\/\/przedszkole150.edu.wroclaw.pl\/index.php\/wp-json\/wp\/v2\/pages\/1988\/revisions"}],"predecessor-version":[{"id":1993,"href":"https:\/\/przedszkole150.edu.wroclaw.pl\/index.php\/wp-json\/wp\/v2\/pages\/1988\/revisions\/1993"}],"wp:attachment":[{"href":"https:\/\/przedszkole150.edu.wroclaw.pl\/index.php\/wp-json\/wp\/v2\/media?parent=1988"}],"curies":[{"name":"wp","href":"https:\/\/api.w.org\/{rel}","templated":true}]}}