
{"id":2012,"date":"2022-04-03T10:09:08","date_gmt":"2022-04-03T08:09:08","guid":{"rendered":"https:\/\/przedszkole150.edu.wroclaw.pl\/?page_id=2012"},"modified":"2022-04-03T10:09:08","modified_gmt":"2022-04-03T08:09:08","slug":"wyroznienie-drzewo","status":"publish","type":"page","link":"https:\/\/przedszkole150.edu.wroclaw.pl\/index.php\/wyroznienie-drzewo\/","title":{"rendered":"Wyr\u00f3\u017cnienie &#8222;Drzewo&#8230;"},"content":{"rendered":"<div class=\"wpb-content-wrapper\"><p>[vc_row][vc_column][vc_column_text]Adrian z grupy VIII zdoby\u0142 wyr\u00f3\u017cnienie w konkursie ,,Drzewa wok\u00f3\u0142 nas&#8221;. Gratulujemy i \u017cyczymy dalszych sukces\u00f3w!<\/p>\n<p>[\/vc_column_text][vc_gallery type=&#8221;image_grid&#8221; images=&#8221;1066&#8243;][\/vc_column][\/vc_row]<\/p>\n<\/div>","protected":false},"excerpt":{"rendered":"<p>[vc_row][vc_column][vc_column_text]Adrian z grupy VIII zdoby\u0142 wyr\u00f3\u017cnienie w konkursie ,,Drzewa wok\u00f3\u0142 nas&#8221;. Gratulujemy i \u017cyczymy dalszych sukces\u00f3w! [\/vc_column_text][vc_gallery type=&#8221;image_grid&#8221; images=&#8221;1066&#8243;][\/vc_column][\/vc_row]<\/p>\n","protected":false},"author":264,"featured_media":0,"parent":0,"menu_order":0,"comment_status":"closed","ping_status":"closed","template":"","meta":{"ngg_post_thumbnail":0,"footnotes":""},"class_list":["post-2012","page","type-page","status-publish","hentry","clearfix"],"_links":{"self":[{"href":"https:\/\/przedszkole150.edu.wroclaw.pl\/index.php\/wp-json\/wp\/v2\/pages\/2012","targetHints":{"allow":["GET"]}}],"collection":[{"href":"https:\/\/przedszkole150.edu.wroclaw.pl\/index.php\/wp-json\/wp\/v2\/pages"}],"about":[{"href":"https:\/\/przedszkole150.edu.wroclaw.pl\/index.php\/wp-json\/wp\/v2\/types\/page"}],"author":[{"embeddable":true,"href":"https:\/\/przedszkole150.edu.wroclaw.pl\/index.php\/wp-json\/wp\/v2\/users\/264"}],"replies":[{"embeddable":true,"href":"https:\/\/przedszkole150.edu.wroclaw.pl\/index.php\/wp-json\/wp\/v2\/comments?post=2012"}],"version-history":[{"count":1,"href":"https:\/\/przedszkole150.edu.wroclaw.pl\/index.php\/wp-json\/wp\/v2\/pages\/2012\/revisions"}],"predecessor-version":[{"id":2013,"href":"https:\/\/przedszkole150.edu.wroclaw.pl\/index.php\/wp-json\/wp\/v2\/pages\/2012\/revisions\/2013"}],"wp:attachment":[{"href":"https:\/\/przedszkole150.edu.wroclaw.pl\/index.php\/wp-json\/wp\/v2\/media?parent=2012"}],"curies":[{"name":"wp","href":"https:\/\/api.w.org\/{rel}","templated":true}]}}