
{"id":2020,"date":"2022-04-03T10:25:35","date_gmt":"2022-04-03T08:25:35","guid":{"rendered":"https:\/\/przedszkole150.edu.wroclaw.pl\/?page_id=2020"},"modified":"2022-04-03T10:25:35","modified_gmt":"2022-04-03T08:25:35","slug":"wzbogacenie-biblioteczki-przedszkolnej","status":"publish","type":"page","link":"https:\/\/przedszkole150.edu.wroclaw.pl\/index.php\/wzbogacenie-biblioteczki-przedszkolnej\/","title":{"rendered":"Wzbogacenie biblioteczki przedszkolnej"},"content":{"rendered":"<div class=\"wpb-content-wrapper\"><p>[vc_row][vc_column][vc_column_text]Mi\u0142o nam poinformowa\u0107, \u017ce w ramach\u00a0<strong>PROGRAMU\u00a0 ROZWOJU CZYTELNICTWA 2.0. na lata 2021-2025\u201d Priorytet 3,\u00a0<\/strong>nasze przedszkole pozyska\u0142o dla ka\u017cdej grupy przedszkolnej ksi\u0105\u017cki, kt\u00f3re wzbogac\u0105 nasz\u0105\u00a0 biblioteczk\u0119 przedszkoln\u0105.<\/p>\n<div id=\"pe-gallery-1\" class=\"pe-gallery pe-gallery-1332 columns-3 img-size-medium\">\n<div class=\"pe-row\">\n<div class=\"col-md-4\"><\/div>\n<\/div>\n<\/div>\n<p>[\/vc_column_text][vc_gallery type=&#8221;image_grid&#8221; images=&#8221;1343,1342,1341,1340,1335,1336,1337,1338,1339&#8243;][\/vc_column][\/vc_row]<\/p>\n<\/div>","protected":false},"excerpt":{"rendered":"<p>[vc_row][vc_column][vc_column_text]Mi\u0142o nam poinformowa\u0107, \u017ce w ramach\u00a0PROGRAMU\u00a0 ROZWOJU CZYTELNICTWA 2.0. na lata 2021-2025\u201d Priorytet 3,\u00a0nasze przedszkole pozyska\u0142o dla ka\u017cdej grupy przedszkolnej ksi\u0105\u017cki, kt\u00f3re wzbogac\u0105 nasz\u0105\u00a0 biblioteczk\u0119 przedszkoln\u0105. [\/vc_column_text][vc_gallery type=&#8221;image_grid&#8221; images=&#8221;1343,1342,1341,1340,1335,1336,1337,1338,1339&#8243;][\/vc_column][\/vc_row]<\/p>\n","protected":false},"author":264,"featured_media":0,"parent":0,"menu_order":0,"comment_status":"closed","ping_status":"closed","template":"","meta":{"ngg_post_thumbnail":0,"footnotes":""},"class_list":["post-2020","page","type-page","status-publish","hentry","clearfix"],"_links":{"self":[{"href":"https:\/\/przedszkole150.edu.wroclaw.pl\/index.php\/wp-json\/wp\/v2\/pages\/2020","targetHints":{"allow":["GET"]}}],"collection":[{"href":"https:\/\/przedszkole150.edu.wroclaw.pl\/index.php\/wp-json\/wp\/v2\/pages"}],"about":[{"href":"https:\/\/przedszkole150.edu.wroclaw.pl\/index.php\/wp-json\/wp\/v2\/types\/page"}],"author":[{"embeddable":true,"href":"https:\/\/przedszkole150.edu.wroclaw.pl\/index.php\/wp-json\/wp\/v2\/users\/264"}],"replies":[{"embeddable":true,"href":"https:\/\/przedszkole150.edu.wroclaw.pl\/index.php\/wp-json\/wp\/v2\/comments?post=2020"}],"version-history":[{"count":1,"href":"https:\/\/przedszkole150.edu.wroclaw.pl\/index.php\/wp-json\/wp\/v2\/pages\/2020\/revisions"}],"predecessor-version":[{"id":2021,"href":"https:\/\/przedszkole150.edu.wroclaw.pl\/index.php\/wp-json\/wp\/v2\/pages\/2020\/revisions\/2021"}],"wp:attachment":[{"href":"https:\/\/przedszkole150.edu.wroclaw.pl\/index.php\/wp-json\/wp\/v2\/media?parent=2020"}],"curies":[{"name":"wp","href":"https:\/\/api.w.org\/{rel}","templated":true}]}}