
{"id":2054,"date":"2022-04-10T09:46:54","date_gmt":"2022-04-10T07:46:54","guid":{"rendered":"https:\/\/przedszkole150.edu.wroclaw.pl\/?page_id=2054"},"modified":"2022-04-10T09:46:54","modified_gmt":"2022-04-10T07:46:54","slug":"wizyta-w-bibliotece","status":"publish","type":"page","link":"https:\/\/przedszkole150.edu.wroclaw.pl\/index.php\/wizyta-w-bibliotece\/","title":{"rendered":"Wizyta w bibliotece"},"content":{"rendered":"<div class=\"wpb-content-wrapper\"><p>[vc_row][vc_column][vc_column_text]<\/p>\n<div>Dzieci z naszego przedszkola wzi\u0119\u0142y udzia\u0142 w zaj\u0119ciach edukacyjnych, na kt\u00f3re zaproszone zosta\u0142y do naszej zaprzyja\u017anionej Biblioteki Miejskiej Nr 16 przy ul.Kolistej.<\/div>\n<div>W otoczeniu setek ksi\u0105\u017cek i ksi\u0105\u017ceczek dzieci mia\u0142y\u00a0 okazj\u0119 zapozna\u0107 si\u0119 funkcjonowaniem biblioteki oraz dowiedzia\u0142y si\u0119 co nale\u017cy zrobi\u0107, aby zosta\u0107 czytelnikiem.<\/div>\n<div><\/div>\n<div>W podzi\u0119kowaniu za wsp\u00f3\u0142prac\u0119 z naszym przedszkolem, ka\u017cda grupa podarowa\u0142a bibliotece w\u0142asnor\u0119cznie wykonane zak\u0142adki do ksi\u0105\u017cek, kt\u00f3re podziwia\u0107 mo\u017cna na ekspozycji.<\/div>\n<div><\/div>\n<div>Serdecznie dzi\u0119kujemy MBP Nr16 za zorganizowanie zaj\u0119\u0107.<\/div>\n<p>[\/vc_column_text][vc_gallery type=&#8221;image_grid&#8221; images=&#8221;2055,2056,2057&#8243;][\/vc_column][\/vc_row]<\/p>\n<\/div>","protected":false},"excerpt":{"rendered":"<p>[vc_row][vc_column][vc_column_text] Dzieci z naszego przedszkola wzi\u0119\u0142y udzia\u0142 w zaj\u0119ciach edukacyjnych, na kt\u00f3re zaproszone zosta\u0142y do naszej zaprzyja\u017anionej Biblioteki Miejskiej Nr 16 przy ul.Kolistej. W otoczeniu setek ksi\u0105\u017cek i ksi\u0105\u017ceczek dzieci [&hellip;]<\/p>\n","protected":false},"author":264,"featured_media":0,"parent":0,"menu_order":0,"comment_status":"closed","ping_status":"closed","template":"","meta":{"ngg_post_thumbnail":0,"footnotes":""},"class_list":["post-2054","page","type-page","status-publish","hentry","clearfix"],"_links":{"self":[{"href":"https:\/\/przedszkole150.edu.wroclaw.pl\/index.php\/wp-json\/wp\/v2\/pages\/2054","targetHints":{"allow":["GET"]}}],"collection":[{"href":"https:\/\/przedszkole150.edu.wroclaw.pl\/index.php\/wp-json\/wp\/v2\/pages"}],"about":[{"href":"https:\/\/przedszkole150.edu.wroclaw.pl\/index.php\/wp-json\/wp\/v2\/types\/page"}],"author":[{"embeddable":true,"href":"https:\/\/przedszkole150.edu.wroclaw.pl\/index.php\/wp-json\/wp\/v2\/users\/264"}],"replies":[{"embeddable":true,"href":"https:\/\/przedszkole150.edu.wroclaw.pl\/index.php\/wp-json\/wp\/v2\/comments?post=2054"}],"version-history":[{"count":1,"href":"https:\/\/przedszkole150.edu.wroclaw.pl\/index.php\/wp-json\/wp\/v2\/pages\/2054\/revisions"}],"predecessor-version":[{"id":2058,"href":"https:\/\/przedszkole150.edu.wroclaw.pl\/index.php\/wp-json\/wp\/v2\/pages\/2054\/revisions\/2058"}],"wp:attachment":[{"href":"https:\/\/przedszkole150.edu.wroclaw.pl\/index.php\/wp-json\/wp\/v2\/media?parent=2054"}],"curies":[{"name":"wp","href":"https:\/\/api.w.org\/{rel}","templated":true}]}}