
{"id":2167,"date":"2022-05-05T15:49:43","date_gmt":"2022-05-05T13:49:43","guid":{"rendered":"https:\/\/przedszkole150.edu.wroclaw.pl\/?page_id=2167"},"modified":"2022-05-13T14:47:59","modified_gmt":"2022-05-13T12:47:59","slug":"obraz-radosny","status":"publish","type":"page","link":"https:\/\/przedszkole150.edu.wroclaw.pl\/index.php\/obraz-radosny\/","title":{"rendered":"Obraz radosny&#8230;"},"content":{"rendered":"<div class=\"wpb-content-wrapper\"><p>[vc_row][vc_column][vc_column_text]Helena K. z gr. VI otrzyma\u0142a wyr\u00f3\u017cnienie a Maja P. z gr. I wzi\u0119\u0142a udzia\u0142 w XVI edycji mi\u0119dzyprzedszkolnego konkursu plastyczno \u2013 literackiego \u201eObraz radosny Pani Wiosny\u201d.<\/p>\n<p>Organizator konkursu Przedszkole Nr 123 we Wroc\u0142awiu.<\/p>\n<p>Cele konkursu:<\/p>\n<p>\u00b7 kszta\u0142towanie wyobra\u017ani plastycznej<\/p>\n<p>\u00b7 inspirowanie wiosenn\u0105 tematyk\u0105<\/p>\n<p>\u00b7 popularyzacja w\u0142asnej tw\u00f3rczo\u015bci literackiej o tematyce wiosennej<\/p>\n<p>\u00b7 rozwijanie i doskonalenie mo\u017cliwo\u015bci tw\u00f3rczych dzieci poprzez dzia\u0142ania plastyczne w r\u00f3\u017cnych materia\u0142ach, technikach i formach<\/p>\n<p>\u00b7 popularyzowanie wiedzy o wiosennych barwach<\/p>\n<p>Rozstrzygni\u0119cie konkursu nast\u0105pi\u0142o 22.04.2022r.<\/p>\n<p>Uczestniczki konkursu oraz ich opiekunowie otrzyma\u0142y dyplomy uczestnictwa i wyr\u00f3\u017cnienia w konkursie.<\/p>\n<p>[\/vc_column_text][vc_gallery type=&#8221;image_grid&#8221; images=&#8221;2199,2169,2170&#8243;][\/vc_column][\/vc_row]<\/p>\n<\/div>","protected":false},"excerpt":{"rendered":"<p>[vc_row][vc_column][vc_column_text]Helena K. z gr. VI otrzyma\u0142a wyr\u00f3\u017cnienie a Maja P. z gr. I wzi\u0119\u0142a udzia\u0142 w XVI edycji mi\u0119dzyprzedszkolnego konkursu plastyczno \u2013 literackiego \u201eObraz radosny Pani Wiosny\u201d. Organizator konkursu Przedszkole [&hellip;]<\/p>\n","protected":false},"author":264,"featured_media":0,"parent":0,"menu_order":0,"comment_status":"closed","ping_status":"closed","template":"","meta":{"ngg_post_thumbnail":0,"footnotes":""},"class_list":["post-2167","page","type-page","status-publish","hentry","clearfix"],"_links":{"self":[{"href":"https:\/\/przedszkole150.edu.wroclaw.pl\/index.php\/wp-json\/wp\/v2\/pages\/2167","targetHints":{"allow":["GET"]}}],"collection":[{"href":"https:\/\/przedszkole150.edu.wroclaw.pl\/index.php\/wp-json\/wp\/v2\/pages"}],"about":[{"href":"https:\/\/przedszkole150.edu.wroclaw.pl\/index.php\/wp-json\/wp\/v2\/types\/page"}],"author":[{"embeddable":true,"href":"https:\/\/przedszkole150.edu.wroclaw.pl\/index.php\/wp-json\/wp\/v2\/users\/264"}],"replies":[{"embeddable":true,"href":"https:\/\/przedszkole150.edu.wroclaw.pl\/index.php\/wp-json\/wp\/v2\/comments?post=2167"}],"version-history":[{"count":3,"href":"https:\/\/przedszkole150.edu.wroclaw.pl\/index.php\/wp-json\/wp\/v2\/pages\/2167\/revisions"}],"predecessor-version":[{"id":2200,"href":"https:\/\/przedszkole150.edu.wroclaw.pl\/index.php\/wp-json\/wp\/v2\/pages\/2167\/revisions\/2200"}],"wp:attachment":[{"href":"https:\/\/przedszkole150.edu.wroclaw.pl\/index.php\/wp-json\/wp\/v2\/media?parent=2167"}],"curies":[{"name":"wp","href":"https:\/\/api.w.org\/{rel}","templated":true}]}}