
{"id":2172,"date":"2022-05-05T15:53:55","date_gmt":"2022-05-05T13:53:55","guid":{"rendered":"https:\/\/przedszkole150.edu.wroclaw.pl\/?page_id=2172"},"modified":"2022-05-13T14:56:39","modified_gmt":"2022-05-13T12:56:39","slug":"wiosenne-kwiaty","status":"publish","type":"page","link":"https:\/\/przedszkole150.edu.wroclaw.pl\/index.php\/wiosenne-kwiaty\/","title":{"rendered":"Wiosenne kwiaty"},"content":{"rendered":"<div class=\"wpb-content-wrapper\"><p>[vc_row][vc_column][vc_column_text]Klara O. z gr. I otrzyma\u0142a wyr\u00f3\u017cnienie a Yeva K. z gr. VI wzi\u0119\u0142a udzia\u0142 w mi\u0119dzyprzedszkolnym konkursie plastycznym pt. \u201eWiosenne kwiaty\u201d. Organizator konkursu Przedszkole Nr 59 \u201eU Krasnala Pod Narcyzem\u201d we Wroc\u0142awiu.<\/p>\n<p>Cele konkursu:<\/p>\n<p>\u00b7 Zaobserwowanie zmian zachodz\u0105cych w przyrodzie wiosn\u0105;<\/p>\n<p>\u00b7 Rozbudzanie wra\u017cliwo\u015bci estetycznej i wyobra\u017ani;<\/p>\n<p>\u00b7 Wzmacnianie wiary we w\u0142asne mo\u017cliwo\u015bci;<\/p>\n<p>\u00b7 Prezentacja talent\u00f3w plastycznych.<\/p>\n<p>Rozstrzygni\u0119cie konkursu nast\u0105pi\u0142o 15.04.2022r.<\/p>\n<p>Uczestniczki konkursu oraz ich opiekunowie otrzyma\u0142y dyplomy wyr\u00f3\u017cnienia i uczestnictwa w konkursie.<\/p>\n<p>[\/vc_column_text][vc_gallery type=&#8221;image_grid&#8221; images=&#8221;2201,2202,2174,2173&#8243;][\/vc_column][\/vc_row]<\/p>\n<\/div>","protected":false},"excerpt":{"rendered":"<p>[vc_row][vc_column][vc_column_text]Klara O. z gr. I otrzyma\u0142a wyr\u00f3\u017cnienie a Yeva K. z gr. VI wzi\u0119\u0142a udzia\u0142 w mi\u0119dzyprzedszkolnym konkursie plastycznym pt. \u201eWiosenne kwiaty\u201d. Organizator konkursu Przedszkole Nr 59 \u201eU Krasnala Pod [&hellip;]<\/p>\n","protected":false},"author":264,"featured_media":0,"parent":0,"menu_order":0,"comment_status":"closed","ping_status":"closed","template":"","meta":{"ngg_post_thumbnail":0,"footnotes":""},"class_list":["post-2172","page","type-page","status-publish","hentry","clearfix"],"_links":{"self":[{"href":"https:\/\/przedszkole150.edu.wroclaw.pl\/index.php\/wp-json\/wp\/v2\/pages\/2172","targetHints":{"allow":["GET"]}}],"collection":[{"href":"https:\/\/przedszkole150.edu.wroclaw.pl\/index.php\/wp-json\/wp\/v2\/pages"}],"about":[{"href":"https:\/\/przedszkole150.edu.wroclaw.pl\/index.php\/wp-json\/wp\/v2\/types\/page"}],"author":[{"embeddable":true,"href":"https:\/\/przedszkole150.edu.wroclaw.pl\/index.php\/wp-json\/wp\/v2\/users\/264"}],"replies":[{"embeddable":true,"href":"https:\/\/przedszkole150.edu.wroclaw.pl\/index.php\/wp-json\/wp\/v2\/comments?post=2172"}],"version-history":[{"count":3,"href":"https:\/\/przedszkole150.edu.wroclaw.pl\/index.php\/wp-json\/wp\/v2\/pages\/2172\/revisions"}],"predecessor-version":[{"id":2204,"href":"https:\/\/przedszkole150.edu.wroclaw.pl\/index.php\/wp-json\/wp\/v2\/pages\/2172\/revisions\/2204"}],"wp:attachment":[{"href":"https:\/\/przedszkole150.edu.wroclaw.pl\/index.php\/wp-json\/wp\/v2\/media?parent=2172"}],"curies":[{"name":"wp","href":"https:\/\/api.w.org\/{rel}","templated":true}]}}