
{"id":2179,"date":"2022-05-05T16:01:34","date_gmt":"2022-05-05T14:01:34","guid":{"rendered":"https:\/\/przedszkole150.edu.wroclaw.pl\/?page_id=2179"},"modified":"2022-05-05T16:01:34","modified_gmt":"2022-05-05T14:01:34","slug":"wycieczka-do-szkoly-muzycznej","status":"publish","type":"page","link":"https:\/\/przedszkole150.edu.wroclaw.pl\/index.php\/wycieczka-do-szkoly-muzycznej\/","title":{"rendered":"Wycieczka do szko\u0142y muzycznej"},"content":{"rendered":"<div class=\"wpb-content-wrapper\"><p>[vc_row][vc_column][vc_column_text]WYCIECZKA DO OG\u00d3LNOKSZTA\u0141C\u0104CEJ SZKO\u0141Y MUZYCZNEJ I I II STOPNIA IM. KAROLA SZYMANOWSKIEGO WE WROC\u0141AWIU.<\/p>\n<p>&nbsp;<\/p>\n<p>Dzieci z gr. VI oraz X uczestniczy\u0142y w wycieczce do Og\u00f3lnokszta\u0142c\u0105cej Szko\u0142y Muzycznej I i II stopnia im. Karola Szymanowskiego we Wroc\u0142awiu. Podczas wycieczki dzieci wzi\u0119\u0142y udzia\u0142 w wyj\u0105tkowym koncercie muzycznym pt. \u201eMagiczne Podr\u00f3\u017ce Pirat\u00f3w\u201d. W trakcie koncertu dzieci oraz Piratki \u2013 przewodniczki odwiedza\u0142y muzyczne wyspy, kt\u00f3re umo\u017cliwia\u0142y odkrywanie tajemnic instrument\u00f3w muzycznych.[\/vc_column_text][vc_gallery type=&#8221;image_grid&#8221; images=&#8221;2180,2181,2182&#8243;][\/vc_column][\/vc_row]<\/p>\n<\/div>","protected":false},"excerpt":{"rendered":"<p>[vc_row][vc_column][vc_column_text]WYCIECZKA DO OG\u00d3LNOKSZTA\u0141C\u0104CEJ SZKO\u0141Y MUZYCZNEJ I I II STOPNIA IM. KAROLA SZYMANOWSKIEGO WE WROC\u0141AWIU. &nbsp; Dzieci z gr. VI oraz X uczestniczy\u0142y w wycieczce do Og\u00f3lnokszta\u0142c\u0105cej Szko\u0142y Muzycznej I i [&hellip;]<\/p>\n","protected":false},"author":264,"featured_media":0,"parent":0,"menu_order":0,"comment_status":"closed","ping_status":"closed","template":"","meta":{"ngg_post_thumbnail":0,"footnotes":""},"class_list":["post-2179","page","type-page","status-publish","hentry","clearfix"],"_links":{"self":[{"href":"https:\/\/przedszkole150.edu.wroclaw.pl\/index.php\/wp-json\/wp\/v2\/pages\/2179","targetHints":{"allow":["GET"]}}],"collection":[{"href":"https:\/\/przedszkole150.edu.wroclaw.pl\/index.php\/wp-json\/wp\/v2\/pages"}],"about":[{"href":"https:\/\/przedszkole150.edu.wroclaw.pl\/index.php\/wp-json\/wp\/v2\/types\/page"}],"author":[{"embeddable":true,"href":"https:\/\/przedszkole150.edu.wroclaw.pl\/index.php\/wp-json\/wp\/v2\/users\/264"}],"replies":[{"embeddable":true,"href":"https:\/\/przedszkole150.edu.wroclaw.pl\/index.php\/wp-json\/wp\/v2\/comments?post=2179"}],"version-history":[{"count":1,"href":"https:\/\/przedszkole150.edu.wroclaw.pl\/index.php\/wp-json\/wp\/v2\/pages\/2179\/revisions"}],"predecessor-version":[{"id":2183,"href":"https:\/\/przedszkole150.edu.wroclaw.pl\/index.php\/wp-json\/wp\/v2\/pages\/2179\/revisions\/2183"}],"wp:attachment":[{"href":"https:\/\/przedszkole150.edu.wroclaw.pl\/index.php\/wp-json\/wp\/v2\/media?parent=2179"}],"curies":[{"name":"wp","href":"https:\/\/api.w.org\/{rel}","templated":true}]}}