
{"id":2228,"date":"2022-05-22T09:17:07","date_gmt":"2022-05-22T07:17:07","guid":{"rendered":"https:\/\/przedszkole150.edu.wroclaw.pl\/?page_id=2228"},"modified":"2022-05-22T09:17:07","modified_gmt":"2022-05-22T07:17:07","slug":"laurka-dla-straznikow-lasu","status":"publish","type":"page","link":"https:\/\/przedszkole150.edu.wroclaw.pl\/index.php\/laurka-dla-straznikow-lasu\/","title":{"rendered":"Laurka dla Stra\u017cnik\u00f3w lasu"},"content":{"rendered":"<div class=\"wpb-content-wrapper\"><p>[vc_row][vc_column][vc_column_text]Nasze Przedszkole otrzyma\u0142o Certyfikat udzia\u0142u w og\u00f3lnopolskiej akcji \u201eLaurka dla Stra\u017cnik\u00f3w Las\u00f3w\u201d<\/p>\n<p>Akcja odby\u0142a si\u0119 w zwi\u0105zku z przypadaj\u0105cym na dzie\u0144 4 maja dzie\u0144 Stra\u017caka oraz przypadaj\u0105cym na dzie\u0144 5 maja dzie\u0144 Le\u015bnika. W ramach akcji przygotowana zosta\u0142a wirtualna Giga interaktywna laurka, kt\u00f3ra sk\u0142ada\u0142a si\u0119 z laurek namalowanych przez przedszkolaki i dzieci m\u0142odszych klas szk\u00f3\u0142 podstawowych z ca\u0142ego kraju.<\/p>\n<p>Giga laurka zosta\u0142a dostarczona do stra\u017cak\u00f3w i le\u015bnik\u00f3w z ca\u0142ej Polski.<\/p>\n<p>Organizatorem akcji by\u0142a Fabryka Aktywno\u015bci M\u0142odych.[\/vc_column_text][vc_gallery type=&#8221;image_grid&#8221; images=&#8221;2229&#8243;][\/vc_column][\/vc_row]<\/p>\n<\/div>","protected":false},"excerpt":{"rendered":"<p>[vc_row][vc_column][vc_column_text]Nasze Przedszkole otrzyma\u0142o Certyfikat udzia\u0142u w og\u00f3lnopolskiej akcji \u201eLaurka dla Stra\u017cnik\u00f3w Las\u00f3w\u201d Akcja odby\u0142a si\u0119 w zwi\u0105zku z przypadaj\u0105cym na dzie\u0144 4 maja dzie\u0144 Stra\u017caka oraz przypadaj\u0105cym na dzie\u0144 5 [&hellip;]<\/p>\n","protected":false},"author":264,"featured_media":0,"parent":0,"menu_order":0,"comment_status":"closed","ping_status":"closed","template":"","meta":{"ngg_post_thumbnail":0,"footnotes":""},"class_list":["post-2228","page","type-page","status-publish","hentry","clearfix"],"_links":{"self":[{"href":"https:\/\/przedszkole150.edu.wroclaw.pl\/index.php\/wp-json\/wp\/v2\/pages\/2228","targetHints":{"allow":["GET"]}}],"collection":[{"href":"https:\/\/przedszkole150.edu.wroclaw.pl\/index.php\/wp-json\/wp\/v2\/pages"}],"about":[{"href":"https:\/\/przedszkole150.edu.wroclaw.pl\/index.php\/wp-json\/wp\/v2\/types\/page"}],"author":[{"embeddable":true,"href":"https:\/\/przedszkole150.edu.wroclaw.pl\/index.php\/wp-json\/wp\/v2\/users\/264"}],"replies":[{"embeddable":true,"href":"https:\/\/przedszkole150.edu.wroclaw.pl\/index.php\/wp-json\/wp\/v2\/comments?post=2228"}],"version-history":[{"count":1,"href":"https:\/\/przedszkole150.edu.wroclaw.pl\/index.php\/wp-json\/wp\/v2\/pages\/2228\/revisions"}],"predecessor-version":[{"id":2230,"href":"https:\/\/przedszkole150.edu.wroclaw.pl\/index.php\/wp-json\/wp\/v2\/pages\/2228\/revisions\/2230"}],"wp:attachment":[{"href":"https:\/\/przedszkole150.edu.wroclaw.pl\/index.php\/wp-json\/wp\/v2\/media?parent=2228"}],"curies":[{"name":"wp","href":"https:\/\/api.w.org\/{rel}","templated":true}]}}