
{"id":2232,"date":"2022-05-22T09:22:31","date_gmt":"2022-05-22T07:22:31","guid":{"rendered":"https:\/\/przedszkole150.edu.wroclaw.pl\/?page_id=2232"},"modified":"2022-05-22T09:22:31","modified_gmt":"2022-05-22T07:22:31","slug":"czytanie-jest-super","status":"publish","type":"page","link":"https:\/\/przedszkole150.edu.wroclaw.pl\/index.php\/czytanie-jest-super\/","title":{"rendered":"Czytanie jest super!"},"content":{"rendered":"<div class=\"wpb-content-wrapper\"><p>[vc_row][vc_column][vc_column_text]Wczoraj grupa VII, w czasie ciszy poobiedniej, wys\u0142ucha\u0142a kilku utwor\u00f3w Tuwima i Brzechwy. Dzieci wybiera\u0142y, kt\u00f3ry wiersz podoba im si\u0119 najbardziej. W wolnym czasie narysowa\u0142y autoportrety, dodali\u015bmy do tego &#8222;ksi\u0105\u017ceczki&#8221; i powsta\u0142a taka oto wystawka. Gratulujemy kreatywno\u015bci!<\/p>\n<p>[\/vc_column_text][vc_gallery type=&#8221;image_grid&#8221; images=&#8221;2233,2234,2235&#8243;][\/vc_column][\/vc_row]<\/p>\n<\/div>","protected":false},"excerpt":{"rendered":"<p>[vc_row][vc_column][vc_column_text]Wczoraj grupa VII, w czasie ciszy poobiedniej, wys\u0142ucha\u0142a kilku utwor\u00f3w Tuwima i Brzechwy. Dzieci wybiera\u0142y, kt\u00f3ry wiersz podoba im si\u0119 najbardziej. W wolnym czasie narysowa\u0142y autoportrety, dodali\u015bmy do tego &#8222;ksi\u0105\u017ceczki&#8221; [&hellip;]<\/p>\n","protected":false},"author":264,"featured_media":0,"parent":0,"menu_order":0,"comment_status":"closed","ping_status":"closed","template":"","meta":{"ngg_post_thumbnail":0,"footnotes":""},"class_list":["post-2232","page","type-page","status-publish","hentry","clearfix"],"_links":{"self":[{"href":"https:\/\/przedszkole150.edu.wroclaw.pl\/index.php\/wp-json\/wp\/v2\/pages\/2232","targetHints":{"allow":["GET"]}}],"collection":[{"href":"https:\/\/przedszkole150.edu.wroclaw.pl\/index.php\/wp-json\/wp\/v2\/pages"}],"about":[{"href":"https:\/\/przedszkole150.edu.wroclaw.pl\/index.php\/wp-json\/wp\/v2\/types\/page"}],"author":[{"embeddable":true,"href":"https:\/\/przedszkole150.edu.wroclaw.pl\/index.php\/wp-json\/wp\/v2\/users\/264"}],"replies":[{"embeddable":true,"href":"https:\/\/przedszkole150.edu.wroclaw.pl\/index.php\/wp-json\/wp\/v2\/comments?post=2232"}],"version-history":[{"count":1,"href":"https:\/\/przedszkole150.edu.wroclaw.pl\/index.php\/wp-json\/wp\/v2\/pages\/2232\/revisions"}],"predecessor-version":[{"id":2236,"href":"https:\/\/przedszkole150.edu.wroclaw.pl\/index.php\/wp-json\/wp\/v2\/pages\/2232\/revisions\/2236"}],"wp:attachment":[{"href":"https:\/\/przedszkole150.edu.wroclaw.pl\/index.php\/wp-json\/wp\/v2\/media?parent=2232"}],"curies":[{"name":"wp","href":"https:\/\/api.w.org\/{rel}","templated":true}]}}