
{"id":2269,"date":"2022-06-01T15:27:06","date_gmt":"2022-06-01T13:27:06","guid":{"rendered":"https:\/\/przedszkole150.edu.wroclaw.pl\/?page_id=2269"},"modified":"2022-06-02T13:15:13","modified_gmt":"2022-06-02T11:15:13","slug":"pszczoly-nasi-mali-przyjaciele","status":"publish","type":"page","link":"https:\/\/przedszkole150.edu.wroclaw.pl\/index.php\/pszczoly-nasi-mali-przyjaciele\/","title":{"rendered":"Pszczo\u0142y &#8211; nasi mali przyjaciele"},"content":{"rendered":"<div class=\"wpb-content-wrapper\"><p>[vc_row][vc_column][vc_column_text]<\/p>\n<p class=\"Standard\" style=\"text-align: center\"><span style=\"font-size: 18pt\">OG\u00d3LNOPOLSKI KONKURS PLASTYCZNY \u201ePSZCZO\u0141Y &#8211; NASI MALI PRZYJACIELE\u201d<\/span><\/p>\n<p class=\"Standard\">Alicja T. (gr. I), Matylda W. (gr. VI), Nela W. (gr. VII), Iga D. (gr. VIII) wzi\u0119\u0142y udzia\u0142 w Og\u00f3lnopolskim konkursie plastycznym \u201ePszczo\u0142y &#8211; nasi mali przyjaciele\u201d.<\/p>\n<p>&nbsp;<\/p>\n<p class=\"Standard\"><strong>Cele Konkursu:<\/strong><\/p>\n<p class=\"Standard\">&#8211; popularyzacja wiedzy na temat \u017cycia pszcz\u00f3\u0142 oraz ich znaczenia dla cz\u0142owieka i \u015brodowiska naturalnego,<\/p>\n<p class=\"Standard\">&#8211; rozbudzanie zainteresowania \u015bwiatem przyrody, uwra\u017cliwienie na jej pi\u0119kno i potrzeby,<\/p>\n<p class=\"Standard\">&#8211; zach\u0119canie dzieci do obserwowania otoczenia przyrodniczego i wyra\u017cania swoich spostrze\u017ce\u0144 w formie plastycznej,<\/p>\n<p class=\"Standard\">&#8211; rozwijanie fantazji, kreatywno\u015bci i wra\u017cliwo\u015bci artystycznej,<\/p>\n<p class=\"Standard\">&#8211; umo\u017cliwienie dzieciom zaprezentowania swoich talent\u00f3w w szerszym \u015brodowisku.<\/p>\n<p>&nbsp;<\/p>\n<p class=\"Standard\">Organizator konkursu: Przedszkole Nr 54 \u201ePod Kasztanami\u201d we Wroc\u0142awiu.<\/p>\n<p class=\"Standard\">Rozstrzygni\u0119cie: 20.05.2022r.<\/p>\n<p>&nbsp;<\/p>\n<p class=\"Standard\">Dyplom podzi\u0119kowania otrzyma\u0142y r\u00f3wnie\u017c nauczycielki przygotowuj\u0105ce dzieci do konkursu.<\/p>\n<p>[\/vc_column_text][vc_gallery type=&#8221;image_grid&#8221; images=&#8221;2296,2291,2290,2289,2293,2292,2294,2295&#8243;][\/vc_column][\/vc_row]<\/p>\n<\/div>","protected":false},"excerpt":{"rendered":"<p>[vc_row][vc_column][vc_column_text] OG\u00d3LNOPOLSKI KONKURS PLASTYCZNY \u201ePSZCZO\u0141Y &#8211; NASI MALI PRZYJACIELE\u201d Alicja T. (gr. I), Matylda W. (gr. VI), Nela W. (gr. VII), Iga D. (gr. VIII) wzi\u0119\u0142y udzia\u0142 w Og\u00f3lnopolskim konkursie [&hellip;]<\/p>\n","protected":false},"author":264,"featured_media":0,"parent":0,"menu_order":0,"comment_status":"closed","ping_status":"closed","template":"","meta":{"ngg_post_thumbnail":0,"footnotes":""},"class_list":["post-2269","page","type-page","status-publish","hentry","clearfix"],"_links":{"self":[{"href":"https:\/\/przedszkole150.edu.wroclaw.pl\/index.php\/wp-json\/wp\/v2\/pages\/2269","targetHints":{"allow":["GET"]}}],"collection":[{"href":"https:\/\/przedszkole150.edu.wroclaw.pl\/index.php\/wp-json\/wp\/v2\/pages"}],"about":[{"href":"https:\/\/przedszkole150.edu.wroclaw.pl\/index.php\/wp-json\/wp\/v2\/types\/page"}],"author":[{"embeddable":true,"href":"https:\/\/przedszkole150.edu.wroclaw.pl\/index.php\/wp-json\/wp\/v2\/users\/264"}],"replies":[{"embeddable":true,"href":"https:\/\/przedszkole150.edu.wroclaw.pl\/index.php\/wp-json\/wp\/v2\/comments?post=2269"}],"version-history":[{"count":3,"href":"https:\/\/przedszkole150.edu.wroclaw.pl\/index.php\/wp-json\/wp\/v2\/pages\/2269\/revisions"}],"predecessor-version":[{"id":2297,"href":"https:\/\/przedszkole150.edu.wroclaw.pl\/index.php\/wp-json\/wp\/v2\/pages\/2269\/revisions\/2297"}],"wp:attachment":[{"href":"https:\/\/przedszkole150.edu.wroclaw.pl\/index.php\/wp-json\/wp\/v2\/media?parent=2269"}],"curies":[{"name":"wp","href":"https:\/\/api.w.org\/{rel}","templated":true}]}}