
{"id":2275,"date":"2022-06-01T15:33:06","date_gmt":"2022-06-01T13:33:06","guid":{"rendered":"https:\/\/przedszkole150.edu.wroclaw.pl\/?page_id=2275"},"modified":"2022-06-01T15:33:06","modified_gmt":"2022-06-01T13:33:06","slug":"maluszki-w-zielonej-dolinie","status":"publish","type":"page","link":"https:\/\/przedszkole150.edu.wroclaw.pl\/index.php\/maluszki-w-zielonej-dolinie\/","title":{"rendered":"Maluszki w Zielonej Dolinie"},"content":{"rendered":"<div class=\"wpb-content-wrapper\"><p>[vc_row][vc_column][vc_column_text]<\/p>\n<div>Maluszki w &#8222;Zielonej Dolinie&#8221;<\/div>\n<div><\/div>\n<div>Dn.20.05.2022 dzieci z gr.I uda\u0142y si\u0119 na wycieczk\u0119 edukacyjn\u0105 do &#8222;Zielonej Doliny&#8221; w Krzeptowie. Dzieci mia\u0142y mo\u017cliwo\u015b\u0107 sp\u0119dzenia czasu w\u015br\u00f3d zwierz\u0105t, pozna\u0142y na czym polega praca w gospodarstwie, karmi\u0142y\u00a0 i doi\u0142y koz\u0119 oraz sadzi\u0142y fasol\u0119.<\/div>\n<div><\/div>\n<p>[\/vc_column_text][vc_gallery type=&#8221;image_grid&#8221; images=&#8221;2277,2278,2279&#8243;][\/vc_column][\/vc_row]<\/p>\n<\/div>","protected":false},"excerpt":{"rendered":"<p>[vc_row][vc_column][vc_column_text] Maluszki w &#8222;Zielonej Dolinie&#8221; Dn.20.05.2022 dzieci z gr.I uda\u0142y si\u0119 na wycieczk\u0119 edukacyjn\u0105 do &#8222;Zielonej Doliny&#8221; w Krzeptowie. Dzieci mia\u0142y mo\u017cliwo\u015b\u0107 sp\u0119dzenia czasu w\u015br\u00f3d zwierz\u0105t, pozna\u0142y na czym polega [&hellip;]<\/p>\n","protected":false},"author":264,"featured_media":0,"parent":0,"menu_order":0,"comment_status":"closed","ping_status":"closed","template":"","meta":{"ngg_post_thumbnail":0,"footnotes":""},"class_list":["post-2275","page","type-page","status-publish","hentry","clearfix"],"_links":{"self":[{"href":"https:\/\/przedszkole150.edu.wroclaw.pl\/index.php\/wp-json\/wp\/v2\/pages\/2275","targetHints":{"allow":["GET"]}}],"collection":[{"href":"https:\/\/przedszkole150.edu.wroclaw.pl\/index.php\/wp-json\/wp\/v2\/pages"}],"about":[{"href":"https:\/\/przedszkole150.edu.wroclaw.pl\/index.php\/wp-json\/wp\/v2\/types\/page"}],"author":[{"embeddable":true,"href":"https:\/\/przedszkole150.edu.wroclaw.pl\/index.php\/wp-json\/wp\/v2\/users\/264"}],"replies":[{"embeddable":true,"href":"https:\/\/przedszkole150.edu.wroclaw.pl\/index.php\/wp-json\/wp\/v2\/comments?post=2275"}],"version-history":[{"count":2,"href":"https:\/\/przedszkole150.edu.wroclaw.pl\/index.php\/wp-json\/wp\/v2\/pages\/2275\/revisions"}],"predecessor-version":[{"id":2280,"href":"https:\/\/przedszkole150.edu.wroclaw.pl\/index.php\/wp-json\/wp\/v2\/pages\/2275\/revisions\/2280"}],"wp:attachment":[{"href":"https:\/\/przedszkole150.edu.wroclaw.pl\/index.php\/wp-json\/wp\/v2\/media?parent=2275"}],"curies":[{"name":"wp","href":"https:\/\/api.w.org\/{rel}","templated":true}]}}