
{"id":2309,"date":"2022-06-06T17:04:43","date_gmt":"2022-06-06T15:04:43","guid":{"rendered":"https:\/\/przedszkole150.edu.wroclaw.pl\/?page_id=2309"},"modified":"2022-06-06T17:04:43","modified_gmt":"2022-06-06T15:04:43","slug":"ulubione-zabytki-wroclawia","status":"publish","type":"page","link":"https:\/\/przedszkole150.edu.wroclaw.pl\/index.php\/ulubione-zabytki-wroclawia\/","title":{"rendered":"Ulubione zabytki Wroc\u0142awia"},"content":{"rendered":"<div class=\"wpb-content-wrapper\"><p>[vc_row][vc_column][vc_column_text]Nina J. (gr. VI) otrzyma\u0142a wyr\u00f3\u017cnienie, Mieszko B. (gr. VI), Amelia G. (gr. VI) wzi\u0119li udzia\u0142 w VI edycji konkursu plastycznego dla przedszkolak\u00f3w \u201eUlubione zabytki Wroc\u0142awia\u201d.<\/p>\n<p>&nbsp;<\/p>\n<p>Organizator konkursu Przedszkole Nr 106 im. Heleny Bechlerowej we Wroc\u0142awiu.<\/p>\n<p>&nbsp;<\/p>\n<p>Cele konkursu:<\/p>\n<p>\u00b7 Zwr\u00f3cenie uwagi na rol\u0119 estetyki, sztuki i pi\u0119kna w \u017cyciu codziennym przez pryzmat historii miasta.<\/p>\n<p>\u00b7 Zainteresowanie dzieci histori\u0105 Wroc\u0142awia, popularyzacja wiedzy o mie\u015bcie.<\/p>\n<p>\u00b7 Rozwijanie wra\u017cliwo\u015bci plastycznej i historycznej.<\/p>\n<p>\u00b7 Popularyzacja dzia\u0142a\u0144 plastycznych, wymiana do\u015bwiadcze\u0144 z zakresu r\u00f3\u017cnych technik plastycznych.<\/p>\n<p>&nbsp;<\/p>\n<p>Rozstrzygni\u0119cie konkursu nast\u0105pi\u0142o 16.05.2022r.<\/p>\n<p>Prezentacja prac odby\u0142a si\u0119 w budynku organizatora w dniach 16 \u2013 20.05.2022r.<\/p>\n<p>Uczestnicy konkursu, ich opiekunowie oraz Nasze Przedszkole otrzymali dyplomy uczestnictwa i wyr\u00f3\u017cnienia w konkursie.[\/vc_column_text][vc_gallery type=&#8221;image_grid&#8221; images=&#8221;2310,2311,2312&#8243;][\/vc_column][\/vc_row]<\/p>\n<\/div>","protected":false},"excerpt":{"rendered":"<p>[vc_row][vc_column][vc_column_text]Nina J. (gr. VI) otrzyma\u0142a wyr\u00f3\u017cnienie, Mieszko B. (gr. VI), Amelia G. (gr. VI) wzi\u0119li udzia\u0142 w VI edycji konkursu plastycznego dla przedszkolak\u00f3w \u201eUlubione zabytki Wroc\u0142awia\u201d. &nbsp; Organizator konkursu Przedszkole [&hellip;]<\/p>\n","protected":false},"author":264,"featured_media":0,"parent":0,"menu_order":0,"comment_status":"closed","ping_status":"closed","template":"","meta":{"ngg_post_thumbnail":0,"footnotes":""},"class_list":["post-2309","page","type-page","status-publish","hentry","clearfix"],"_links":{"self":[{"href":"https:\/\/przedszkole150.edu.wroclaw.pl\/index.php\/wp-json\/wp\/v2\/pages\/2309","targetHints":{"allow":["GET"]}}],"collection":[{"href":"https:\/\/przedszkole150.edu.wroclaw.pl\/index.php\/wp-json\/wp\/v2\/pages"}],"about":[{"href":"https:\/\/przedszkole150.edu.wroclaw.pl\/index.php\/wp-json\/wp\/v2\/types\/page"}],"author":[{"embeddable":true,"href":"https:\/\/przedszkole150.edu.wroclaw.pl\/index.php\/wp-json\/wp\/v2\/users\/264"}],"replies":[{"embeddable":true,"href":"https:\/\/przedszkole150.edu.wroclaw.pl\/index.php\/wp-json\/wp\/v2\/comments?post=2309"}],"version-history":[{"count":1,"href":"https:\/\/przedszkole150.edu.wroclaw.pl\/index.php\/wp-json\/wp\/v2\/pages\/2309\/revisions"}],"predecessor-version":[{"id":2313,"href":"https:\/\/przedszkole150.edu.wroclaw.pl\/index.php\/wp-json\/wp\/v2\/pages\/2309\/revisions\/2313"}],"wp:attachment":[{"href":"https:\/\/przedszkole150.edu.wroclaw.pl\/index.php\/wp-json\/wp\/v2\/media?parent=2309"}],"curies":[{"name":"wp","href":"https:\/\/api.w.org\/{rel}","templated":true}]}}