
{"id":2315,"date":"2022-06-06T17:11:22","date_gmt":"2022-06-06T15:11:22","guid":{"rendered":"https:\/\/przedszkole150.edu.wroclaw.pl\/?page_id=2315"},"modified":"2022-06-06T17:11:22","modified_gmt":"2022-06-06T15:11:22","slug":"odznaka-przyjaciela-przyrody","status":"publish","type":"page","link":"https:\/\/przedszkole150.edu.wroclaw.pl\/index.php\/odznaka-przyjaciela-przyrody\/","title":{"rendered":"Odznaka przyjaciela przyrody"},"content":{"rendered":"<div class=\"wpb-content-wrapper\"><p>[vc_row][vc_column][vc_column_text]<\/p>\n<div class=\"x_elementToProof\">W kwietniu, Agata P. i Aleksandra K. z grupy VII wzi\u0119\u0142y udzia\u0142 w Mi\u0119dzyprzedszkolnym Konkursie Plastycznym &#8222;Odznaka Przyjaciela Przyrody&#8221; organizowanym przez Przedszkole Nr 64 &#8222;Ekoludek&#8221; w ZSP-7.<\/div>\n<div class=\"x_elementToProof\"><\/div>\n<p>[\/vc_column_text][vc_gallery type=&#8221;image_grid&#8221; images=&#8221;2316,2317&#8243;][\/vc_column][\/vc_row]<\/p>\n<\/div>","protected":false},"excerpt":{"rendered":"<p>[vc_row][vc_column][vc_column_text] W kwietniu, Agata P. i Aleksandra K. z grupy VII wzi\u0119\u0142y udzia\u0142 w Mi\u0119dzyprzedszkolnym Konkursie Plastycznym &#8222;Odznaka Przyjaciela Przyrody&#8221; organizowanym przez Przedszkole Nr 64 &#8222;Ekoludek&#8221; w ZSP-7. [\/vc_column_text][vc_gallery type=&#8221;image_grid&#8221; [&hellip;]<\/p>\n","protected":false},"author":264,"featured_media":0,"parent":0,"menu_order":0,"comment_status":"closed","ping_status":"closed","template":"","meta":{"ngg_post_thumbnail":0,"footnotes":""},"class_list":["post-2315","page","type-page","status-publish","hentry","clearfix"],"_links":{"self":[{"href":"https:\/\/przedszkole150.edu.wroclaw.pl\/index.php\/wp-json\/wp\/v2\/pages\/2315","targetHints":{"allow":["GET"]}}],"collection":[{"href":"https:\/\/przedszkole150.edu.wroclaw.pl\/index.php\/wp-json\/wp\/v2\/pages"}],"about":[{"href":"https:\/\/przedszkole150.edu.wroclaw.pl\/index.php\/wp-json\/wp\/v2\/types\/page"}],"author":[{"embeddable":true,"href":"https:\/\/przedszkole150.edu.wroclaw.pl\/index.php\/wp-json\/wp\/v2\/users\/264"}],"replies":[{"embeddable":true,"href":"https:\/\/przedszkole150.edu.wroclaw.pl\/index.php\/wp-json\/wp\/v2\/comments?post=2315"}],"version-history":[{"count":1,"href":"https:\/\/przedszkole150.edu.wroclaw.pl\/index.php\/wp-json\/wp\/v2\/pages\/2315\/revisions"}],"predecessor-version":[{"id":2318,"href":"https:\/\/przedszkole150.edu.wroclaw.pl\/index.php\/wp-json\/wp\/v2\/pages\/2315\/revisions\/2318"}],"wp:attachment":[{"href":"https:\/\/przedszkole150.edu.wroclaw.pl\/index.php\/wp-json\/wp\/v2\/media?parent=2315"}],"curies":[{"name":"wp","href":"https:\/\/api.w.org\/{rel}","templated":true}]}}