
{"id":2320,"date":"2022-06-06T17:33:42","date_gmt":"2022-06-06T15:33:42","guid":{"rendered":"https:\/\/przedszkole150.edu.wroclaw.pl\/?page_id=2320"},"modified":"2022-06-06T17:33:58","modified_gmt":"2022-06-06T15:33:58","slug":"bajeczna-ksiazka","status":"publish","type":"page","link":"https:\/\/przedszkole150.edu.wroclaw.pl\/index.php\/bajeczna-ksiazka\/","title":{"rendered":"Bajeczna ksiega"},"content":{"rendered":"<div class=\"wpb-content-wrapper\"><p>[vc_row][vc_column][vc_column_text]\u201eBAJECZNA KSI\u0118GA\u201d<\/p>\n<p>&nbsp;<\/p>\n<p>Dzieci z grupy IX zako\u0144czy\u0142y realizacj\u0119 projektu czytelniczego, kt\u00f3rego ambasadork\u0105 jest Ewa Stadtmuller a organizatorem \u201eBli\u017cej Przedszkola\u201d<\/p>\n<p>Cele projektu:<\/p>\n<p>\u00b7 promowanie czytelnictwa w\u015br\u00f3d przedszkolak\u00f3w;<\/p>\n<p>\u00b7 stwarzanie okazji do tw\u00f3rczej ekspresji j\u0119zykowej i plastycznej;<\/p>\n<p>\u00b7 anga\u017cowanie rodzic\u00f3w do wsp\u00f3\u0142pracy z przedszkolem w ramach wspierania rozwoju dzieci.<\/p>\n<p>Termin realizacji projektu od 13 wrze\u015bnia 2021 r. do 3 czerwca 2022 r.<\/p>\n<p>[\/vc_column_text][vc_gallery type=&#8221;image_grid&#8221; images=&#8221;2321,2322&#8243;][\/vc_column][\/vc_row]<\/p>\n<\/div>","protected":false},"excerpt":{"rendered":"<p>[vc_row][vc_column][vc_column_text]\u201eBAJECZNA KSI\u0118GA\u201d &nbsp; Dzieci z grupy IX zako\u0144czy\u0142y realizacj\u0119 projektu czytelniczego, kt\u00f3rego ambasadork\u0105 jest Ewa Stadtmuller a organizatorem \u201eBli\u017cej Przedszkola\u201d Cele projektu: \u00b7 promowanie czytelnictwa w\u015br\u00f3d przedszkolak\u00f3w; \u00b7 stwarzanie okazji [&hellip;]<\/p>\n","protected":false},"author":264,"featured_media":0,"parent":0,"menu_order":0,"comment_status":"closed","ping_status":"closed","template":"","meta":{"ngg_post_thumbnail":0,"footnotes":""},"class_list":["post-2320","page","type-page","status-publish","hentry","clearfix"],"_links":{"self":[{"href":"https:\/\/przedszkole150.edu.wroclaw.pl\/index.php\/wp-json\/wp\/v2\/pages\/2320","targetHints":{"allow":["GET"]}}],"collection":[{"href":"https:\/\/przedszkole150.edu.wroclaw.pl\/index.php\/wp-json\/wp\/v2\/pages"}],"about":[{"href":"https:\/\/przedszkole150.edu.wroclaw.pl\/index.php\/wp-json\/wp\/v2\/types\/page"}],"author":[{"embeddable":true,"href":"https:\/\/przedszkole150.edu.wroclaw.pl\/index.php\/wp-json\/wp\/v2\/users\/264"}],"replies":[{"embeddable":true,"href":"https:\/\/przedszkole150.edu.wroclaw.pl\/index.php\/wp-json\/wp\/v2\/comments?post=2320"}],"version-history":[{"count":2,"href":"https:\/\/przedszkole150.edu.wroclaw.pl\/index.php\/wp-json\/wp\/v2\/pages\/2320\/revisions"}],"predecessor-version":[{"id":2324,"href":"https:\/\/przedszkole150.edu.wroclaw.pl\/index.php\/wp-json\/wp\/v2\/pages\/2320\/revisions\/2324"}],"wp:attachment":[{"href":"https:\/\/przedszkole150.edu.wroclaw.pl\/index.php\/wp-json\/wp\/v2\/media?parent=2320"}],"curies":[{"name":"wp","href":"https:\/\/api.w.org\/{rel}","templated":true}]}}