
{"id":2330,"date":"2022-06-06T17:43:39","date_gmt":"2022-06-06T15:43:39","guid":{"rendered":"https:\/\/przedszkole150.edu.wroclaw.pl\/?page_id=2330"},"modified":"2022-06-06T17:43:39","modified_gmt":"2022-06-06T15:43:39","slug":"magia-drzewa","status":"publish","type":"page","link":"https:\/\/przedszkole150.edu.wroclaw.pl\/index.php\/magia-drzewa\/","title":{"rendered":"Magia drzewa"},"content":{"rendered":"<div class=\"wpb-content-wrapper\"><p>[vc_row][vc_column][vc_column_text]\u201eMAGIA DRZEWA\u201d \u2013 konkurs plastyczny og\u00f3lnopolski.<\/p>\n<p>Ignacy Ch. z grupy IX otrzyma\u0142 dyplom za udzia\u0142 w konkursie plastycznym og\u00f3lnopolskim \u201eMagia drzewa\u201d.<\/p>\n<p>Organizatorem konkursu jest Miejskie Przedszkole nr 26 im. Mariana Mroza w Katowicach.<\/p>\n<p>Cele konkursu:<\/p>\n<p>&#8211; rozwijanie \u015bwiadomo\u015bci ekologicznej; poszerzanie wiedzy na temat znaczenia drzew dla \u015brodowiska;<\/p>\n<p>&#8211; rozwijanie wra\u017cliwo\u015bci na pi\u0119kno przyrody;<\/p>\n<p>&#8211; rozwijanie wyobra\u017ani tw\u00f3rczej.<\/p>\n<p>[\/vc_column_text][vc_gallery type=&#8221;image_grid&#8221; images=&#8221;2331&#8243;][\/vc_column][\/vc_row]<\/p>\n<\/div>","protected":false},"excerpt":{"rendered":"<p>[vc_row][vc_column][vc_column_text]\u201eMAGIA DRZEWA\u201d \u2013 konkurs plastyczny og\u00f3lnopolski. Ignacy Ch. z grupy IX otrzyma\u0142 dyplom za udzia\u0142 w konkursie plastycznym og\u00f3lnopolskim \u201eMagia drzewa\u201d. Organizatorem konkursu jest Miejskie Przedszkole nr 26 im. Mariana [&hellip;]<\/p>\n","protected":false},"author":264,"featured_media":0,"parent":0,"menu_order":0,"comment_status":"closed","ping_status":"closed","template":"","meta":{"ngg_post_thumbnail":0,"footnotes":""},"class_list":["post-2330","page","type-page","status-publish","hentry","clearfix"],"_links":{"self":[{"href":"https:\/\/przedszkole150.edu.wroclaw.pl\/index.php\/wp-json\/wp\/v2\/pages\/2330","targetHints":{"allow":["GET"]}}],"collection":[{"href":"https:\/\/przedszkole150.edu.wroclaw.pl\/index.php\/wp-json\/wp\/v2\/pages"}],"about":[{"href":"https:\/\/przedszkole150.edu.wroclaw.pl\/index.php\/wp-json\/wp\/v2\/types\/page"}],"author":[{"embeddable":true,"href":"https:\/\/przedszkole150.edu.wroclaw.pl\/index.php\/wp-json\/wp\/v2\/users\/264"}],"replies":[{"embeddable":true,"href":"https:\/\/przedszkole150.edu.wroclaw.pl\/index.php\/wp-json\/wp\/v2\/comments?post=2330"}],"version-history":[{"count":1,"href":"https:\/\/przedszkole150.edu.wroclaw.pl\/index.php\/wp-json\/wp\/v2\/pages\/2330\/revisions"}],"predecessor-version":[{"id":2332,"href":"https:\/\/przedszkole150.edu.wroclaw.pl\/index.php\/wp-json\/wp\/v2\/pages\/2330\/revisions\/2332"}],"wp:attachment":[{"href":"https:\/\/przedszkole150.edu.wroclaw.pl\/index.php\/wp-json\/wp\/v2\/media?parent=2330"}],"curies":[{"name":"wp","href":"https:\/\/api.w.org\/{rel}","templated":true}]}}