
{"id":2338,"date":"2022-06-07T18:01:45","date_gmt":"2022-06-07T16:01:45","guid":{"rendered":"https:\/\/przedszkole150.edu.wroclaw.pl\/?page_id=2338"},"modified":"2022-06-07T18:01:45","modified_gmt":"2022-06-07T16:01:45","slug":"maly-mis-w-swiecie-wielkiej-literatury","status":"publish","type":"page","link":"https:\/\/przedszkole150.edu.wroclaw.pl\/index.php\/maly-mis-w-swiecie-wielkiej-literatury\/","title":{"rendered":"Ma\u0142y Mi\u015b w \u015bwiecie Wielkiej Literatury"},"content":{"rendered":"<div class=\"wpb-content-wrapper\"><p>[vc_row][vc_column][vc_column_text]<strong>Dzieci z grupy IX zako\u0144czy\u0142y realizacj\u0119 Mi\u0119dzynarodowego Projektu Edukacyjnego \u201eMa\u0142y Mi\u015b w \u015awiecie Wielkiej Literatury\u201d.\u00a0<\/strong><\/p>\n<p>&nbsp;<\/p>\n<p><strong>Celem g\u0142\u00f3wnym projektu<\/strong>\u00a0jest rozwijanie i promowanie czytelnictwa we wsp\u00f3\u0142pracy ze \u017c\u0142obkami, przedszkolami, szko\u0142ami podstawowymi, szko\u0142ami specjalnymi, szkolnymi \u015bwietlicami, bibliotekami szkolnymi i publicznymi w ca\u0142ej Polsce i za granic\u0105.<\/p>\n<p><strong>\u00a0<\/strong><\/p>\n<p><strong>Cele szczeg\u00f3\u0142owe:<\/strong><\/p>\n<p>zach\u0119canie doros\u0142ych do g\u0142o\u015bnego czytania dzieciom \u2212 u\u015bwiadomienie roli czytelnictwa w \u017cyciu dziecka, wyrabianie w\u0142a\u015bciwych nawyk\u00f3w czytelniczych;<\/p>\n<ol>\n<li>b) tworzenie warunk\u00f3w do r\u00f3\u017cnorodnej aktywno\u015bci dzieci w toku realizacji zada\u0144 stawianych przez nauczyciela;<\/li>\n<li>c) wprowadzenie dziecka w \u015bwiat literatury;<\/li>\n<li>d) budzenie zaciekawienia ksi\u0105\u017ck\u0105 przez zabawy, piosenki, tw\u00f3rczo\u015b\u0107 plastyczn\u0105;<\/li>\n<li>e) przekazywanie za po\u015brednictwem literatury warto\u015bci moralnych;<\/li>\n<li>f) propagowanie praw dziecka;<\/li>\n<li>g) kszta\u0142cenie u dzieci umiej\u0119tno\u015bci s\u0142uchania tekstu czytanego;<\/li>\n<li>h) rozwijanie samodzielno\u015bci, kreatywno\u015bci i innowacyjno\u015bci u dzieci;<\/li>\n<li>i) rozwijanie kompetencji cyfrowych dzieci i nauczycieli;<\/li>\n<li>j) kszta\u0142towanie postaw patriotycznych u dzieci;<\/li>\n<li>k) w\u0142\u0105czenie w \u017cycie przedszkola rodzic\u00f3w oraz przedstawicieli \u015brodowiska lokalnego;<\/li>\n<li>l) promocja plac\u00f3wki o\u015bwiatowej;<\/li>\n<li>m) rozwijanie wsp\u00f3\u0142pracy mi\u0119dzy nauczycielami;<\/li>\n<li>n) kszta\u0142cenie na odleg\u0142o\u015b\u0107.<\/li>\n<\/ol>\n<p>&nbsp;<\/p>\n<p>Projekt jest zgodny z podstaw\u0105 programow\u0105 wychowania przedszkolnego oraz kierunkami polityki o\u015bwiatowej pa\u0144stwa na rok szkolny 2021\/2022.<\/p>\n<p>&nbsp;<\/p>\n<p><em>Autorem projektu jest Aneta Konefa\u0142, dyrektor Przedszkola Publicznego nr 1 w Kolbuszowej.<\/em><\/p>\n<p>&nbsp;<\/p>\n<p>Realizacja Projektu\u00a0w roku szkolnym 2021\/2022 od 13.09.2021r. do 31.05.2022r.<\/p>\n<p>&nbsp;<\/p>\n<p><strong>DZI\u0118KUJEMY WSZYSTKIM \u201eZMISIOWANYM\u201d DZIECIOM I RODZICOM ZA UDZIA\u0141 W PROJEKCIE !!!<\/strong>[\/vc_column_text][vc_gallery type=&#8221;image_grid&#8221; images=&#8221;2340&#8243;][\/vc_column][\/vc_row]<\/p>\n<\/div>","protected":false},"excerpt":{"rendered":"<p>[vc_row][vc_column][vc_column_text]Dzieci z grupy IX zako\u0144czy\u0142y realizacj\u0119 Mi\u0119dzynarodowego Projektu Edukacyjnego \u201eMa\u0142y Mi\u015b w \u015awiecie Wielkiej Literatury\u201d.\u00a0 &nbsp; Celem g\u0142\u00f3wnym projektu\u00a0jest rozwijanie i promowanie czytelnictwa we wsp\u00f3\u0142pracy ze \u017c\u0142obkami, przedszkolami, szko\u0142ami podstawowymi, [&hellip;]<\/p>\n","protected":false},"author":264,"featured_media":0,"parent":0,"menu_order":0,"comment_status":"closed","ping_status":"closed","template":"","meta":{"ngg_post_thumbnail":0,"footnotes":""},"class_list":["post-2338","page","type-page","status-publish","hentry","clearfix"],"_links":{"self":[{"href":"https:\/\/przedszkole150.edu.wroclaw.pl\/index.php\/wp-json\/wp\/v2\/pages\/2338","targetHints":{"allow":["GET"]}}],"collection":[{"href":"https:\/\/przedszkole150.edu.wroclaw.pl\/index.php\/wp-json\/wp\/v2\/pages"}],"about":[{"href":"https:\/\/przedszkole150.edu.wroclaw.pl\/index.php\/wp-json\/wp\/v2\/types\/page"}],"author":[{"embeddable":true,"href":"https:\/\/przedszkole150.edu.wroclaw.pl\/index.php\/wp-json\/wp\/v2\/users\/264"}],"replies":[{"embeddable":true,"href":"https:\/\/przedszkole150.edu.wroclaw.pl\/index.php\/wp-json\/wp\/v2\/comments?post=2338"}],"version-history":[{"count":1,"href":"https:\/\/przedszkole150.edu.wroclaw.pl\/index.php\/wp-json\/wp\/v2\/pages\/2338\/revisions"}],"predecessor-version":[{"id":2341,"href":"https:\/\/przedszkole150.edu.wroclaw.pl\/index.php\/wp-json\/wp\/v2\/pages\/2338\/revisions\/2341"}],"wp:attachment":[{"href":"https:\/\/przedszkole150.edu.wroclaw.pl\/index.php\/wp-json\/wp\/v2\/media?parent=2338"}],"curies":[{"name":"wp","href":"https:\/\/api.w.org\/{rel}","templated":true}]}}