
{"id":2365,"date":"2022-06-07T19:21:33","date_gmt":"2022-06-07T17:21:33","guid":{"rendered":"https:\/\/przedszkole150.edu.wroclaw.pl\/?page_id=2365"},"modified":"2022-06-07T19:21:33","modified_gmt":"2022-06-07T17:21:33","slug":"mikrogranty-mlodziezowe-wiosna-wiosna","status":"publish","type":"page","link":"https:\/\/przedszkole150.edu.wroclaw.pl\/index.php\/mikrogranty-mlodziezowe-wiosna-wiosna\/","title":{"rendered":"Mikrogranty m\u0142odzie\u017cowe &#8211; &#8222;Wiosna, wiosna&#8230;&#8221;"},"content":{"rendered":"<div class=\"wpb-content-wrapper\"><p>[vc_row][vc_column][vc_column_text]Realizacja projektu dzia\u0142a\u0144 ekologicznych \u201eWiosna, wiosna ach to Ty! Zielono nam!\u201d<\/p>\n<p>w ramach programu MIKROGRANTY M\u0141ODZIE\u017bOWE<\/p>\n<p>Dn. 24.05.2022r. dzieci z grupy I, II, VI oraz IX wzi\u0119\u0142y udzia\u0142 w projekcie dzia\u0142a\u0144 ekologicznych, kt\u00f3ry realizowany by\u0142 w ramach programu MIKROGRANTY M\u0141ODZE\u017bOWE.<\/p>\n<p>&nbsp;<\/p>\n<p>Celem projektu by\u0142o rozbudzenie u dzieci zainteresowania \u015bwiatem przyrody, uwra\u017cliwianie na jej pi\u0119kno i potrzeby oraz kszta\u0142towanie poczucia odpowiedzialno\u015bci za otaczaj\u0105c\u0105 je przestrze\u0144.<\/p>\n<p>Dzi\u0119ki podj\u0119tym dzia\u0142aniom upi\u0119kszyli\u015bmy przedszkolny ogr\u00f3d, posadzili\u015bmy kwiaty, warzywa, zio\u0142a. Dzieci b\u0119d\u0105 mia\u0142y mo\u017cliwo\u015b\u0107 poznania cyklu rozwoju r\u00f3\u017cnych ro\u015blin oraz prowadzenia cz\u0119stych obserwacji, a tak\u017ce naucz\u0105 si\u0119 piel\u0119gnacji tego, co wyhodowa\u0142y.<\/p>\n<p>Dzi\u0119kujemy za pomoc rodzicom, kt\u00f3rzy w\u0142\u0105czyli si\u0119 do wsp\u00f3lnej zabawy![\/vc_column_text][vc_gallery type=&#8221;image_grid&#8221; images=&#8221;2366,2367,2368,2369,2370,2371,2372,2373,2374&#8243;][\/vc_column][\/vc_row]<\/p>\n<\/div>","protected":false},"excerpt":{"rendered":"<p>[vc_row][vc_column][vc_column_text]Realizacja projektu dzia\u0142a\u0144 ekologicznych \u201eWiosna, wiosna ach to Ty! Zielono nam!\u201d w ramach programu MIKROGRANTY M\u0141ODZIE\u017bOWE Dn. 24.05.2022r. dzieci z grupy I, II, VI oraz IX wzi\u0119\u0142y udzia\u0142 w projekcie [&hellip;]<\/p>\n","protected":false},"author":264,"featured_media":0,"parent":0,"menu_order":0,"comment_status":"closed","ping_status":"closed","template":"","meta":{"ngg_post_thumbnail":0,"footnotes":""},"class_list":["post-2365","page","type-page","status-publish","hentry","clearfix"],"_links":{"self":[{"href":"https:\/\/przedszkole150.edu.wroclaw.pl\/index.php\/wp-json\/wp\/v2\/pages\/2365","targetHints":{"allow":["GET"]}}],"collection":[{"href":"https:\/\/przedszkole150.edu.wroclaw.pl\/index.php\/wp-json\/wp\/v2\/pages"}],"about":[{"href":"https:\/\/przedszkole150.edu.wroclaw.pl\/index.php\/wp-json\/wp\/v2\/types\/page"}],"author":[{"embeddable":true,"href":"https:\/\/przedszkole150.edu.wroclaw.pl\/index.php\/wp-json\/wp\/v2\/users\/264"}],"replies":[{"embeddable":true,"href":"https:\/\/przedszkole150.edu.wroclaw.pl\/index.php\/wp-json\/wp\/v2\/comments?post=2365"}],"version-history":[{"count":1,"href":"https:\/\/przedszkole150.edu.wroclaw.pl\/index.php\/wp-json\/wp\/v2\/pages\/2365\/revisions"}],"predecessor-version":[{"id":2376,"href":"https:\/\/przedszkole150.edu.wroclaw.pl\/index.php\/wp-json\/wp\/v2\/pages\/2365\/revisions\/2376"}],"wp:attachment":[{"href":"https:\/\/przedszkole150.edu.wroclaw.pl\/index.php\/wp-json\/wp\/v2\/media?parent=2365"}],"curies":[{"name":"wp","href":"https:\/\/api.w.org\/{rel}","templated":true}]}}