
{"id":2411,"date":"2022-06-12T18:20:29","date_gmt":"2022-06-12T16:20:29","guid":{"rendered":"https:\/\/przedszkole150.edu.wroclaw.pl\/?page_id=2411"},"modified":"2022-06-12T18:20:29","modified_gmt":"2022-06-12T16:20:29","slug":"mlyn-zawada","status":"publish","type":"page","link":"https:\/\/przedszkole150.edu.wroclaw.pl\/index.php\/mlyn-zawada\/","title":{"rendered":"M\u0142yn Zawada"},"content":{"rendered":"<div class=\"wpb-content-wrapper\"><p>[vc_row][vc_column][vc_column_text]W dniu 8. czerwca 2022 r. grupa VII by\u0142a na wycieczce autokarowej w M\u0142ynie Zawadka. Pogoda i humory nam dopisa\u0142y. Zwiedzali\u015bmy m\u0142yn, biegali\u015bmy ze spadochronem, rzucali\u015bmy podkowami do celu, skakali\u015bmy w workach, zje\u017cd\u017cali\u015bmy na &#8222;tyrolce&#8221; i bawili\u015bmy si\u0119 na dyskotece. By\u0142o \u015bwietnie!<\/p>\n<p>[\/vc_column_text][vc_gallery type=&#8221;image_grid&#8221; images=&#8221;2412,2414,2415,2416,2417,2418,2419,2420&#8243;][\/vc_column][\/vc_row]<\/p>\n<\/div>","protected":false},"excerpt":{"rendered":"<p>[vc_row][vc_column][vc_column_text]W dniu 8. czerwca 2022 r. grupa VII by\u0142a na wycieczce autokarowej w M\u0142ynie Zawadka. Pogoda i humory nam dopisa\u0142y. Zwiedzali\u015bmy m\u0142yn, biegali\u015bmy ze spadochronem, rzucali\u015bmy podkowami do celu, skakali\u015bmy [&hellip;]<\/p>\n","protected":false},"author":264,"featured_media":0,"parent":0,"menu_order":0,"comment_status":"closed","ping_status":"closed","template":"","meta":{"ngg_post_thumbnail":0,"footnotes":""},"class_list":["post-2411","page","type-page","status-publish","hentry","clearfix"],"_links":{"self":[{"href":"https:\/\/przedszkole150.edu.wroclaw.pl\/index.php\/wp-json\/wp\/v2\/pages\/2411","targetHints":{"allow":["GET"]}}],"collection":[{"href":"https:\/\/przedszkole150.edu.wroclaw.pl\/index.php\/wp-json\/wp\/v2\/pages"}],"about":[{"href":"https:\/\/przedszkole150.edu.wroclaw.pl\/index.php\/wp-json\/wp\/v2\/types\/page"}],"author":[{"embeddable":true,"href":"https:\/\/przedszkole150.edu.wroclaw.pl\/index.php\/wp-json\/wp\/v2\/users\/264"}],"replies":[{"embeddable":true,"href":"https:\/\/przedszkole150.edu.wroclaw.pl\/index.php\/wp-json\/wp\/v2\/comments?post=2411"}],"version-history":[{"count":1,"href":"https:\/\/przedszkole150.edu.wroclaw.pl\/index.php\/wp-json\/wp\/v2\/pages\/2411\/revisions"}],"predecessor-version":[{"id":2421,"href":"https:\/\/przedszkole150.edu.wroclaw.pl\/index.php\/wp-json\/wp\/v2\/pages\/2411\/revisions\/2421"}],"wp:attachment":[{"href":"https:\/\/przedszkole150.edu.wroclaw.pl\/index.php\/wp-json\/wp\/v2\/media?parent=2411"}],"curies":[{"name":"wp","href":"https:\/\/api.w.org\/{rel}","templated":true}]}}