
{"id":2672,"date":"2022-09-18T10:16:00","date_gmt":"2022-09-18T08:16:00","guid":{"rendered":"https:\/\/przedszkole150.edu.wroclaw.pl\/?page_id=2672"},"modified":"2022-09-18T10:16:00","modified_gmt":"2022-09-18T08:16:00","slug":"zajecia-ze-stomatologiem","status":"publish","type":"page","link":"https:\/\/przedszkole150.edu.wroclaw.pl\/index.php\/zajecia-ze-stomatologiem\/","title":{"rendered":"zaj\u0119cia ze stomatologiem"},"content":{"rendered":"<div class=\"wpb-content-wrapper\"><p>[vc_row][vc_column][vc_column_text]ZAJ\u0118CIA ZE STOMATOLOGIEM<\/p>\n<p>Dnia\u00a0<strong>16.09.2022r. (pi\u0105tek)<\/strong>\u00a0dzieci z naszego przedszkola wzi\u0119\u0142y udzia\u0142 w zaj\u0119ciach edukacyjnych ze stomatologiem dzieci\u0119cym.<\/p>\n<p>Celem spotkania by\u0142o przybli\u017cenie zawodu stomatologa, zapoznanie ze sposobami dbania o z\u0119by, zmniejszenie obawy przed wizyt\u0105 w gabinecie dentystycznym oraz zach\u0119cenie dzieci do kontroli z\u0119b\u00f3w.<\/p>\n<p>Podczas zaj\u0119\u0107 dzieci dowiedzia\u0142y si\u0119 jak prawid\u0142owo dba\u0107 o higien\u0119 jamy ustnej a tak\u017ce przypomnia\u0142y sobie spos\u00f3b prawid\u0142owego szczotkowania z\u0119b\u00f3w.<\/p>\n<p>Zaj\u0119cia odby\u0142y si\u0119 w ramach programu miejskiego\u00a0<em>\u201eProfilaktyka przeciwdzia\u0142ania pr\u00f3chnicy u dzieci w wieku przedszkolnym\u201d.<\/em>[\/vc_column_text][vc_gallery type=&#8221;image_grid&#8221; images=&#8221;2674,2673&#8243;][\/vc_column][\/vc_row]<\/p>\n<\/div>","protected":false},"excerpt":{"rendered":"<p>[vc_row][vc_column][vc_column_text]ZAJ\u0118CIA ZE STOMATOLOGIEM Dnia\u00a016.09.2022r. (pi\u0105tek)\u00a0dzieci z naszego przedszkola wzi\u0119\u0142y udzia\u0142 w zaj\u0119ciach edukacyjnych ze stomatologiem dzieci\u0119cym. Celem spotkania by\u0142o przybli\u017cenie zawodu stomatologa, zapoznanie ze sposobami dbania o z\u0119by, zmniejszenie obawy [&hellip;]<\/p>\n","protected":false},"author":264,"featured_media":0,"parent":0,"menu_order":0,"comment_status":"closed","ping_status":"closed","template":"","meta":{"ngg_post_thumbnail":0,"footnotes":""},"class_list":["post-2672","page","type-page","status-publish","hentry","clearfix"],"_links":{"self":[{"href":"https:\/\/przedszkole150.edu.wroclaw.pl\/index.php\/wp-json\/wp\/v2\/pages\/2672","targetHints":{"allow":["GET"]}}],"collection":[{"href":"https:\/\/przedszkole150.edu.wroclaw.pl\/index.php\/wp-json\/wp\/v2\/pages"}],"about":[{"href":"https:\/\/przedszkole150.edu.wroclaw.pl\/index.php\/wp-json\/wp\/v2\/types\/page"}],"author":[{"embeddable":true,"href":"https:\/\/przedszkole150.edu.wroclaw.pl\/index.php\/wp-json\/wp\/v2\/users\/264"}],"replies":[{"embeddable":true,"href":"https:\/\/przedszkole150.edu.wroclaw.pl\/index.php\/wp-json\/wp\/v2\/comments?post=2672"}],"version-history":[{"count":1,"href":"https:\/\/przedszkole150.edu.wroclaw.pl\/index.php\/wp-json\/wp\/v2\/pages\/2672\/revisions"}],"predecessor-version":[{"id":2675,"href":"https:\/\/przedszkole150.edu.wroclaw.pl\/index.php\/wp-json\/wp\/v2\/pages\/2672\/revisions\/2675"}],"wp:attachment":[{"href":"https:\/\/przedszkole150.edu.wroclaw.pl\/index.php\/wp-json\/wp\/v2\/media?parent=2672"}],"curies":[{"name":"wp","href":"https:\/\/api.w.org\/{rel}","templated":true}]}}