
{"id":28,"date":"2021-04-19T14:41:07","date_gmt":"2021-04-19T12:41:07","guid":{"rendered":"http:\/\/przedszkole150.edu.wroclaw.pl\/?page_id=28"},"modified":"2025-09-10T09:03:59","modified_gmt":"2025-09-10T07:03:59","slug":"informacje-dodatkowe","status":"publish","type":"page","link":"https:\/\/przedszkole150.edu.wroclaw.pl\/index.php\/strona-glowna\/informacje-dodatkowe\/","title":{"rendered":"Informacje dodatkowe"},"content":{"rendered":"<div class=\"wpb-content-wrapper\"><p>[vc_row][vc_column][vc_column_text css=&#8221;&#8221;]<span style=\"font-family: times new roman, times;font-size: 14pt\"><strong><u>Informacje og\u00f3lne<\/u><\/strong><\/span><\/p>\n<p><span style=\"font-family: times new roman, times;font-size: 14pt\">Przedszkole Nr 150 \u201eWeso\u0142e Nutki\u201d znajduje si\u0119 przy ul. P. P. Ignuta 30 na osiedlu Kozan\u00f3w w dzielnicy Wroc\u0142aw &#8211; Fabryczna. <\/span><span style=\"font-family: times new roman, times;font-size: 14pt\">Plac\u00f3wka mie\u015bci si\u0119 w budynku wolnostoj\u0105cym, jednopi\u0119trowym, nieprzystosowanym <\/span><span style=\"font-family: times new roman, times;font-size: 14pt\">do potrzeb os\u00f3b z niepe\u0142nosprawno\u015bciami (brak podjazd\u00f3w i wind dla os\u00f3b niepe\u0142nosprawnych, brak podjazd\u00f3w dla w\u00f3zk\u00f3w) oraz nie posiada w\u00f3zkowni, <\/span><span style=\"font-family: times new roman, times;font-size: 14pt\">ani rowerowni.<\/span><\/p>\n<p><span style=\"font-family: times new roman, times;font-size: 14pt\">W okresie wakacyjnym przez okres jednego miesi\u0105ca plac\u00f3wka jest zamkni\u0119ta.<\/span><\/p>\n<p><span style=\"font-family: times new roman, times;font-size: 14pt\"><strong><u>Baza dydaktyczna<\/u><\/strong><\/span><\/p>\n<p><span style=\"font-family: times new roman, times;font-size: 14pt\">Przedszkole dysponuje 225 miejscami dla dzieci, w ramach dziewi\u0119ciu oddzia\u0142\u00f3w. Grupy przedszkolne s\u0105 niejednorodne wiekowo. Przedszkole pracuje od poniedzia\u0142ku do pi\u0105tku <\/span><span style=\"font-family: times new roman, times;font-size: 14pt\">w godzinach od 6.30 do 17.00 i w tym czasie\u00a0 zapewnia dzieciom prawo do odpoczynku <\/span><span style=\"font-family: times new roman, times;font-size: 14pt\">tj. dzieci m\u0142odsze w godzinach 12.00-13.45 odpoczywaj\u0105 na le\u017cakach, natomiast dzieci starsze po pierwszej cz\u0119\u015bci obiadu maj\u0105 zorganizowany odpoczynek w formie relaksacji ustalonej przez nauczyciela zgodnie z potrzebami dzieci. Zaplecze dydaktyczne stanowi\u0105 przestronne oraz s\u0142oneczne sale. W ka\u017cdej z nich po\u0142\u0105czone jest zar\u00f3wno\u00a0 miejsce do nauki, jak i zabawy &#8211; posiadamy nowe meble, nowoczesny sprz\u0119t elektroniczny, tematyczne k\u0105ciki zabaw oraz przestrze\u0144 do aktywno\u015bci fizycznej.<\/span><\/p>\n<p><span style=\"font-family: times new roman, times;font-size: 14pt\">Plac\u00f3wka posiada gabinety dla specjalist\u00f3w tj. logopedy, pedagoga i psychologa, kt\u00f3re s\u0105 wyposa\u017cona w niezb\u0119dne narz\u0119dzia i nowoczesne pomoce.<\/span><\/p>\n<p><span style=\"font-family: times new roman, times;font-size: 14pt\">Ponadto posiadamy specjalnie wyposa\u017con\u0105 sal\u0119 multimedialn\u0105, w kt\u00f3rej znajduj\u0105 si\u0119:<\/span><\/p>\n<p><span style=\"font-family: times new roman, times;font-size: 14pt\"><span style=\"color: #000000\">\u2663 <\/span>wielkoformatowa tablica interaktywna;<\/span><\/p>\n<p><span style=\"font-family: times new roman, times;font-size: 14pt\">\u2663\u00a0 monitor dotykowy;<\/span><\/p>\n<p><span style=\"font-family: times new roman, times;font-size: 14pt\">\u2663\u00a0 dywan multimedialny<\/span><\/p>\n<p><span style=\"font-family: times new roman, times;font-size: 14pt\">\u2663\u00a0 projektor;<\/span><\/p>\n<p><span style=\"font-family: times new roman, times;font-size: 14pt\">\u2663\u00a0 tablica projektowa;<\/span><\/p>\n<p><span style=\"font-family: times new roman, times;font-size: 14pt\">\u2663\u00a0 zestaw g\u0142o\u015bnik\u00f3w;<\/span><\/p>\n<p><span style=\"font-family: times new roman, times;font-size: 14pt\">\u2663\u00a0 stanowisko komputerowe;<\/span><\/p>\n<p><span style=\"font-family: times new roman, times;font-size: 14pt\">\u2663\u00a0 pianino elektryczne;<\/span><\/p>\n<p><span style=\"font-family: times new roman, times;font-size: 14pt\">\u2663\u00a0 licencjonowane programy edukacyjne;<\/span><\/p>\n<p><span style=\"font-family: times new roman, times;font-size: 14pt\">\u2663\u00a0 robot edukacyjny.<\/span><\/p>\n<p><span style=\"font-family: times new roman, times;font-size: 14pt\">Sala jest przystosowana do u\u017cytku przez ka\u017cd\u0105 grup\u0119 wiekow\u0105.<\/span><\/p>\n<p><span style=\"font-family: times new roman, times;font-size: 14pt\">Dodatkowo dzi\u0119ki projektorowi zawieszonemu w przedszkolnej szatni wy\u015bwietlane s\u0105 Pa\u0144stwu wa\u017cne wydarzenia i momenty, kt\u00f3re towarzysz\u0105 dzieciom w dniu codziennym.<\/span><\/p>\n<p><span style=\"font-family: times new roman, times;font-size: 14pt\">Dzieci korzystaj\u0105 z du\u017cego, ogrodzonego terenu wok\u00f3\u0142 Przedszkola. Plac zabaw wyposa\u017cony jest w urz\u0105dzenia terenowe (bujaki, zje\u017cd\u017calnia, pomosty) oraz piaskownice. Teren ogrodu jest zagospodarowany i zielony.<\/span><\/p>\n<p><span style=\"font-family: times new roman, times;font-size: 14pt\">Posiadamy r\u00f3\u017cnorodne przybory gimnastyczne, kt\u00f3rymi skutecznie zach\u0119camy dzieci <\/span><span style=\"font-family: times new roman, times;font-size: 14pt\">do podejmowania fizycznej aktywno\u015bci. W naszych zasobach mamy m. in. materace, pi\u0142ki do gry, bramki, kosze, obr\u0119cze, szarfy, tunele i wiele innych akcesori\u00f3w, kt\u00f3re towarzysz\u0105 nam zar\u00f3wno na przedszkolnym placu zabaw, jak i w zaj\u0119ciach prowadzonych w salach.<\/span><\/p>\n<p><span style=\"font-family: times new roman, times;font-size: 14pt\"><strong><u>Organizacja \u017cywienia<\/u><\/strong><\/span><\/p>\n<p><span style=\"font-family: times new roman, times;font-size: 14pt\">Posi\u0142ki dla dzieci przyrz\u0105dzane s\u0105 w przedszkolnej kuchni.<\/span><\/p>\n<p><span style=\"font-family: times new roman, times;font-size: 14pt\">Rozk\u0142ad posi\u0142k\u00f3w:<\/span><\/p>\n<p><span style=\"font-family: times new roman, times;font-size: 14pt\">\u2663\u00a0 08.30\/ 09.00 &#8211; \u015bniadanie;<\/span><\/p>\n<p><span style=\"font-family: times new roman, times;font-size: 14pt\">\u2663\u00a0 11.30\/ 12.00 &#8211; zupa + deser;<\/span><\/p>\n<p><span style=\"font-family: times new roman, times;font-size: 14pt\">\u2663 14.00 &#8211; drugie danie.<\/span><\/p>\n<p><span style=\"font-family: times new roman, times;font-size: 14pt\">Woda do picia jest dost\u0119pna bez ogranicze\u0144 w salach pobytu dzieci.<\/span><\/p>\n<p><span style=\"font-family: times new roman, times;font-size: 14pt\">Posiadamy z\u0142oty certyfikat HACCP oraz certyfikat sto\u0142\u00f3wki zdrowego i racjonalnego \u017cywienia. Przedszkole oferuje diet\u0119 tradycyjn\u0105 i bezmleczn\u0105, natomiast nie prowadzi indywidualnego \u017cywienia dzieci ( brak diet eliminacyjnych).<\/span><\/p>\n<p><span style=\"font-family: times new roman, times;font-size: 14pt\"><strong><u>Misja Przedszkola:<\/u><\/strong><\/span><\/p>\n<p><span style=\"font-family: times new roman, times;font-size: 14pt\">\u2663\u00a0 Przedszkole jest bezpieczne i przyjazne.<\/span><\/p>\n<p><span style=\"font-family: times new roman, times;font-size: 14pt\">\u2663\u00a0 Oferta edukacyjna wspomaga wszechstronny rozw\u00f3j dzieci, sprzyja rozwijaniu talent\u00f3w.<\/span><\/p>\n<p><span style=\"font-family: times new roman, times;font-size: 14pt\">\u2663\u00a0 Przedszkole tworzy przyjazne \u015brodowisko dla dzieci ze specjalnymi potrzebami edukacyjnymi, wspomaga rodzin\u0119 dziecka.<\/span><\/p>\n<p><span style=\"font-family: times new roman, times;font-size: 14pt\">\u2663\u00a0 W przedszkolu stosuje si\u0119 aktywne metody pracy z dzie\u0107mi.<\/span><\/p>\n<p><span style=\"font-family: times new roman, times;font-size: 14pt\">\u2663\u00a0 Rodzina dziecka jest partnerem i sojusznikiem dzia\u0142a\u0144 przedszkola.<\/span><\/p>\n<p><span style=\"font-family: times new roman, times;font-size: 14pt\">\u2663\u00a0 Przedszkole promuje osi\u0105gni\u0119cia i talenty dzieci.<\/span><\/p>\n<p><span style=\"font-family: times new roman, times;font-size: 14pt\">\u2663\u00a0 W przedszkolu pracuje kompetentna i zaanga\u017cowana kadra.<\/span><\/p>\n<p><span style=\"font-family: times new roman, times;font-size: 14pt\">\u2663\u00a0 Baza przedszkola jest nowoczesna i funkcjonalna.<\/span><\/p>\n<p><span style=\"font-family: times new roman, times;font-size: 14pt\">\u2663\u00a0 Przedszkole zapewnia wysok\u0105 jako\u015b\u0107 pracy.<\/span><\/p>\n<p><span style=\"font-family: times new roman, times;font-size: 14pt\"><strong><u>Zapewniamy dzieciom:<\/u><\/strong><\/span><\/p>\n<p><span style=\"font-family: times new roman, times;font-size: 14pt\">\u2663\u00a0 Realizacj\u0119 podstawy programowej wychowania przedszkolnego.<\/span><\/p>\n<p><span style=\"font-family: times new roman, times;font-size: 14pt\">\u2663\u00a0 Wspomaganie wszechstronnego rozwoju\u00a0 odpowiednio do jego indywidualnych potrzeb <\/span><span style=\"font-family: times new roman, times;font-size: 14pt\">i mo\u017cliwo\u015bci.<\/span><\/p>\n<p><span style=\"font-family: times new roman, times;font-size: 14pt\">\u2663\u00a0 Przyjazn\u0105\u00a0 atmosfer\u0119 oraz\u00a0 optymalne warunki do rozwijania osobowo\u015bci.<\/span><\/p>\n<p><span style=\"font-family: times new roman, times;font-size: 14pt\">\u2663\u00a0 Poczucie bezpiecze\u0144stwa.<\/span><\/p>\n<p><span style=\"font-family: times new roman, times;font-size: 14pt\">\u2663\u00a0 Wykwalifikowan\u0105 i kreatywn\u0105 kadr\u0119 pedagogiczn\u0105,\u00a0 doskonal\u0105c\u0105 warsztat pracy.<\/span><\/p>\n<p><span style=\"font-family: times new roman, times;font-size: 14pt\">\u2663\u00a0 Wycieczki.<\/span><\/p>\n<p><span style=\"font-family: times new roman, times;font-size: 14pt\">\u2663\u00a0 Dobr\u0105 zabaw\u0119.<\/span><\/p>\n<p><span style=\"font-family: times new roman, times;font-size: 14pt\"><strong><u>Zapewniamy Rodzicom:<\/u><\/strong><\/span><\/p>\n<p><span style=\"font-family: times new roman, times;font-size: 14pt\">\u2663\u00a0 Bie\u017c\u0105c\u0105 wymian\u0119 spostrze\u017ce\u0144 na temat rozwoju dzieci.<\/span><\/p>\n<p><span style=\"font-family: times new roman, times;font-size: 14pt\">\u2663\u00a0 Pomoc i wsparcie\u00a0 w dzia\u0142aniach wychowawczych.<\/span><\/p>\n<p><span style=\"font-family: times new roman, times;font-size: 14pt\">\u2663\u00a0 Udzia\u0142 w uroczysto\u015bciach, spotkaniach integracyjnych.<\/span><\/p>\n<p><span style=\"font-family: times new roman, times;font-size: 14pt\"><strong><u>Oferta edukacyjna<\/u><\/strong><\/span><\/p>\n<p><span style=\"font-family: times new roman, times;font-size: 14pt\">Przedszkole pe\u0142ni funkcj\u0119 opieku\u0144cz\u0105, wychowawcz\u0105 i kszta\u0142c\u0105c\u0105. Zapewnia dzieciom mo\u017cliwo\u015b\u0107 wsp\u00f3lnej zabawy i nauki w warunkach bezpiecznych, przyjaznych <\/span><span style=\"font-family: times new roman, times;font-size: 14pt\">i dostosowanych do ich potrzeb rozwojowych. Celem przedszkola jest wyr\u00f3wnywanie szans edukacyjnych dzieci zapewniaj\u0105cych udany start szkolny. Realizujemy podstaw\u0119 programow\u0105 wychowania przedszkolnego.<\/span><\/p>\n<p><span style=\"font-family: times new roman, times;font-size: 14pt\">Plac\u00f3wka w swojej ofercie edukacyjnej prowadzi nast\u0119puj\u0105ce zaj\u0119cia:<\/span><\/p>\n<ul>\n<li><span style=\"font-family: times new roman, times;font-size: 14pt\">przygotowanie do nauki j\u0119zyka obcego nowo\u017cytnego w toku codziennych zaj\u0119\u0107 dydaktyczno-wychowawczych;<\/span><\/li>\n<li><span style=\"font-family: times new roman, times;font-size: 14pt\">terapia i profilaktyka logopedyczna;<\/span><\/li>\n<li><span style=\"font-family: times new roman, times;font-size: 14pt\">gimnastyka og\u00f3lnorozwojowa z elementami korekcji;<\/span><\/li>\n<li><span style=\"font-family: times new roman, times;font-size: 14pt\">katecheza (na wniosek rodzic\u00f3w);<\/span><\/li>\n<li><span style=\"font-family: times new roman, times;font-size: 14pt\">opieka psychologiczno- pedagogiczna;<\/span><\/li>\n<li><span style=\"font-family: times new roman, times;font-size: 14pt\">zaj\u0119cia rytmiczne.<\/span><\/li>\n<\/ul>\n<p><span style=\"font-family: times new roman, times;font-size: 14pt\">Ponadto realizowane s\u0105 zaj\u0119cia sportowe w ramach programu \u201eMali Wspaniali\u201d.<\/span><\/p>\n<p><span style=\"font-family: times new roman, times;font-size: 14pt\"><strong><u>Udzia\u0142 w\u00a0 programach, projektach, akcjach spo\u0142ecznych<\/u><\/strong><\/span><\/p>\n<p><span style=\"font-family: times new roman, times;font-size: 14pt\">Przedszkole realizuje r\u00f3\u017cnorodne programy i projekty m.in.:<\/span><\/p>\n<p><span style=\"font-family: times new roman, times;font-size: 14pt\">\u2663\u00a0 \u201eNarodowy Program Rozwoju Czytelnictwa\u201d- program og\u00f3lnopolski;<\/span><\/p>\n<p><span style=\"font-family: times new roman, times;font-size: 14pt\">\u2663\u00a0 \u201eProfilaktyka przeciwdzia\u0142ania pr\u00f3chnicy u dzieci w wieku przedszkolnym\u201d;<\/span><\/p>\n<p><span style=\"font-family: times new roman, times;font-size: 14pt\">\u2663\u00a0 \u201eProgram Promocji Zdrowia\u201d- program prozdrowotny;<\/span><\/p>\n<p><span style=\"font-family: times new roman, times;font-size: 14pt\">\u2663\u00a0 \u201eKsi\u0105\u017cka dla Przedszkolaka\u201d \u2013 program czytelniczy;<\/span><\/p>\n<p><span style=\"font-family: times new roman, times;font-size: 14pt\">\u2663\u00a0 \u201eCzyste powietrze wok\u00f3\u0142 nas\u201d- miejski program prozdrowotny;<\/span><\/p>\n<p><span style=\"font-family: times new roman, times;font-size: 14pt\">\u2663\u00a0 \u201eMali wspaniali\u201d- miejski program prozdrowotny;<\/span><\/p>\n<p><span style=\"font-family: times new roman, times;font-size: 14pt\">\u2663\u00a0 \u201eMamo, tato wol\u0119 wod\u0119\u201d- og\u00f3lnopolski program prozdrowotny;<\/span><\/p>\n<p><span style=\"font-family: times new roman, times;font-size: 14pt\">\u2663\u00a0 \u201eKubusiowi Przyjaciele Natury\u201d- og\u00f3lnopolski program ekologiczny;<\/span><\/p>\n<p><span style=\"font-family: times new roman, times;font-size: 14pt\">\u2663\u00a0 \u201eZrozumie\u0107 trzylatka\u201d- program w\u0142asny;<\/span><\/p>\n<p><span style=\"font-family: times new roman, times;font-size: 14pt\">\u2663\u00a0 \u201eDzie\u0144 \u017byczliwo\u015bci\u201d- og\u00f3lnopolski projekt edukacyjny;<\/span><\/p>\n<p><span style=\"font-family: times new roman, times;font-size: 14pt\">\u2663\u00a0 \u201e\u015awiatowy Dzie\u0144 Pluszowego Misia\u201d- og\u00f3lnopolski projekt prozdrowotny;<\/span><\/p>\n<p><span style=\"font-family: times new roman, times;font-size: 14pt\">\u2663\u00a0 \u201eSprawne r\u0105czki Przedszkolaka\u201d- program w\u0142asny;<\/span><\/p>\n<p><span style=\"font-family: times new roman, times;font-size: 14pt\">\u2663\u00a0 \u201eMi\u0119dzynarodowy Dzie\u0144 Kropki\u201d- program rozbudzaj\u0105cy kreatywno\u015b\u0107;<\/span><\/p>\n<p><span style=\"font-family: times new roman, times;font-size: 14pt\">\u2663\u00a0 \u201eBezpieczny Przedszkolak\u201d- kampania edukacyjna;<\/span><\/p>\n<p><span style=\"font-family: times new roman, times;font-size: 14pt\">\u2663\u00a0 \u201e\u015awiatowy Dzie\u0144 Ziemi\u201d;<\/span><\/p>\n<p><span style=\"font-family: times new roman, times;font-size: 14pt\">\u2663\u00a0 \u201eSie\u0107 Przedszkoli i Szk\u00f3\u0142 Promuj\u0105cych Zdrowie\u201d- program promocji zdrowia;<\/span><\/p>\n<p><span style=\"font-family: times new roman, times;font-size: 14pt\">\u2663\u00a0 \u201ePrzedszkole promuj\u0105ce aktywno\u015b\u0107 fizyczn\u0105\u201d- promocja zdrowia przez aktywno\u015b\u0107 fizyczn\u0105;<\/span><\/p>\n<p><span style=\"font-family: times new roman, times;font-size: 14pt\">\u2663\u00a0 \u201eAnio\u0142kowe Granie\u201d- og\u00f3lnopolski projekt edukacyjny.<\/span><\/p>\n<p><span style=\"font-family: times new roman, times;font-size: 14pt\">\u2663\u00a0 \u201eWeso\u0142e Nutki to Ma\u0142e Ekoludki\u201d w\u0142asny program edukacji przyrodniczo- ekologicznej;<\/span><\/p>\n<p><span style=\"font-family: times new roman, times;font-size: 14pt\">\u2663\u00a0 \u201eWyj\u0105tkowy czas dla Przedszkolak\u00f3w- Gry Terenowe\u201d- projekt w ramach Dolno\u015bl\u0105skiego Funduszu Ma\u0142ych Inicjatyw;<\/span><\/p>\n<p><span style=\"font-family: times new roman, times;font-size: 14pt\">\u2663\u00a0 \u201eAkademia Krokieta i Lamy\u201d- po\u0142\u0105czenie edukacji, ruchu i rozrywki;<\/span><\/p>\n<p><span style=\"font-family: times new roman, times;font-size: 14pt\">\u2663\u00a0 Projekt edukacyjny \u201ePoznajemy kraje Europy\u201d;<\/span><\/p>\n<p><span style=\"font-family: times new roman, times;font-size: 14pt\">\u2663\u00a0 Og\u00f3lnopolski Program \u201eUczymy dzieci programowa\u0107\u201d;<\/span><\/p>\n<p><span style=\"font-family: times new roman, times;font-size: 14pt\">\u2663\u00a0 Program edukacyjny \u201eFAST Heroes\u201d;<\/span><\/p>\n<p><span style=\"font-family: times new roman, times;font-size: 14pt\">\u2663\u00a0 Og\u00f3lnopolski projekt edukacyjno-czytelniczego &#8222;Bajki &#8211; pomagajki, czyli o magicznej mocy bajkoterapii&#8221;;<\/span><\/p>\n<p><span style=\"font-family: times new roman, times;font-size: 14pt\">\u2663\u00a0 Program \u201ePorusz serce\u201d;<\/span><\/p>\n<p><span style=\"font-family: times new roman, times;font-size: 14pt\">\u2663\u00a0 Kampania \u201eRowerowy Maj\u201d.<\/span><\/p>\n<p><span style=\"font-family: times new roman, times;font-size: 14pt\">Przedszkole czynnie uczestniczy r\u00f3wnie\u017c w akcjach spo\u0142ecznych m. in.:<\/span><\/p>\n<p><span style=\"font-family: times new roman, times;font-size: 14pt\">\u2663\u00a0 \u201eSzko\u0142a do Hymnu\u201d- og\u00f3lnopolska akcja MEN;<\/span><\/p>\n<p><span style=\"font-family: times new roman, times;font-size: 14pt\">\u2663\u00a0 Akcja charytatywna na rzecz Wroc\u0142awskiego Hospicjum dla dzieci;<\/span><\/p>\n<p><span style=\"font-family: times new roman, times;font-size: 14pt\">\u2663\u00a0 Akcja na rzecz schroniska dla bezdomnych zwierz\u0105t;<\/span><\/p>\n<p><span style=\"font-family: times new roman, times;font-size: 14pt\">\u2663\u00a0 W\u0142\u0105czenie si\u0119 i zach\u0119canie rodzic\u00f3w do akcji na rzecz pomocy dla Ukrainy;<\/span><\/p>\n<p><span style=\"font-family: times new roman, times;font-size: 14pt\">\u2663\u00a0 Udzia\u0142 w zbi\u00f3rkach na rzecz naszych Rodak\u00f3w we Lwowie- zbi\u00f3rka artyku\u0142\u00f3w.<\/span><\/p>\n<p><span style=\"font-family: times new roman, times;font-size: 14pt\"><strong><u>Posiadane certyfikaty<\/u><\/strong><\/span><\/p>\n<p><span style=\"font-family: times new roman, times;font-size: 14pt\"><strong>\u00a0<\/strong><\/span><span style=\"font-family: times new roman, times;font-size: 14pt\">Przedszkole aktywnie uczestniczy w r\u00f3\u017cnorodnych dzia\u0142aniach edukacyjnych. Posiadamy certyfikaty potwierdzaj\u0105ce szeroki zakres dzia\u0142a\u0144 m. in.:<\/span><\/p>\n<p><span style=\"font-family: times new roman, times;font-size: 14pt\">\u2663\u00a0 Z\u0142oty Certyfikat Wroc\u0142awskiej Sieci Szk\u00f3\u0142 i Przedszkoli Promuj\u0105cych Zdrowie Wydzia\u0142u Zdrowia i Spraw Spo\u0142ecznych UM Wroc\u0142awia;<\/span><\/p>\n<p><span style=\"font-family: times new roman, times;font-size: 14pt\">\u2663\u00a0 Certyfikat Sto\u0142\u00f3wki Zdrowego i Racjonalnego \u017bywienia Wydzia\u0142u Zdrowia i Spraw Spo\u0142ecznych UM Wroc\u0142awia;<\/span><\/p>\n<p><span style=\"font-family: times new roman, times;font-size: 14pt\">\u2663\u00a0 Certyfikat Przedszkola Promuj\u0105cego Aktywno\u015b\u0107 Fizyczn\u0105 Wydzia\u0142u Zdrowia i Spraw Spo\u0142ecznych UM Wroc\u0142awia;<\/span><\/p>\n<p><span style=\"font-family: times new roman, times;font-size: 14pt\">\u2663\u00a0 Certyfikat Przedszkola Dobrze Przygotowuj\u0105cego do Szko\u0142y MEN;<\/span><\/p>\n<p><span style=\"font-family: times new roman, times;font-size: 14pt\">\u2663\u00a0 Certyfikat Przedszkola Kreatywno\u015bci i Innowacji Wroc\u0142awskiego Centrum Rozwoju Spo\u0142ecznego;<\/span><\/p>\n<p><span style=\"font-family: times new roman, times;font-size: 14pt\">\u2663\u00a0 Certyfikat Programu \u201eKubusiowi Przyjaciele Natury\u201d;<\/span><\/p>\n<p><span style=\"font-family: times new roman, times;font-size: 14pt\">\u2663\u00a0 Certyfikat HACCP.<\/span><\/p>\n<p><span style=\"font-family: times new roman, times;font-size: 14pt\"><strong><u>Uroczysto\u015bci i imprezy wynikaj\u0105ce z tradycji przedszkola <\/u><\/strong><\/span><\/p>\n<p><span style=\"font-family: times new roman, times;font-size: 14pt\"><strong>\u00a0<\/strong><\/span><\/p>\n<p><span style=\"font-family: times new roman, times;font-size: 14pt\">W\u015br\u00f3d cyklicznych imprez organizowanych przez Przedszkole mo\u017cna wymieni\u0107 m. in.:<\/span><\/p>\n<p><span style=\"font-family: times new roman, times;font-size: 14pt\"><strong>\u00a0<\/strong><\/span><span style=\"font-family: times new roman, times;font-size: 14pt\">\u2663\u00a0 Pasowanie na Przedszkolaka;<\/span><\/p>\n<p><span style=\"font-family: times new roman, times;font-size: 14pt\">\u2663\u00a0 Festyny rodzinne- imprezy dla dzieci i rodzic\u00f3w;<\/span><\/p>\n<p><span style=\"font-family: times new roman, times;font-size: 14pt\">\u2663\u00a0 Dzie\u0144 Niepodleg\u0142o\u015bci;<\/span><\/p>\n<p><span style=\"font-family: times new roman, times;font-size: 14pt\">\u2663\u00a0 Jase\u0142ka i wsp\u00f3lne kol\u0119dowanie;<\/span><\/p>\n<p><span style=\"font-family: times new roman, times;font-size: 14pt\">\u2663\u00a0 Dzie\u0144 Babci i Dziadka;<\/span><\/p>\n<p><span style=\"font-family: times new roman, times;font-size: 14pt\">\u2663\u00a0 Kiermasze \u015bwi\u0105teczne;<\/span><\/p>\n<p><span style=\"font-family: times new roman, times;font-size: 14pt\">\u2663\u00a0 Dzie\u0144 Wiosny;<\/span><\/p>\n<p><span style=\"font-family: times new roman, times;font-size: 14pt\">\u2663\u00a0 Dzie\u0144 Mamy i Taty;<\/span><\/p>\n<p><span style=\"font-family: times new roman, times;font-size: 14pt\">\u2663\u00a0 Po\u017cegnanie dzieci odchodz\u0105cych do szk\u00f3\u0142;<\/span><\/p>\n<p><span style=\"font-family: times new roman, times;font-size: 14pt\">\u2663\u00a0 Bal karnawa\u0142owy.<\/span><\/p>\n<p><span style=\"font-family: times new roman, times;font-size: 12pt\"><strong><span style=\"color: #ff0000\">SPRAWOZDANIE FINANSOWE<\/span><\/strong><\/span><\/p>\n<div><span style=\"font-family: times new roman, times;font-size: 14pt\">Sprawozdanie finansowe jednostki zosta\u0142o opublikowane na stronie <\/span><span id=\"x_OBJ_PREFIX_DWT67_com_zimbra_url\" class=\"x_Object\"><a href=\"https:\/\/bip.cui.wroclaw.pl\/\" target=\"_blank\" rel=\"nofollow noopener noreferrer\"><span style=\"font-family: times new roman, times;font-size: 14pt\">https:\/\/bip.cui.wroclaw.pl<\/span><\/a><\/span><\/div>\n<p><span style=\"font-family: times new roman, times;font-size: 12pt\">\u00a0<\/span>[\/vc_column_text][\/vc_column][\/vc_row]<\/p>\n<\/div>","protected":false},"excerpt":{"rendered":"<p>[vc_row][vc_column][vc_column_text css=&#8221;&#8221;]Informacje og\u00f3lne Przedszkole Nr 150 \u201eWeso\u0142e Nutki\u201d znajduje si\u0119 przy ul. P. P. Ignuta 30 na osiedlu Kozan\u00f3w w dzielnicy Wroc\u0142aw &#8211; Fabryczna. Plac\u00f3wka mie\u015bci si\u0119 w budynku wolnostoj\u0105cym, [&hellip;]<\/p>\n","protected":false},"author":72,"featured_media":0,"parent":16,"menu_order":0,"comment_status":"closed","ping_status":"closed","template":"","meta":{"ngg_post_thumbnail":0,"footnotes":""},"class_list":["post-28","page","type-page","status-publish","hentry","clearfix"],"_links":{"self":[{"href":"https:\/\/przedszkole150.edu.wroclaw.pl\/index.php\/wp-json\/wp\/v2\/pages\/28","targetHints":{"allow":["GET"]}}],"collection":[{"href":"https:\/\/przedszkole150.edu.wroclaw.pl\/index.php\/wp-json\/wp\/v2\/pages"}],"about":[{"href":"https:\/\/przedszkole150.edu.wroclaw.pl\/index.php\/wp-json\/wp\/v2\/types\/page"}],"author":[{"embeddable":true,"href":"https:\/\/przedszkole150.edu.wroclaw.pl\/index.php\/wp-json\/wp\/v2\/users\/72"}],"replies":[{"embeddable":true,"href":"https:\/\/przedszkole150.edu.wroclaw.pl\/index.php\/wp-json\/wp\/v2\/comments?post=28"}],"version-history":[{"count":24,"href":"https:\/\/przedszkole150.edu.wroclaw.pl\/index.php\/wp-json\/wp\/v2\/pages\/28\/revisions"}],"predecessor-version":[{"id":7593,"href":"https:\/\/przedszkole150.edu.wroclaw.pl\/index.php\/wp-json\/wp\/v2\/pages\/28\/revisions\/7593"}],"up":[{"embeddable":true,"href":"https:\/\/przedszkole150.edu.wroclaw.pl\/index.php\/wp-json\/wp\/v2\/pages\/16"}],"wp:attachment":[{"href":"https:\/\/przedszkole150.edu.wroclaw.pl\/index.php\/wp-json\/wp\/v2\/media?parent=28"}],"curies":[{"name":"wp","href":"https:\/\/api.w.org\/{rel}","templated":true}]}}