
{"id":2829,"date":"2022-10-23T18:13:06","date_gmt":"2022-10-23T16:13:06","guid":{"rendered":"https:\/\/przedszkole150.edu.wroclaw.pl\/?page_id=2829"},"modified":"2022-10-23T18:13:14","modified_gmt":"2022-10-23T16:13:14","slug":"swieto-pieczonego-ziemniaka","status":"publish","type":"page","link":"https:\/\/przedszkole150.edu.wroclaw.pl\/index.php\/swieto-pieczonego-ziemniaka\/","title":{"rendered":"\u015awi\u0119to pieczonego Ziemniaka"},"content":{"rendered":"<div class=\"wpb-content-wrapper\"><p>[vc_row][vc_column][vc_column_text]<\/p>\n<div><\/div>\n<div>Dnia 30 wrze\u015bnia\u00a0 przedszkolaki z grupy II, VII, VIII i IX uda\u0142y si\u0119\u00a0 do Krzeptowa, na \u015awi\u0119to Pieczonego Ziemniaka. Na dzieci czeka\u0142o mn\u00f3stwo atrakcji:<\/div>\n<div>\n<ul>\n<li>,,wykopki\u201d (zbieranie ziemniak\u00f3w) na polu z ziemniakami oraz opowiedzenie przez Przewodnika kr\u00f3tkiej historii ziemniaka i kilku praktycznych porad dotycz\u0105cych ziemniak\u00f3w<\/li>\n<li>konkurs na Kr\u00f3la Kartofla<\/li>\n<li>\u00a0ognisko z pieczonymi ziemniakami<\/li>\n<li>warsztaty manualne: je\u017ce ziemniaczane<\/li>\n<li>zdj\u0119cie z Wielkim Panem Kartoflem<\/li>\n<\/ul>\n<\/div>\n<p>[\/vc_column_text][\/vc_column][\/vc_row][vc_row][vc_column][vc_gallery type=&#8221;image_grid&#8221; images=&#8221;2830,2831,2832,2833,2834,2835,2836&#8243;][\/vc_column][\/vc_row]<\/p>\n<\/div>","protected":false},"excerpt":{"rendered":"<p>[vc_row][vc_column][vc_column_text] Dnia 30 wrze\u015bnia\u00a0 przedszkolaki z grupy II, VII, VIII i IX uda\u0142y si\u0119\u00a0 do Krzeptowa, na \u015awi\u0119to Pieczonego Ziemniaka. Na dzieci czeka\u0142o mn\u00f3stwo atrakcji: ,,wykopki\u201d (zbieranie ziemniak\u00f3w) na polu [&hellip;]<\/p>\n","protected":false},"author":264,"featured_media":0,"parent":0,"menu_order":0,"comment_status":"closed","ping_status":"closed","template":"","meta":{"ngg_post_thumbnail":0,"footnotes":""},"class_list":["post-2829","page","type-page","status-publish","hentry","clearfix"],"_links":{"self":[{"href":"https:\/\/przedszkole150.edu.wroclaw.pl\/index.php\/wp-json\/wp\/v2\/pages\/2829","targetHints":{"allow":["GET"]}}],"collection":[{"href":"https:\/\/przedszkole150.edu.wroclaw.pl\/index.php\/wp-json\/wp\/v2\/pages"}],"about":[{"href":"https:\/\/przedszkole150.edu.wroclaw.pl\/index.php\/wp-json\/wp\/v2\/types\/page"}],"author":[{"embeddable":true,"href":"https:\/\/przedszkole150.edu.wroclaw.pl\/index.php\/wp-json\/wp\/v2\/users\/264"}],"replies":[{"embeddable":true,"href":"https:\/\/przedszkole150.edu.wroclaw.pl\/index.php\/wp-json\/wp\/v2\/comments?post=2829"}],"version-history":[{"count":1,"href":"https:\/\/przedszkole150.edu.wroclaw.pl\/index.php\/wp-json\/wp\/v2\/pages\/2829\/revisions"}],"predecessor-version":[{"id":2837,"href":"https:\/\/przedszkole150.edu.wroclaw.pl\/index.php\/wp-json\/wp\/v2\/pages\/2829\/revisions\/2837"}],"wp:attachment":[{"href":"https:\/\/przedszkole150.edu.wroclaw.pl\/index.php\/wp-json\/wp\/v2\/media?parent=2829"}],"curies":[{"name":"wp","href":"https:\/\/api.w.org\/{rel}","templated":true}]}}