
{"id":2839,"date":"2022-10-23T18:20:01","date_gmt":"2022-10-23T16:20:01","guid":{"rendered":"https:\/\/przedszkole150.edu.wroclaw.pl\/?page_id=2839"},"modified":"2022-10-23T18:41:35","modified_gmt":"2022-10-23T16:41:35","slug":"jesienne-kodowanie","status":"publish","type":"page","link":"https:\/\/przedszkole150.edu.wroclaw.pl\/index.php\/jesienne-kodowanie\/","title":{"rendered":"Jesienne kodowanie"},"content":{"rendered":"<div class=\"wpb-content-wrapper\"><p>[vc_row][vc_column][vc_column_text]<\/p>\n<div>Dzieci z gr.VII stawiaj\u0105 swoje\u00a0 pierwsze kroki w zabawach z kodowaniem.<\/div>\n<div>Kodowanie w przedszkolu zaczynamy od prostych zabaw bez u\u017cywania komputera. W ten spos\u00f3b dzieci ucz\u0105 si\u0119 nowych kompetencji, poznaj\u0105c przy okazji nowe poj\u0119cia i zwroty. Taka forma nauki poprzez zabaw\u0119\u00a0w \u0142agodny i przyjazny spos\u00f3b wprowadza dzieci w \u015bwiat, kt\u00f3ry uczy logicznego my\u015blenia, obserwacji i dedukcji.<\/div>\n<p>[\/vc_column_text][vc_gallery type=&#8221;image_grid&#8221; images=&#8221;2843,2842,2841,2840&#8243;][\/vc_column][\/vc_row]<\/p>\n<\/div>","protected":false},"excerpt":{"rendered":"<p>[vc_row][vc_column][vc_column_text] Dzieci z gr.VII stawiaj\u0105 swoje\u00a0 pierwsze kroki w zabawach z kodowaniem. Kodowanie w przedszkolu zaczynamy od prostych zabaw bez u\u017cywania komputera. W ten spos\u00f3b dzieci ucz\u0105 si\u0119 nowych kompetencji, [&hellip;]<\/p>\n","protected":false},"author":264,"featured_media":0,"parent":0,"menu_order":0,"comment_status":"closed","ping_status":"closed","template":"","meta":{"ngg_post_thumbnail":0,"footnotes":""},"class_list":["post-2839","page","type-page","status-publish","hentry","clearfix"],"_links":{"self":[{"href":"https:\/\/przedszkole150.edu.wroclaw.pl\/index.php\/wp-json\/wp\/v2\/pages\/2839","targetHints":{"allow":["GET"]}}],"collection":[{"href":"https:\/\/przedszkole150.edu.wroclaw.pl\/index.php\/wp-json\/wp\/v2\/pages"}],"about":[{"href":"https:\/\/przedszkole150.edu.wroclaw.pl\/index.php\/wp-json\/wp\/v2\/types\/page"}],"author":[{"embeddable":true,"href":"https:\/\/przedszkole150.edu.wroclaw.pl\/index.php\/wp-json\/wp\/v2\/users\/264"}],"replies":[{"embeddable":true,"href":"https:\/\/przedszkole150.edu.wroclaw.pl\/index.php\/wp-json\/wp\/v2\/comments?post=2839"}],"version-history":[{"count":3,"href":"https:\/\/przedszkole150.edu.wroclaw.pl\/index.php\/wp-json\/wp\/v2\/pages\/2839\/revisions"}],"predecessor-version":[{"id":2847,"href":"https:\/\/przedszkole150.edu.wroclaw.pl\/index.php\/wp-json\/wp\/v2\/pages\/2839\/revisions\/2847"}],"wp:attachment":[{"href":"https:\/\/przedszkole150.edu.wroclaw.pl\/index.php\/wp-json\/wp\/v2\/media?parent=2839"}],"curies":[{"name":"wp","href":"https:\/\/api.w.org\/{rel}","templated":true}]}}