
{"id":3014,"date":"2022-11-21T09:14:05","date_gmt":"2022-11-21T08:14:05","guid":{"rendered":"https:\/\/przedszkole150.edu.wroclaw.pl\/?page_id=3014"},"modified":"2022-11-21T09:14:28","modified_gmt":"2022-11-21T08:14:28","slug":"3014-2","status":"publish","type":"page","link":"https:\/\/przedszkole150.edu.wroclaw.pl\/index.php\/3014-2\/","title":{"rendered":"Szko\u0142a pami\u0119ci &#8211; podzi\u0119kowanie"},"content":{"rendered":"<div class=\"wpb-content-wrapper\"><p>[vc_row][vc_column][vc_column_text]<\/p>\n<table border=\"0\" width=\"100%\" cellspacing=\"0\" cellpadding=\"0\">\n<tbody>\n<tr>\n<td width=\"600\">Nasze Przedszkole w r\u0119ce Pni Dyrektor Krystyny Marczy\u0144skiej otrzyma\u0142o od Ministra Edukacji i Nauki Przemys\u0142awa Czarnka serdeczne podzi\u0119kowanie za udzia\u0142 w akcji \u201eSzko\u0142a pami\u0119ta\u201d. W tegorocznej inicjatywie wzi\u0119\u0142o udzia\u0142 ponad 11 tys. przedszkoli, szk\u00f3\u0142 i plac\u00f3wek o\u015bwiatowych.<\/td>\n<\/tr>\n<\/tbody>\n<\/table>\n<p>[\/vc_column_text][vc_gallery type=&#8221;image_grid&#8221; images=&#8221;3015&#8243;][\/vc_column][\/vc_row]<\/p>\n<\/div>","protected":false},"excerpt":{"rendered":"<p>[vc_row][vc_column][vc_column_text] Nasze Przedszkole w r\u0119ce Pni Dyrektor Krystyny Marczy\u0144skiej otrzyma\u0142o od Ministra Edukacji i Nauki Przemys\u0142awa Czarnka serdeczne podzi\u0119kowanie za udzia\u0142 w akcji \u201eSzko\u0142a pami\u0119ta\u201d. W tegorocznej inicjatywie wzi\u0119\u0142o udzia\u0142 [&hellip;]<\/p>\n","protected":false},"author":264,"featured_media":0,"parent":0,"menu_order":0,"comment_status":"closed","ping_status":"closed","template":"","meta":{"ngg_post_thumbnail":0,"footnotes":""},"class_list":["post-3014","page","type-page","status-publish","hentry","clearfix"],"_links":{"self":[{"href":"https:\/\/przedszkole150.edu.wroclaw.pl\/index.php\/wp-json\/wp\/v2\/pages\/3014","targetHints":{"allow":["GET"]}}],"collection":[{"href":"https:\/\/przedszkole150.edu.wroclaw.pl\/index.php\/wp-json\/wp\/v2\/pages"}],"about":[{"href":"https:\/\/przedszkole150.edu.wroclaw.pl\/index.php\/wp-json\/wp\/v2\/types\/page"}],"author":[{"embeddable":true,"href":"https:\/\/przedszkole150.edu.wroclaw.pl\/index.php\/wp-json\/wp\/v2\/users\/264"}],"replies":[{"embeddable":true,"href":"https:\/\/przedszkole150.edu.wroclaw.pl\/index.php\/wp-json\/wp\/v2\/comments?post=3014"}],"version-history":[{"count":3,"href":"https:\/\/przedszkole150.edu.wroclaw.pl\/index.php\/wp-json\/wp\/v2\/pages\/3014\/revisions"}],"predecessor-version":[{"id":3018,"href":"https:\/\/przedszkole150.edu.wroclaw.pl\/index.php\/wp-json\/wp\/v2\/pages\/3014\/revisions\/3018"}],"wp:attachment":[{"href":"https:\/\/przedszkole150.edu.wroclaw.pl\/index.php\/wp-json\/wp\/v2\/media?parent=3014"}],"curies":[{"name":"wp","href":"https:\/\/api.w.org\/{rel}","templated":true}]}}