
{"id":3056,"date":"2022-11-25T07:13:56","date_gmt":"2022-11-25T06:13:56","guid":{"rendered":"https:\/\/przedszkole150.edu.wroclaw.pl\/?page_id=3056"},"modified":"2022-11-25T07:13:56","modified_gmt":"2022-11-25T06:13:56","slug":"wyjatkowy-czas-dla-przedszkolakow","status":"publish","type":"page","link":"https:\/\/przedszkole150.edu.wroclaw.pl\/index.php\/wyjatkowy-czas-dla-przedszkolakow\/","title":{"rendered":"Wyj\u0105tkowy czas dla przedszkolak\u00f3w"},"content":{"rendered":"<div class=\"wpb-content-wrapper\"><p>[vc_row][vc_column][vc_column_text]Pani Sylwia Nowak- Stoklosa otrzyma\u0142a podzi\u0119kowanie od Fundacji &#8222;Umbrella&#8221;, za pomoc w realizacji projektu &#8222;Wyj\u0105tkowy czas dla przedszkolak\u00f3w- Gry terenowe&#8221;.<\/p>\n<p>[\/vc_column_text][vc_gallery type=&#8221;image_grid&#8221; images=&#8221;3057&#8243;][\/vc_column][\/vc_row]<\/p>\n<\/div>","protected":false},"excerpt":{"rendered":"<p>[vc_row][vc_column][vc_column_text]Pani Sylwia Nowak- Stoklosa otrzyma\u0142a podzi\u0119kowanie od Fundacji &#8222;Umbrella&#8221;, za pomoc w realizacji projektu &#8222;Wyj\u0105tkowy czas dla przedszkolak\u00f3w- Gry terenowe&#8221;. [\/vc_column_text][vc_gallery type=&#8221;image_grid&#8221; images=&#8221;3057&#8243;][\/vc_column][\/vc_row]<\/p>\n","protected":false},"author":264,"featured_media":0,"parent":0,"menu_order":0,"comment_status":"closed","ping_status":"closed","template":"","meta":{"ngg_post_thumbnail":0,"footnotes":""},"class_list":["post-3056","page","type-page","status-publish","hentry","clearfix"],"_links":{"self":[{"href":"https:\/\/przedszkole150.edu.wroclaw.pl\/index.php\/wp-json\/wp\/v2\/pages\/3056","targetHints":{"allow":["GET"]}}],"collection":[{"href":"https:\/\/przedszkole150.edu.wroclaw.pl\/index.php\/wp-json\/wp\/v2\/pages"}],"about":[{"href":"https:\/\/przedszkole150.edu.wroclaw.pl\/index.php\/wp-json\/wp\/v2\/types\/page"}],"author":[{"embeddable":true,"href":"https:\/\/przedszkole150.edu.wroclaw.pl\/index.php\/wp-json\/wp\/v2\/users\/264"}],"replies":[{"embeddable":true,"href":"https:\/\/przedszkole150.edu.wroclaw.pl\/index.php\/wp-json\/wp\/v2\/comments?post=3056"}],"version-history":[{"count":1,"href":"https:\/\/przedszkole150.edu.wroclaw.pl\/index.php\/wp-json\/wp\/v2\/pages\/3056\/revisions"}],"predecessor-version":[{"id":3058,"href":"https:\/\/przedszkole150.edu.wroclaw.pl\/index.php\/wp-json\/wp\/v2\/pages\/3056\/revisions\/3058"}],"wp:attachment":[{"href":"https:\/\/przedszkole150.edu.wroclaw.pl\/index.php\/wp-json\/wp\/v2\/media?parent=3056"}],"curies":[{"name":"wp","href":"https:\/\/api.w.org\/{rel}","templated":true}]}}