
{"id":3204,"date":"2022-12-28T08:00:17","date_gmt":"2022-12-28T07:00:17","guid":{"rendered":"https:\/\/przedszkole150.edu.wroclaw.pl\/?page_id=3204"},"modified":"2022-12-28T08:00:17","modified_gmt":"2022-12-28T07:00:17","slug":"kartki-swiateczne","status":"publish","type":"page","link":"https:\/\/przedszkole150.edu.wroclaw.pl\/index.php\/kartki-swiateczne\/","title":{"rendered":"Kartki \u015bwi\u0105teczne"},"content":{"rendered":"<div class=\"wpb-content-wrapper\"><p>[vc_row][vc_column][vc_column_text]Dzieci z grupy I wykona\u0142y kartki\u00a0 w ramach akcji\u00a0 Bohateron dla Powsta\u0144c\u00f3w Warszawskich mieszkaj\u0105cych we Wroc\u0142awiu : dla Pani Marii Urbaniec p &#8211; Downarowiczseudonim &#8222;Myszka&#8221; i dla Pana Stans\u0142awa Wolczaskiego.<\/p>\n<p>[\/vc_column_text][vc_gallery type=&#8221;image_grid&#8221; images=&#8221;3206,3207,3205&#8243;][\/vc_column][\/vc_row]<\/p>\n<\/div>","protected":false},"excerpt":{"rendered":"<p>[vc_row][vc_column][vc_column_text]Dzieci z grupy I wykona\u0142y kartki\u00a0 w ramach akcji\u00a0 Bohateron dla Powsta\u0144c\u00f3w Warszawskich mieszkaj\u0105cych we Wroc\u0142awiu : dla Pani Marii Urbaniec p &#8211; Downarowiczseudonim &#8222;Myszka&#8221; i dla Pana Stans\u0142awa Wolczaskiego. [&hellip;]<\/p>\n","protected":false},"author":264,"featured_media":0,"parent":0,"menu_order":0,"comment_status":"closed","ping_status":"closed","template":"","meta":{"ngg_post_thumbnail":0,"footnotes":""},"class_list":["post-3204","page","type-page","status-publish","hentry","clearfix"],"_links":{"self":[{"href":"https:\/\/przedszkole150.edu.wroclaw.pl\/index.php\/wp-json\/wp\/v2\/pages\/3204","targetHints":{"allow":["GET"]}}],"collection":[{"href":"https:\/\/przedszkole150.edu.wroclaw.pl\/index.php\/wp-json\/wp\/v2\/pages"}],"about":[{"href":"https:\/\/przedszkole150.edu.wroclaw.pl\/index.php\/wp-json\/wp\/v2\/types\/page"}],"author":[{"embeddable":true,"href":"https:\/\/przedszkole150.edu.wroclaw.pl\/index.php\/wp-json\/wp\/v2\/users\/264"}],"replies":[{"embeddable":true,"href":"https:\/\/przedszkole150.edu.wroclaw.pl\/index.php\/wp-json\/wp\/v2\/comments?post=3204"}],"version-history":[{"count":1,"href":"https:\/\/przedszkole150.edu.wroclaw.pl\/index.php\/wp-json\/wp\/v2\/pages\/3204\/revisions"}],"predecessor-version":[{"id":3208,"href":"https:\/\/przedszkole150.edu.wroclaw.pl\/index.php\/wp-json\/wp\/v2\/pages\/3204\/revisions\/3208"}],"wp:attachment":[{"href":"https:\/\/przedszkole150.edu.wroclaw.pl\/index.php\/wp-json\/wp\/v2\/media?parent=3204"}],"curies":[{"name":"wp","href":"https:\/\/api.w.org\/{rel}","templated":true}]}}