
{"id":3219,"date":"2022-12-28T08:20:53","date_gmt":"2022-12-28T07:20:53","guid":{"rendered":"https:\/\/przedszkole150.edu.wroclaw.pl\/?page_id=3219"},"modified":"2022-12-28T08:20:53","modified_gmt":"2022-12-28T07:20:53","slug":"jaselka","status":"publish","type":"page","link":"https:\/\/przedszkole150.edu.wroclaw.pl\/index.php\/jaselka\/","title":{"rendered":"Jase\u0142ka"},"content":{"rendered":"<div class=\"wpb-content-wrapper\"><p>[vc_row][vc_column][vc_column_text]09\u00a0grudnia 2022\u00a0roku w\u00a0naszym przedszkolu odby\u0142y si\u0119 Jase\u0142ka Bo\u017conarodzeniowe w\u00a0wykonaniu przedszkolak\u00f3w z grupy II. Dzieci w\u00a0strojach Maryi, \u015awi\u0119tego J\u00f3zefa, pastuszk\u00f3w, kr\u00f3l\u00f3w i\u00a0anio\u0142\u00f3w w\u00a0przejmuj\u0105cy spos\u00f3b opowiedzia\u0142y histori\u0119 Bo\u017cego Narodzenia. Celem wyst\u0105pienia by\u0142o wprowadzenie wszystkich w\u00a0\u015bwi\u0105teczn\u0105 atmosfer\u0119, pe\u0142n\u0105 rado\u015bci z\u00a0Narodzenia Pana. Podczas wyst\u0119pu przedszkolaki zaprezentowa\u0142y ca\u0142y wachlarz swoich umiej\u0119tno\u015bci: wokalnych, recytatorskich i\u00a0tanecznych. Swoje role m\u00f3wi\u0142y z\u00a0wielkim przej\u0119ciem. Nie\u00a0zabrak\u0142o r\u00f3wnie\u017c pi\u0119knych polskich kol\u0119d, pastora\u0142ek i\u00a0ta\u0144ca anio\u0142\u00f3w.<\/p>\n<p>Przedstawienie wystawione by\u0142o dla dzieci przedszkolnych z innych grup oraz dla Rodzic\u00f3w naszych ma\u0142ych aktor\u00f3w.<\/p>\n<p>[\/vc_column_text][vc_gallery type=&#8221;image_grid&#8221; images=&#8221;3220&#8243;][\/vc_column][\/vc_row]<\/p>\n<\/div>","protected":false},"excerpt":{"rendered":"<p>[vc_row][vc_column][vc_column_text]09\u00a0grudnia 2022\u00a0roku w\u00a0naszym przedszkolu odby\u0142y si\u0119 Jase\u0142ka Bo\u017conarodzeniowe w\u00a0wykonaniu przedszkolak\u00f3w z grupy II. Dzieci w\u00a0strojach Maryi, \u015awi\u0119tego J\u00f3zefa, pastuszk\u00f3w, kr\u00f3l\u00f3w i\u00a0anio\u0142\u00f3w w\u00a0przejmuj\u0105cy spos\u00f3b opowiedzia\u0142y histori\u0119 Bo\u017cego Narodzenia. Celem wyst\u0105pienia by\u0142o [&hellip;]<\/p>\n","protected":false},"author":264,"featured_media":0,"parent":0,"menu_order":0,"comment_status":"closed","ping_status":"closed","template":"","meta":{"ngg_post_thumbnail":0,"footnotes":""},"class_list":["post-3219","page","type-page","status-publish","hentry","clearfix"],"_links":{"self":[{"href":"https:\/\/przedszkole150.edu.wroclaw.pl\/index.php\/wp-json\/wp\/v2\/pages\/3219","targetHints":{"allow":["GET"]}}],"collection":[{"href":"https:\/\/przedszkole150.edu.wroclaw.pl\/index.php\/wp-json\/wp\/v2\/pages"}],"about":[{"href":"https:\/\/przedszkole150.edu.wroclaw.pl\/index.php\/wp-json\/wp\/v2\/types\/page"}],"author":[{"embeddable":true,"href":"https:\/\/przedszkole150.edu.wroclaw.pl\/index.php\/wp-json\/wp\/v2\/users\/264"}],"replies":[{"embeddable":true,"href":"https:\/\/przedszkole150.edu.wroclaw.pl\/index.php\/wp-json\/wp\/v2\/comments?post=3219"}],"version-history":[{"count":1,"href":"https:\/\/przedszkole150.edu.wroclaw.pl\/index.php\/wp-json\/wp\/v2\/pages\/3219\/revisions"}],"predecessor-version":[{"id":3221,"href":"https:\/\/przedszkole150.edu.wroclaw.pl\/index.php\/wp-json\/wp\/v2\/pages\/3219\/revisions\/3221"}],"wp:attachment":[{"href":"https:\/\/przedszkole150.edu.wroclaw.pl\/index.php\/wp-json\/wp\/v2\/media?parent=3219"}],"curies":[{"name":"wp","href":"https:\/\/api.w.org\/{rel}","templated":true}]}}