
{"id":36,"date":"2021-04-19T14:42:13","date_gmt":"2021-04-19T12:42:13","guid":{"rendered":"http:\/\/przedszkole150.edu.wroclaw.pl\/?page_id=36"},"modified":"2026-03-08T20:10:31","modified_gmt":"2026-03-08T19:10:31","slug":"grupa-ii","status":"publish","type":"page","link":"https:\/\/przedszkole150.edu.wroclaw.pl\/index.php\/grupy\/grupa-ii\/","title":{"rendered":"Grupa II"},"content":{"rendered":"<div class=\"wpb-content-wrapper\"><p>[vc_row][vc_column][vc_column_text css=&#8221;&#8221;]<\/p>\n<h3><span style=\"color: #008000;font-family: georgia, palatino;font-size: 14pt\">GRUPA \u00a0 II\u00a0 \u00a04 &#8211; latki<\/span><\/h3>\n<p>&nbsp;<\/p>\n<p><span style=\"color: #008000;font-family: georgia, palatino;font-size: 14pt\"><strong>NAUCZYCIELE:<\/strong><\/span><\/p>\n<p><span style=\"color: #000000;font-family: georgia, palatino;font-size: 14pt\">mgr Sylwia Plichta\u00a0 \u00a0 e-mail: sylpli7865@edu.wroclaw.pl<\/span><\/p>\n<p><span style=\"color: #000080;font-family: georgia, palatino;font-size: 14pt\"><span style=\"color: #000000\">mgr Anna Tustanowska\u00a0 \u00a0 \u00a0 \u00a0e-mail: anntus6362@edu.wroclaw.pl<\/span><\/span><\/p>\n<p>&nbsp;<\/p>\n<p><span style=\"font-family: georgia, palatino;font-size: 14pt;color: #008000\"><strong>GODZINY PRACY ODDZIA\u0141\u00d3W:<\/strong><\/span><\/p>\n<p><span style=\"font-family: georgia, palatino;font-size: 14pt\"><strong>W godzinach:<\/strong><\/span><\/p>\n<p><span style=\"font-family: georgia, palatino;font-size: 14pt\">\u2660\u00a0 06:30 &#8211; 08:30;<\/span><\/p>\n<p><span style=\"font-family: georgia, palatino;font-size: 14pt\">\u2660 15:00 &#8211; 17:00;<\/span><\/p>\n<p><span style=\"font-family: georgia, palatino;font-size: 14pt\">\u2660 oraz w ramach potrzeb organizacyjnych Przedszkole funkcjonuje w grupach mi\u0119dzyoddzia\u0142owych.<\/span><\/p>\n<p><span style=\"font-family: georgia, palatino;font-size: 14pt\">Informacja o miejscu przebywania dzieci b\u0119dzie umieszczona na drzwiach sali.<\/span><\/p>\n<h1><span style=\"color: #800080;font-family: georgia, palatino;font-size: 14pt\"><a style=\"color: #800080\" href=\"https:\/\/przedszkole150.edu.wroclaw.pl\/index.php\/zamierzenia-wychowawczo-dydaktyczne\/\"><strong><span style=\"color: #008000\">ZAMIERZENIA WYCHOWAWCZO &#8211; DYDAKTYCZNE<\/span><\/strong><\/a><\/span><\/h1>\n<p>&nbsp;<\/p>\n<p>&nbsp;<\/p>\n<h3><span style=\"color: #008000;font-size: 14pt;font-family: georgia, palatino\"><strong>ZAJ\u0118CIA DODATKOWE :<\/strong><\/span><\/h3>\n<p>&nbsp;<\/p>\n<h3><span style=\"color: #008000;font-family: georgia, palatino;font-size: 14pt\"><strong>GIMNASTYKA\u00a0 PORANNA:<\/strong><\/span><\/h3>\n<p><span style=\"color: #000000;font-family: georgia, palatino;font-size: 14pt\">Osoby prowadz\u0105ce: Sylwia Plichta, Anna Tustanowska<\/span><\/p>\n<p><strong><span style=\"color: #000000;font-family: georgia, palatino;font-size: 14pt\">poniedzia\u0142ek- pi\u0105tek: 08:00-08:15<\/span><\/strong><\/p>\n<h3><\/h3>\n<p>&nbsp;<\/p>\n<p>&nbsp;<\/p>\n<h3><span style=\"color: #008000;font-family: georgia, palatino;font-size: 14pt\"><strong>ZAJ\u0118CIA LOGOPEDYCZNE :<\/strong><\/span><\/h3>\n<p><span style=\"color: #000000;font-family: georgia, palatino;font-size: 14pt\">Osoba prowadz\u0105ca: K. Zahorska<br \/>\n<\/span><\/p>\n<p><span style=\"font-family: georgia, palatino;font-size: 14pt\"><strong>W toku codziennej pracy z dzie\u0107mi<\/strong><\/span><\/p>\n<p>&nbsp;<\/p>\n<p><span style=\"font-family: georgia, palatino;font-size: 14pt\"><strong><span style=\"color: #008000\">PSYCHOLOG<\/span><\/strong><\/span><\/p>\n<p><span style=\"font-family: georgia, palatino;font-size: 14pt\">Osoba prowadz\u0105ca: J. Ro\u017cdziestwienska<\/span><\/p>\n<p><span style=\"font-family: georgia, palatino\"><span style=\"font-size: 18.6667px\"><b>\u015broda 11.00 &#8211; 11.15<\/b><\/span><\/span><\/p>\n<p>&nbsp;<\/p>\n<p>&nbsp;<\/p>\n<h3><span style=\"color: #008000;font-family: georgia, palatino;font-size: 14pt\"><strong>PRZYGOTOWANIE DO NAUKI J\u0118ZYKA OBCEGO NOWO\u017bYTNEGO &#8211; J\u0118ZYK ANGIELSKI<\/strong><\/span><\/h3>\n<p><span style=\"font-family: 'times new roman', times;font-size: 14pt\">Osoba prowadz\u0105ca: M. Mlek<\/span><\/p>\n<p><span style=\"font-size: 14pt;font-family: 'times new roman', times\">wtorek i czwartek: 10.00-10.15<\/span><\/p>\n<p><span style=\"color: #008000;font-size: 14pt;font-family: 'times new roman', times\"><strong>RYTMIKA<\/strong><\/span><\/p>\n<p><span style=\"font-size: 14pt;font-family: 'times new roman', times\">Osoba prowadz\u0105ca: A. Samolewska<\/span><\/p>\n<p><span style=\"font-size: 14pt;font-family: 'times new roman', times\">pi\u0105tek 9.00- 9.20<\/span><\/p>\n<p>&nbsp;<\/p>\n<p><span style=\"font-family: georgia, palatino;font-size: 14pt\"><strong><span style=\"color: #008000\">PEDAGOG SPECJALNY<\/span><\/strong><\/span><\/p>\n<p><span style=\"font-size: 14pt\">Osoba prowadz\u0105ca: K. Zahorska<\/span><\/p>\n<p>&nbsp;<\/p>\n<p><span style=\"font-size: 14pt\"><strong>W toku codziennej pracy z dzie\u0107mi<\/strong><\/span><\/p>\n<p>&nbsp;<\/p>\n<p><span style=\"font-size: 14pt;font-family: helvetica\"><strong>Projekty, w kt\u00f3rych nasza grupa bierze udzia\u0142 w semestrze II;<\/strong><\/span><\/p>\n<ul style=\"list-style-type: circle\">\n<li><span style=\"font-size: 14pt;font-family: helvetica\"><strong>&#8221;&#8217;Kubusiowi Przyjaciele Natury&#8217; &#8211; program edukacyjny<\/strong><\/span><\/li>\n<li><span style=\"font-size: 14pt;font-family: helvetica\"><strong>Akcja Ksi\u0105\u017cka (dla) Przedszkolaka &#8211; akcja maj\u0105ca na celu promowanie czytelnictwa<\/strong><\/span><\/li>\n<\/ul>\n<h1 class=\"elementor-heading-title elementor-size-default\">\u00a0 \u00a0 \u00a0 \u00a0 \u00a0 \u00a0 \u00a0 \u00a0 \u00a0 <span style=\"font-family: 'times new roman', times\">Szanowni Rodzice<\/span><\/h1>\n<p align=\"center\"><span style=\"font-family: georgia, palatino;font-size: 14pt\">Bardzo prosimy o systematyczne \u015bledzenie informacji i komunikat\u00f3w na stronie internetowej przedszkola<\/span><\/p>\n<p align=\"center\"><span style=\"font-family: georgia, palatino;font-size: 14pt\">oraz w zak\u0142adce grupowej.<\/span><\/p>\n<p>&nbsp;<\/p>\n<p>&nbsp;<\/p>\n<p>&nbsp;<\/p>\n<p align=\"center\"><strong><span style=\"color: #008000;font-family: georgia, palatino;font-size: 14pt\">HARMONOGRAM\u00a0 \u00a0KONSULTACJI\u00a0 I\u00a0 ZEBRA\u0143\u00a0 Z\u00a0 RODZICAMI<\/span><\/strong><\/p>\n<p align=\"center\"><strong><span style=\"font-family: georgia, palatino;font-size: 14pt;color: #008000\">\u00a0GRUPA\u00a0 II &#8211;\u00a0\u00a0ROK\u00a0 SZKOLNY\u00a0 2025\/2026<\/span><\/strong><\/p>\n<table style=\"width: 83.1542%;height: 174px\" border=\"1\" width=\"558\" cellspacing=\"0\" cellpadding=\"0\">\n<tbody>\n<tr style=\"height: 56px\">\n<td style=\"width: 21.5186%;height: 56px\" width=\"124\">\n<p align=\"center\"><span style=\"font-size: 18pt;font-family: 'times new roman', times\"><strong><span style=\"color: #800080\">DATA<\/span><\/strong><\/span><\/p>\n<\/td>\n<td style=\"width: 87.6444%;height: 56px\" width=\"483\">\n<p align=\"center\"><span style=\"font-size: 18pt;font-family: 'times new roman', times\"><strong><span style=\"color: #800080\">RODZAJ\u00a0 SPOTKANIA<\/span><\/strong><\/span><\/p>\n<\/td>\n<\/tr>\n<tr style=\"height: 120px\">\n<td style=\"width: 21.5186%;height: 66px;text-align: center\" width=\"124\">\n<p align=\"center\"><span style=\"font-family: 'times new roman', times\"><span style=\"font-size: 18pt\"><b>\u00a0<span style=\"color: #339966\">01.0<\/span><\/b><\/span><span style=\"font-size: 18pt;color: #339966\"><b>9.2025<\/b><\/span><\/span><\/p>\n<\/td>\n<td style=\"width: 87.6444%;height: 66px\" width=\"483\">&nbsp;<\/p>\n<p><span style=\"font-size: 18pt;font-family: 'times new roman', times\"><strong>Zebranie Dyrektora z Rodzicami\u00a0godz. 16:45 \u2013 17:00<br \/>\n<\/strong>Osoba prowadz\u0105ca: K. Marczy\u0144ska, A. Karkulowska<\/span><br \/>\n<span style=\"font-size: 18pt;font-family: 'times new roman', times\"><b>Zebranie\u00a0 organizacyjne\u00a0godz. 17:00<br \/>\n<\/b><strong>Temat:<\/strong>\u00a0Zapoznanie rodzic\u00f3w z organizacj\u0105 pracy przedszkola na bie\u017c\u0105cy rok szkolny, dokumentami obowi\u0105zuj\u0105cymi w plac\u00f3wce. Sprawy r\u00f3\u017cne.<\/span><br \/>\n<span style=\"font-size: 18pt;font-family: 'times new roman', times\">Osoba prowadz\u0105ca: A. Tustanowska<\/span><\/p>\n<p>&nbsp;<\/td>\n<\/tr>\n<tr style=\"height: 72px\">\n<td style=\"width: 21.5186%;height: 32px;text-align: center\" width=\"124\"><span style=\"font-size: 18pt;font-family: 'times new roman', times\">\u00a0 \u00a0 <span style=\"color: #339966\"><strong>28.10.2025<\/strong><\/span><\/span><\/td>\n<td style=\"width: 87.6444%;height: 32px\" width=\"483\">&nbsp;<\/p>\n<p><span style=\"font-size: 18pt;font-family: 'times new roman', times\"><b>Konsultacje\u00a0 indywidualne\u00a0godz. 16:00 \u2013 17:00<br \/>\n<\/b><strong>Temat:<\/strong>\u00a0Przedstawienie i om\u00f3wienie wynik\u00f3w obserwacji wst\u0119pnej dziecka.<b><br \/>\n<\/b>Osoby prowadz\u0105ce: A.Tustanowska<\/span><\/p>\n<p>&nbsp;<\/td>\n<\/tr>\n<tr style=\"height: 248px\">\n<td style=\"width: 21.5186%;height: 10px;text-align: center\" width=\"124\"><span style=\"color: #339966;font-family: 'times new roman', times\"><strong><span style=\"font-size: 18pt\">28.01.2025<\/span><\/strong><\/span><\/p>\n<p>&nbsp;<\/td>\n<td style=\"width: 87.6444%;height: 10px\" width=\"483\"><span style=\"font-size: 18pt;font-family: 'times new roman', times\"><strong><b>Konsultacje\u00a0 indywidualne\u00a0godz. 16:00 \u2013 17:00<br \/>\n<\/b><\/strong><strong>Temat:<\/strong>\u00a0Podsumowanie pracy dydaktyczno \u2013 wychowawczej w grupie w pierwszym semestrze. Sprawy r\u00f3\u017cne.<b><br \/>\n<\/b>Osoby prowadz\u0105ce: A.Tustanowska<\/span><\/td>\n<\/tr>\n<tr style=\"height: 72px\">\n<td style=\"width: 21.5186%;height: 10px;text-align: center\" width=\"124\"><span style=\"font-family: 'times new roman', times\"><strong><span style=\"font-size: 18pt;color: #339966\">19.05.2025<\/span><\/strong><\/span><\/td>\n<td style=\"width: 87.6444%;height: 10px\">&nbsp;<\/p>\n<p><span style=\"font-size: 18pt;font-family: 'times new roman', times\"><b>Konsultacje indywidualne\u00a0godz. 16:00 \u2013 17:00<br \/>\n<\/b><strong>Temat:<\/strong>\u00a0Przedstawienie i om\u00f3wienie wynik\u00f3w obserwacji ko\u0144cowej dziecka.<\/span><br \/>\n<span style=\"font-size: 18pt;font-family: 'times new roman', times\">Osoby prowadz\u0105ce: S.Plichta, A.Tustanowska<\/span><\/p>\n<p>&nbsp;<\/td>\n<\/tr>\n<\/tbody>\n<\/table>\n<p><strong>W razie potrzeb istnieje mo\u017cliwo\u015b\u0107 zorganizowania konsultacji na pro\u015bb\u0119 rodzica.<\/strong>[\/vc_column_text][\/vc_column][\/vc_row]<\/p>\n<\/div>","protected":false},"excerpt":{"rendered":"<p>[vc_row][vc_column][vc_column_text css=&#8221;&#8221;] GRUPA \u00a0 II\u00a0 \u00a04 &#8211; latki &nbsp; NAUCZYCIELE: mgr Sylwia Plichta\u00a0 \u00a0 e-mail: sylpli7865@edu.wroclaw.pl mgr Anna Tustanowska\u00a0 \u00a0 \u00a0 \u00a0e-mail: anntus6362@edu.wroclaw.pl &nbsp; GODZINY PRACY ODDZIA\u0141\u00d3W: W godzinach: \u2660\u00a0 [&hellip;]<\/p>\n","protected":false},"author":72,"featured_media":0,"parent":32,"menu_order":0,"comment_status":"closed","ping_status":"closed","template":"","meta":{"ngg_post_thumbnail":0,"footnotes":""},"class_list":["post-36","page","type-page","status-publish","hentry","clearfix"],"_links":{"self":[{"href":"https:\/\/przedszkole150.edu.wroclaw.pl\/index.php\/wp-json\/wp\/v2\/pages\/36","targetHints":{"allow":["GET"]}}],"collection":[{"href":"https:\/\/przedszkole150.edu.wroclaw.pl\/index.php\/wp-json\/wp\/v2\/pages"}],"about":[{"href":"https:\/\/przedszkole150.edu.wroclaw.pl\/index.php\/wp-json\/wp\/v2\/types\/page"}],"author":[{"embeddable":true,"href":"https:\/\/przedszkole150.edu.wroclaw.pl\/index.php\/wp-json\/wp\/v2\/users\/72"}],"replies":[{"embeddable":true,"href":"https:\/\/przedszkole150.edu.wroclaw.pl\/index.php\/wp-json\/wp\/v2\/comments?post=36"}],"version-history":[{"count":177,"href":"https:\/\/przedszkole150.edu.wroclaw.pl\/index.php\/wp-json\/wp\/v2\/pages\/36\/revisions"}],"predecessor-version":[{"id":8832,"href":"https:\/\/przedszkole150.edu.wroclaw.pl\/index.php\/wp-json\/wp\/v2\/pages\/36\/revisions\/8832"}],"up":[{"embeddable":true,"href":"https:\/\/przedszkole150.edu.wroclaw.pl\/index.php\/wp-json\/wp\/v2\/pages\/32"}],"wp:attachment":[{"href":"https:\/\/przedszkole150.edu.wroclaw.pl\/index.php\/wp-json\/wp\/v2\/media?parent=36"}],"curies":[{"name":"wp","href":"https:\/\/api.w.org\/{rel}","templated":true}]}}