
{"id":3602,"date":"2023-03-14T16:42:37","date_gmt":"2023-03-14T15:42:37","guid":{"rendered":"https:\/\/przedszkole150.edu.wroclaw.pl\/?page_id=3602"},"modified":"2023-03-14T16:42:37","modified_gmt":"2023-03-14T15:42:37","slug":"zimowy-krajobraz","status":"publish","type":"page","link":"https:\/\/przedszkole150.edu.wroclaw.pl\/index.php\/zimowy-krajobraz\/","title":{"rendered":"Zimowy krajobraz"},"content":{"rendered":"<div class=\"wpb-content-wrapper\"><p>[vc_row][vc_column][vc_column_text]<strong>\u201eZIMOWY KRAJOBRAZ\u201d<\/strong><\/p>\n<p>Iga F., Piotr K., Hanna J., Amelia Sz., Micha\u0142 F. z gr. IX wzi\u0119li udzia\u0142 w Og\u00f3lnopolskim Konkursie Plastycznym pt. \u201eZimowy krajobraz\u201d zorganizowanym przez Przedszkola Samorz\u0105dowe w Chorzelowie.<\/p>\n<p>&nbsp;<\/p>\n<p>Cele konkursu:<\/p>\n<p>&#8211; kszta\u0142towanie wyobra\u017ani plastycznej inspirowanej zimow\u0105 tematyk\u0105;<\/p>\n<p>&#8211; rozwijanie kreatywno\u015bci;<\/p>\n<p>&#8211; rozwijanie inwencji tw\u00f3rczej poprzez poszukiwanie r\u00f3\u017cnorodnych rozwi\u0105za\u0144 plastycznych (ciekawych materia\u0142\u00f3w i technik plastycznych).<\/p>\n<p>&nbsp;<\/p>\n<p>Rozstrzygni\u0119cie konkursu: 22.02.2023r.<\/p>\n<p>Dyplom udzia\u0142u otrzyma\u0142a r\u00f3wnie\u017c nauczycielka przygotowuj\u0105ca dzieci do konkursu.<\/p>\n<p>[\/vc_column_text][vc_gallery type=&#8221;image_grid&#8221; images=&#8221;3603,3604,3605,3606,3607&#8243;][\/vc_column][\/vc_row]<\/p>\n<\/div>","protected":false},"excerpt":{"rendered":"<p>[vc_row][vc_column][vc_column_text]\u201eZIMOWY KRAJOBRAZ\u201d Iga F., Piotr K., Hanna J., Amelia Sz., Micha\u0142 F. z gr. IX wzi\u0119li udzia\u0142 w Og\u00f3lnopolskim Konkursie Plastycznym pt. \u201eZimowy krajobraz\u201d zorganizowanym przez Przedszkola Samorz\u0105dowe w Chorzelowie. [&hellip;]<\/p>\n","protected":false},"author":264,"featured_media":0,"parent":0,"menu_order":0,"comment_status":"closed","ping_status":"closed","template":"","meta":{"ngg_post_thumbnail":0,"footnotes":""},"class_list":["post-3602","page","type-page","status-publish","hentry","clearfix"],"_links":{"self":[{"href":"https:\/\/przedszkole150.edu.wroclaw.pl\/index.php\/wp-json\/wp\/v2\/pages\/3602","targetHints":{"allow":["GET"]}}],"collection":[{"href":"https:\/\/przedszkole150.edu.wroclaw.pl\/index.php\/wp-json\/wp\/v2\/pages"}],"about":[{"href":"https:\/\/przedszkole150.edu.wroclaw.pl\/index.php\/wp-json\/wp\/v2\/types\/page"}],"author":[{"embeddable":true,"href":"https:\/\/przedszkole150.edu.wroclaw.pl\/index.php\/wp-json\/wp\/v2\/users\/264"}],"replies":[{"embeddable":true,"href":"https:\/\/przedszkole150.edu.wroclaw.pl\/index.php\/wp-json\/wp\/v2\/comments?post=3602"}],"version-history":[{"count":1,"href":"https:\/\/przedszkole150.edu.wroclaw.pl\/index.php\/wp-json\/wp\/v2\/pages\/3602\/revisions"}],"predecessor-version":[{"id":3608,"href":"https:\/\/przedszkole150.edu.wroclaw.pl\/index.php\/wp-json\/wp\/v2\/pages\/3602\/revisions\/3608"}],"wp:attachment":[{"href":"https:\/\/przedszkole150.edu.wroclaw.pl\/index.php\/wp-json\/wp\/v2\/media?parent=3602"}],"curies":[{"name":"wp","href":"https:\/\/api.w.org\/{rel}","templated":true}]}}