
{"id":3610,"date":"2023-03-14T16:48:50","date_gmt":"2023-03-14T15:48:50","guid":{"rendered":"https:\/\/przedszkole150.edu.wroclaw.pl\/?page_id=3610"},"modified":"2023-03-14T16:48:50","modified_gmt":"2023-03-14T15:48:50","slug":"wspaniale-olbrzymy-dinozaury","status":"publish","type":"page","link":"https:\/\/przedszkole150.edu.wroclaw.pl\/index.php\/wspaniale-olbrzymy-dinozaury\/","title":{"rendered":"Wspania\u0142e olbrzymy- dinozaury"},"content":{"rendered":"<div class=\"wpb-content-wrapper\"><p>[vc_row][vc_column][vc_column_text]<strong>\u201eWSPANIA\u0141E OLBRZYMY \u2013 DINOZAURY!\u201d<\/strong><\/p>\n<p>Hanna J., Micha\u0142 F. z gr. IX otrzymali wyr\u00f3\u017cnienie w Og\u00f3lnopolskim Konkursie Plastycznym pt. \u201eWspania\u0142e olbrzymy \u2013 Dinozaury!\u201d.<\/p>\n<p>Cele konkursu:<\/p>\n<p>&#8211; rozwijanie inwencji tw\u00f3rczej poprzez poszukiwanie r\u00f3\u017cnorodnych rozwi\u0105za\u0144 plastycznych,<\/p>\n<p>&#8211; poznawanie nowych technik plastycznych,<\/p>\n<p>&#8211; rozwijanie kreatywno\u015bci,<\/p>\n<p>&#8211; kszta\u0142towanie poczucia estetyki, pomys\u0142owo\u015bci, koordynacji wzrokowo \u2013 ruchowej,<\/p>\n<p>&#8211; budzenie zainteresowania \u015bwiatem dinozaur\u00f3w.<\/p>\n<p>&nbsp;<\/p>\n<p>Organizator: Przedszkole Nr 8 w Mys\u0142owicach.<\/p>\n<p>Rozstrzygni\u0119cie konkursu: 28.02.2023r.<\/p>\n<p>Dyplom udzia\u0142u otrzyma\u0142a r\u00f3wnie\u017c nauczycielka przygotowuj\u0105ca dzieci do konkursu.<\/p>\n<p>[\/vc_column_text][vc_gallery type=&#8221;image_grid&#8221; images=&#8221;3612,3613,3614&#8243;][\/vc_column][\/vc_row]<\/p>\n<\/div>","protected":false},"excerpt":{"rendered":"<p>[vc_row][vc_column][vc_column_text]\u201eWSPANIA\u0141E OLBRZYMY \u2013 DINOZAURY!\u201d Hanna J., Micha\u0142 F. z gr. IX otrzymali wyr\u00f3\u017cnienie w Og\u00f3lnopolskim Konkursie Plastycznym pt. \u201eWspania\u0142e olbrzymy \u2013 Dinozaury!\u201d. Cele konkursu: &#8211; rozwijanie inwencji tw\u00f3rczej poprzez poszukiwanie [&hellip;]<\/p>\n","protected":false},"author":264,"featured_media":0,"parent":0,"menu_order":0,"comment_status":"closed","ping_status":"closed","template":"","meta":{"ngg_post_thumbnail":0,"footnotes":""},"class_list":["post-3610","page","type-page","status-publish","hentry","clearfix"],"_links":{"self":[{"href":"https:\/\/przedszkole150.edu.wroclaw.pl\/index.php\/wp-json\/wp\/v2\/pages\/3610","targetHints":{"allow":["GET"]}}],"collection":[{"href":"https:\/\/przedszkole150.edu.wroclaw.pl\/index.php\/wp-json\/wp\/v2\/pages"}],"about":[{"href":"https:\/\/przedszkole150.edu.wroclaw.pl\/index.php\/wp-json\/wp\/v2\/types\/page"}],"author":[{"embeddable":true,"href":"https:\/\/przedszkole150.edu.wroclaw.pl\/index.php\/wp-json\/wp\/v2\/users\/264"}],"replies":[{"embeddable":true,"href":"https:\/\/przedszkole150.edu.wroclaw.pl\/index.php\/wp-json\/wp\/v2\/comments?post=3610"}],"version-history":[{"count":1,"href":"https:\/\/przedszkole150.edu.wroclaw.pl\/index.php\/wp-json\/wp\/v2\/pages\/3610\/revisions"}],"predecessor-version":[{"id":3615,"href":"https:\/\/przedszkole150.edu.wroclaw.pl\/index.php\/wp-json\/wp\/v2\/pages\/3610\/revisions\/3615"}],"wp:attachment":[{"href":"https:\/\/przedszkole150.edu.wroclaw.pl\/index.php\/wp-json\/wp\/v2\/media?parent=3610"}],"curies":[{"name":"wp","href":"https:\/\/api.w.org\/{rel}","templated":true}]}}