
{"id":3617,"date":"2023-03-14T16:53:47","date_gmt":"2023-03-14T15:53:47","guid":{"rendered":"https:\/\/przedszkole150.edu.wroclaw.pl\/?page_id=3617"},"modified":"2023-03-14T16:53:47","modified_gmt":"2023-03-14T15:53:47","slug":"portret-mikolaja-kopernika","status":"publish","type":"page","link":"https:\/\/przedszkole150.edu.wroclaw.pl\/index.php\/portret-mikolaja-kopernika\/","title":{"rendered":"Portret Miko\u0142aja Kopernika"},"content":{"rendered":"<div class=\"wpb-content-wrapper\"><p>[vc_row][vc_column][vc_column_text]<strong>\u201ePORTRET MIKO\u0141AJA KOPERNIKA\u201d<\/strong><\/p>\n<p>Karolina K., Amelia G. z gr. IX wzi\u0119\u0142y udzia\u0142 w Og\u00f3lnopolskim Konkursie Plastycznym pt. \u201ePortret Miko\u0142aja Kopernika\u201d.<\/p>\n<p>&nbsp;<\/p>\n<p>Cele konkursu:<\/p>\n<p>&#8211; upowszechnianie wiedzy o Miko\u0142aju Koperniku,<\/p>\n<p>&#8211; kszta\u0142towanie i rozwijanie w\u015br\u00f3d dzieci zainteresowa\u0144 sztukami plastycznymi,<\/p>\n<p>&#8211; popularyzowanie tw\u00f3rczo\u015bci artystycznej uczni\u00f3w,<\/p>\n<p>&#8211; rozwijanie kreatywno\u015bci, tw\u00f3rczo\u015bci i wyobra\u017ani u dziecka.<\/p>\n<p>&nbsp;<\/p>\n<p>Organizator: Przedszkole Miejskie Nr 32 w Olsztynie<\/p>\n<p>Rozstrzygni\u0119cie konkursu: 24.02.2023r.<\/p>\n<p>&nbsp;<\/p>\n<p>Dyplom udzia\u0142u otrzyma\u0142a r\u00f3wnie\u017c nauczycielka przygotowuj\u0105ca dzieci do konkursu.<\/p>\n<p>[\/vc_column_text][vc_gallery type=&#8221;image_grid&#8221; images=&#8221;3618,3619,3620&#8243;][\/vc_column][\/vc_row]<\/p>\n<\/div>","protected":false},"excerpt":{"rendered":"<p>[vc_row][vc_column][vc_column_text]\u201ePORTRET MIKO\u0141AJA KOPERNIKA\u201d Karolina K., Amelia G. z gr. IX wzi\u0119\u0142y udzia\u0142 w Og\u00f3lnopolskim Konkursie Plastycznym pt. \u201ePortret Miko\u0142aja Kopernika\u201d. &nbsp; Cele konkursu: &#8211; upowszechnianie wiedzy o Miko\u0142aju Koperniku, &#8211; [&hellip;]<\/p>\n","protected":false},"author":264,"featured_media":0,"parent":0,"menu_order":0,"comment_status":"closed","ping_status":"closed","template":"","meta":{"ngg_post_thumbnail":0,"footnotes":""},"class_list":["post-3617","page","type-page","status-publish","hentry","clearfix"],"_links":{"self":[{"href":"https:\/\/przedszkole150.edu.wroclaw.pl\/index.php\/wp-json\/wp\/v2\/pages\/3617","targetHints":{"allow":["GET"]}}],"collection":[{"href":"https:\/\/przedszkole150.edu.wroclaw.pl\/index.php\/wp-json\/wp\/v2\/pages"}],"about":[{"href":"https:\/\/przedszkole150.edu.wroclaw.pl\/index.php\/wp-json\/wp\/v2\/types\/page"}],"author":[{"embeddable":true,"href":"https:\/\/przedszkole150.edu.wroclaw.pl\/index.php\/wp-json\/wp\/v2\/users\/264"}],"replies":[{"embeddable":true,"href":"https:\/\/przedszkole150.edu.wroclaw.pl\/index.php\/wp-json\/wp\/v2\/comments?post=3617"}],"version-history":[{"count":1,"href":"https:\/\/przedszkole150.edu.wroclaw.pl\/index.php\/wp-json\/wp\/v2\/pages\/3617\/revisions"}],"predecessor-version":[{"id":3621,"href":"https:\/\/przedszkole150.edu.wroclaw.pl\/index.php\/wp-json\/wp\/v2\/pages\/3617\/revisions\/3621"}],"wp:attachment":[{"href":"https:\/\/przedszkole150.edu.wroclaw.pl\/index.php\/wp-json\/wp\/v2\/media?parent=3617"}],"curies":[{"name":"wp","href":"https:\/\/api.w.org\/{rel}","templated":true}]}}