
{"id":3699,"date":"2023-03-24T07:28:47","date_gmt":"2023-03-24T06:28:47","guid":{"rendered":"https:\/\/przedszkole150.edu.wroclaw.pl\/?page_id=3699"},"modified":"2023-03-24T07:28:47","modified_gmt":"2023-03-24T06:28:47","slug":"wiosenna-hodowla","status":"publish","type":"page","link":"https:\/\/przedszkole150.edu.wroclaw.pl\/index.php\/wiosenna-hodowla\/","title":{"rendered":"Wiosenna hodowla"},"content":{"rendered":"<div class=\"wpb-content-wrapper\"><p>[vc_row][vc_column][vc_column_text]Dn. 23.03.2023r. w grupie VII za\u0142o\u017cyli\u015bmy wiosenn\u0105 hodowl\u0119 kwiat\u00f3w oraz innych ro\u015blin. Ka\u017cde dziecko przynios\u0142o z domu cebulki i nasionka . Na pocz\u0105tku dzieci ozdabia\u0142y doniczki kolorowymi wzorkami. Nast\u0119pnie wsadza\u0142y do ziemi cebulki i podlewa\u0142y sadzonki. Dowiedzia\u0142y si\u0119 r\u00f3wnie\u017c jak posia\u0107 rze\u017cuch\u0119 na podk\u0142adzie z waty oraz \u017cyto i cebul\u0119 w ziemi. Przez kolejne dni b\u0119dziemy obserwowa\u0107 wzrost naszych ro\u015blinek, a tak\u017ce pe\u0142ni\u0107 dy\u017cury przy ich podlewaniu.[\/vc_column_text][vc_gallery type=&#8221;image_grid&#8221; images=&#8221;3700,3701,3702,3703,3704,3705,3706,3707&#8243;][\/vc_column][\/vc_row]<\/p>\n<\/div>","protected":false},"excerpt":{"rendered":"<p>[vc_row][vc_column][vc_column_text]Dn. 23.03.2023r. w grupie VII za\u0142o\u017cyli\u015bmy wiosenn\u0105 hodowl\u0119 kwiat\u00f3w oraz innych ro\u015blin. Ka\u017cde dziecko przynios\u0142o z domu cebulki i nasionka . Na pocz\u0105tku dzieci ozdabia\u0142y doniczki kolorowymi wzorkami. Nast\u0119pnie wsadza\u0142y [&hellip;]<\/p>\n","protected":false},"author":264,"featured_media":0,"parent":0,"menu_order":0,"comment_status":"closed","ping_status":"closed","template":"","meta":{"ngg_post_thumbnail":0,"footnotes":""},"class_list":["post-3699","page","type-page","status-publish","hentry","clearfix"],"_links":{"self":[{"href":"https:\/\/przedszkole150.edu.wroclaw.pl\/index.php\/wp-json\/wp\/v2\/pages\/3699","targetHints":{"allow":["GET"]}}],"collection":[{"href":"https:\/\/przedszkole150.edu.wroclaw.pl\/index.php\/wp-json\/wp\/v2\/pages"}],"about":[{"href":"https:\/\/przedszkole150.edu.wroclaw.pl\/index.php\/wp-json\/wp\/v2\/types\/page"}],"author":[{"embeddable":true,"href":"https:\/\/przedszkole150.edu.wroclaw.pl\/index.php\/wp-json\/wp\/v2\/users\/264"}],"replies":[{"embeddable":true,"href":"https:\/\/przedszkole150.edu.wroclaw.pl\/index.php\/wp-json\/wp\/v2\/comments?post=3699"}],"version-history":[{"count":1,"href":"https:\/\/przedszkole150.edu.wroclaw.pl\/index.php\/wp-json\/wp\/v2\/pages\/3699\/revisions"}],"predecessor-version":[{"id":3708,"href":"https:\/\/przedszkole150.edu.wroclaw.pl\/index.php\/wp-json\/wp\/v2\/pages\/3699\/revisions\/3708"}],"wp:attachment":[{"href":"https:\/\/przedszkole150.edu.wroclaw.pl\/index.php\/wp-json\/wp\/v2\/media?parent=3699"}],"curies":[{"name":"wp","href":"https:\/\/api.w.org\/{rel}","templated":true}]}}