
{"id":3738,"date":"2023-03-28T13:33:14","date_gmt":"2023-03-28T11:33:14","guid":{"rendered":"https:\/\/przedszkole150.edu.wroclaw.pl\/?page_id=3738"},"modified":"2023-03-28T13:33:20","modified_gmt":"2023-03-28T11:33:20","slug":"zajecia-z-psem-terapeutycznym","status":"publish","type":"page","link":"https:\/\/przedszkole150.edu.wroclaw.pl\/index.php\/zajecia-z-psem-terapeutycznym\/","title":{"rendered":"Zaj\u0119cia z psem terapeutycznym"},"content":{"rendered":"<div class=\"wpb-content-wrapper\"><p>[vc_row][vc_column][vc_column_text]<\/p>\n<p>W roku szkolnym 2022\/2023 dzieci z Przedszkola Nr 150 \u201cWeso\u0142e Nutki\u201d bior\u0105 udzia\u0142 w cyklu zaj\u0119\u0107 z psem terapeutycznym. Zaj\u0119cia s\u0105 prowadzone przez wykwalifikowan\u0105 kynoterapeutk\u0119, Pani\u0105 Ma\u0142gosi\u0119, kt\u00f3ra odwiedza dzieci ze swoim psem terapeutycznym Jaggerem.<\/p>\n<p>Podczas zaj\u0119\u0107 dzieci ucz\u0105 si\u0119 poprawnego traktowania zwierz\u0105t, jak i podstawowej wiedzy o nich.<\/p>\n<p>Celem zaj\u0119\u0107 jest nauka bezpiecznego zachowania zar\u00f3wno przy obcych psach, jak i tych, kt\u00f3re dzieci ju\u017c znaj\u0105. Dodatkowo ucz\u0105 si\u0119 odczytywania emocji oraz zachowa\u0144 psa. Dzieci ucz\u0105 si\u0119 te\u017c cierpliwo\u015bci oraz szacunku dla zwierz\u0105t.[\/vc_column_text][vc_gallery type=&#8221;image_grid&#8221; images=&#8221;3739,3740,3741,3742,3743,3744,3745,3746,3747&#8243;][\/vc_column][\/vc_row]<\/p>\n<\/div>","protected":false},"excerpt":{"rendered":"<p>[vc_row][vc_column][vc_column_text] W roku szkolnym 2022\/2023 dzieci z Przedszkola Nr 150 \u201cWeso\u0142e Nutki\u201d bior\u0105 udzia\u0142 w cyklu zaj\u0119\u0107 z psem terapeutycznym. Zaj\u0119cia s\u0105 prowadzone przez wykwalifikowan\u0105 kynoterapeutk\u0119, Pani\u0105 Ma\u0142gosi\u0119, kt\u00f3ra odwiedza [&hellip;]<\/p>\n","protected":false},"author":264,"featured_media":0,"parent":0,"menu_order":0,"comment_status":"closed","ping_status":"closed","template":"","meta":{"ngg_post_thumbnail":0,"footnotes":""},"class_list":["post-3738","page","type-page","status-publish","hentry","clearfix"],"_links":{"self":[{"href":"https:\/\/przedszkole150.edu.wroclaw.pl\/index.php\/wp-json\/wp\/v2\/pages\/3738","targetHints":{"allow":["GET"]}}],"collection":[{"href":"https:\/\/przedszkole150.edu.wroclaw.pl\/index.php\/wp-json\/wp\/v2\/pages"}],"about":[{"href":"https:\/\/przedszkole150.edu.wroclaw.pl\/index.php\/wp-json\/wp\/v2\/types\/page"}],"author":[{"embeddable":true,"href":"https:\/\/przedszkole150.edu.wroclaw.pl\/index.php\/wp-json\/wp\/v2\/users\/264"}],"replies":[{"embeddable":true,"href":"https:\/\/przedszkole150.edu.wroclaw.pl\/index.php\/wp-json\/wp\/v2\/comments?post=3738"}],"version-history":[{"count":1,"href":"https:\/\/przedszkole150.edu.wroclaw.pl\/index.php\/wp-json\/wp\/v2\/pages\/3738\/revisions"}],"predecessor-version":[{"id":3748,"href":"https:\/\/przedszkole150.edu.wroclaw.pl\/index.php\/wp-json\/wp\/v2\/pages\/3738\/revisions\/3748"}],"wp:attachment":[{"href":"https:\/\/przedszkole150.edu.wroclaw.pl\/index.php\/wp-json\/wp\/v2\/media?parent=3738"}],"curies":[{"name":"wp","href":"https:\/\/api.w.org\/{rel}","templated":true}]}}