
{"id":3750,"date":"2023-03-28T13:40:06","date_gmt":"2023-03-28T11:40:06","guid":{"rendered":"https:\/\/przedszkole150.edu.wroclaw.pl\/?page_id=3750"},"modified":"2023-03-28T13:40:06","modified_gmt":"2023-03-28T11:40:06","slug":"zajecia-ze-straza-graniczna","status":"publish","type":"page","link":"https:\/\/przedszkole150.edu.wroclaw.pl\/index.php\/zajecia-ze-straza-graniczna\/","title":{"rendered":"Zaj\u0119cia ze stra\u017c\u0105 graniczn\u0105"},"content":{"rendered":"<div class=\"wpb-content-wrapper\"><p>[vc_row][vc_column][vc_column_text]<\/p>\n<p>Dnia 20.03.2023r. dzieci z gr. IX odwiedzili wyj\u0105tkowi go\u015bcie &#8211; przedstawiciele Plac\u00f3wki Nadodrza\u0144skiego Oddzia\u0142u Stra\u017cy Granicznej we Wroc\u0142awiu &#8211; Strachowicach.<\/p>\n<p>Podczas zaj\u0119\u0107 dzieci dowiedzia\u0142y si\u0119, czym zajmuje si\u0119 Stra\u017c Graniczna, czym s\u0105 granice kraju oraz do czego potrzebne s\u0105 paszporty. Ka\u017cde dziecko mia\u0142o mo\u017cliwo\u015b\u0107 wykonania swojego w\u0142asnego paszportu oraz odbicia swoich palc\u00f3w i ogl\u0105dania swoich linii papilarnych.<\/p>\n<p>Zaprezentowano str\u00f3j Stra\u017cnika Granicznego oraz elementy potrzebne w pracy.<\/p>\n<p>Przedstawiciel grupy pirotechnicznej zaprezentowa\u0142 robota, kt\u00f3ry zdalnie jest u\u017cytkowany do rozpoznawania baga\u017cy \u201cpodejrzanych\u201d.<\/p>\n<p>Przewodnik zaprezentowa\u0142 psa s\u0142u\u017cbowego, kt\u00f3ry szkolny jest w kierunku wykrywania substancji narkotycznych.<\/p>\n<p>Zaj\u0119cia by\u0142y bardzo interesuj\u0105ce dla dzieci, a pyta\u0144 nie by\u0142o ko\u0144ca.<\/p>\n<p>Na zako\u0144czenie zaj\u0119\u0107, dzieci wr\u0119czy\u0142y dyplomy podzi\u0119kowania za organizacj\u0119 wyj\u0105tkowych zaj\u0119\u0107.[\/vc_column_text][vc_gallery type=&#8221;image_grid&#8221; images=&#8221;3751,3752,3753,3754,3755,3756,3757,3758,3759,3760,3761,3762,3763,3764,3765&#8243;][\/vc_column][\/vc_row]<\/p>\n<\/div>","protected":false},"excerpt":{"rendered":"<p>[vc_row][vc_column][vc_column_text] Dnia 20.03.2023r. dzieci z gr. IX odwiedzili wyj\u0105tkowi go\u015bcie &#8211; przedstawiciele Plac\u00f3wki Nadodrza\u0144skiego Oddzia\u0142u Stra\u017cy Granicznej we Wroc\u0142awiu &#8211; Strachowicach. Podczas zaj\u0119\u0107 dzieci dowiedzia\u0142y si\u0119, czym zajmuje si\u0119 Stra\u017c [&hellip;]<\/p>\n","protected":false},"author":264,"featured_media":0,"parent":0,"menu_order":0,"comment_status":"closed","ping_status":"closed","template":"","meta":{"ngg_post_thumbnail":0,"footnotes":""},"class_list":["post-3750","page","type-page","status-publish","hentry","clearfix"],"_links":{"self":[{"href":"https:\/\/przedszkole150.edu.wroclaw.pl\/index.php\/wp-json\/wp\/v2\/pages\/3750","targetHints":{"allow":["GET"]}}],"collection":[{"href":"https:\/\/przedszkole150.edu.wroclaw.pl\/index.php\/wp-json\/wp\/v2\/pages"}],"about":[{"href":"https:\/\/przedszkole150.edu.wroclaw.pl\/index.php\/wp-json\/wp\/v2\/types\/page"}],"author":[{"embeddable":true,"href":"https:\/\/przedszkole150.edu.wroclaw.pl\/index.php\/wp-json\/wp\/v2\/users\/264"}],"replies":[{"embeddable":true,"href":"https:\/\/przedszkole150.edu.wroclaw.pl\/index.php\/wp-json\/wp\/v2\/comments?post=3750"}],"version-history":[{"count":1,"href":"https:\/\/przedszkole150.edu.wroclaw.pl\/index.php\/wp-json\/wp\/v2\/pages\/3750\/revisions"}],"predecessor-version":[{"id":3766,"href":"https:\/\/przedszkole150.edu.wroclaw.pl\/index.php\/wp-json\/wp\/v2\/pages\/3750\/revisions\/3766"}],"wp:attachment":[{"href":"https:\/\/przedszkole150.edu.wroclaw.pl\/index.php\/wp-json\/wp\/v2\/media?parent=3750"}],"curies":[{"name":"wp","href":"https:\/\/api.w.org\/{rel}","templated":true}]}}