
{"id":3768,"date":"2023-03-28T13:44:55","date_gmt":"2023-03-28T11:44:55","guid":{"rendered":"https:\/\/przedszkole150.edu.wroclaw.pl\/?page_id=3768"},"modified":"2023-03-28T13:44:55","modified_gmt":"2023-03-28T11:44:55","slug":"walentynka-marzen","status":"publish","type":"page","link":"https:\/\/przedszkole150.edu.wroclaw.pl\/index.php\/walentynka-marzen\/","title":{"rendered":"Walentynka marze\u0144"},"content":{"rendered":"<div class=\"wpb-content-wrapper\"><p>[vc_row][vc_column][vc_column_text]Helena K., Hanna J. z gr. IX wzi\u0119\u0142y udzia\u0142 w Mi\u0119dzynarodowym Konkursie Plastycznym pt. \u201eWalentynka marze\u0144\u201d.<\/p>\n<p>Cele konkursu:<\/p>\n<p>&#8211; rozbudzanie zainteresowa\u0144 plastycznych dzieci;<\/p>\n<p>&#8211; rozwijanie poczucia estetyki, kreatywno\u015bci, inwencji tw\u00f3rczej;<\/p>\n<p>&#8211; umo\u017cliwienie dzieciom zaprezentowania uzdolnie\u0144 plastycznych;<\/p>\n<p>&#8211; zapoznanie z kultur\u0105 i zwyczajami, wywodz\u0105cymi si\u0119 z kraj\u00f3w angloj\u0119zycznych;<\/p>\n<p>&#8211; przybli\u017cenie dzieciom w wieku przedszkolnym znaczenia mi\u0142o\u015bci.<\/p>\n<p>&nbsp;<\/p>\n<p>Organizator: Przedszkole Publiczne Nr 3 Oddzia\u0142ami Specjalnymi im. J. Porazi\u0144skiej w Radomiu.<\/p>\n<p>Rozstrzygni\u0119cie konkursu: 24.02.2023r.<\/p>\n<p>Dyplom udzia\u0142u otrzyma\u0142a r\u00f3wnie\u017c nauczycielka przygotowuj\u0105ca dzieci do konkursu.[\/vc_column_text][vc_gallery type=&#8221;image_grid&#8221; images=&#8221;3769,3770,3771&#8243;][\/vc_column][\/vc_row]<\/p>\n<\/div>","protected":false},"excerpt":{"rendered":"<p>[vc_row][vc_column][vc_column_text]Helena K., Hanna J. z gr. IX wzi\u0119\u0142y udzia\u0142 w Mi\u0119dzynarodowym Konkursie Plastycznym pt. \u201eWalentynka marze\u0144\u201d. Cele konkursu: &#8211; rozbudzanie zainteresowa\u0144 plastycznych dzieci; &#8211; rozwijanie poczucia estetyki, kreatywno\u015bci, inwencji tw\u00f3rczej; [&hellip;]<\/p>\n","protected":false},"author":264,"featured_media":0,"parent":0,"menu_order":0,"comment_status":"closed","ping_status":"closed","template":"","meta":{"ngg_post_thumbnail":0,"footnotes":""},"class_list":["post-3768","page","type-page","status-publish","hentry","clearfix"],"_links":{"self":[{"href":"https:\/\/przedszkole150.edu.wroclaw.pl\/index.php\/wp-json\/wp\/v2\/pages\/3768","targetHints":{"allow":["GET"]}}],"collection":[{"href":"https:\/\/przedszkole150.edu.wroclaw.pl\/index.php\/wp-json\/wp\/v2\/pages"}],"about":[{"href":"https:\/\/przedszkole150.edu.wroclaw.pl\/index.php\/wp-json\/wp\/v2\/types\/page"}],"author":[{"embeddable":true,"href":"https:\/\/przedszkole150.edu.wroclaw.pl\/index.php\/wp-json\/wp\/v2\/users\/264"}],"replies":[{"embeddable":true,"href":"https:\/\/przedszkole150.edu.wroclaw.pl\/index.php\/wp-json\/wp\/v2\/comments?post=3768"}],"version-history":[{"count":1,"href":"https:\/\/przedszkole150.edu.wroclaw.pl\/index.php\/wp-json\/wp\/v2\/pages\/3768\/revisions"}],"predecessor-version":[{"id":3772,"href":"https:\/\/przedszkole150.edu.wroclaw.pl\/index.php\/wp-json\/wp\/v2\/pages\/3768\/revisions\/3772"}],"wp:attachment":[{"href":"https:\/\/przedszkole150.edu.wroclaw.pl\/index.php\/wp-json\/wp\/v2\/media?parent=3768"}],"curies":[{"name":"wp","href":"https:\/\/api.w.org\/{rel}","templated":true}]}}