
{"id":3789,"date":"2023-03-29T13:57:52","date_gmt":"2023-03-29T11:57:52","guid":{"rendered":"https:\/\/przedszkole150.edu.wroclaw.pl\/?page_id=3789"},"modified":"2023-03-29T13:57:52","modified_gmt":"2023-03-29T11:57:52","slug":"wiosna-w-doniczkach","status":"publish","type":"page","link":"https:\/\/przedszkole150.edu.wroclaw.pl\/index.php\/wiosna-w-doniczkach\/","title":{"rendered":"Wiosna w doniczkach"},"content":{"rendered":"<div class=\"wpb-content-wrapper\"><p>[vc_row][vc_column][vc_column_text]W minionym tygodniu dzieci z grupy 1 sia\u0142y i sadzi\u0142y wiosenne ro\u015bliny. Mamy hiacynty, prymulk\u0119, szczypiorek, owies, rze\u017cuch\u0119 i mandarynki. Ro\u015blinki rosn\u0105 tak jak i my .<\/p>\n<p>Jak pi\u0119knie namy wszystko wyros\u0142o.[\/vc_column_text][vc_gallery type=&#8221;image_grid&#8221; images=&#8221;3790,3791,3792,3793,3794,3795,3796,3797&#8243;][\/vc_column][\/vc_row]<\/p>\n<\/div>","protected":false},"excerpt":{"rendered":"<p>[vc_row][vc_column][vc_column_text]W minionym tygodniu dzieci z grupy 1 sia\u0142y i sadzi\u0142y wiosenne ro\u015bliny. Mamy hiacynty, prymulk\u0119, szczypiorek, owies, rze\u017cuch\u0119 i mandarynki. Ro\u015blinki rosn\u0105 tak jak i my . Jak pi\u0119knie namy [&hellip;]<\/p>\n","protected":false},"author":264,"featured_media":0,"parent":0,"menu_order":0,"comment_status":"closed","ping_status":"closed","template":"","meta":{"ngg_post_thumbnail":0,"footnotes":""},"class_list":["post-3789","page","type-page","status-publish","hentry","clearfix"],"_links":{"self":[{"href":"https:\/\/przedszkole150.edu.wroclaw.pl\/index.php\/wp-json\/wp\/v2\/pages\/3789","targetHints":{"allow":["GET"]}}],"collection":[{"href":"https:\/\/przedszkole150.edu.wroclaw.pl\/index.php\/wp-json\/wp\/v2\/pages"}],"about":[{"href":"https:\/\/przedszkole150.edu.wroclaw.pl\/index.php\/wp-json\/wp\/v2\/types\/page"}],"author":[{"embeddable":true,"href":"https:\/\/przedszkole150.edu.wroclaw.pl\/index.php\/wp-json\/wp\/v2\/users\/264"}],"replies":[{"embeddable":true,"href":"https:\/\/przedszkole150.edu.wroclaw.pl\/index.php\/wp-json\/wp\/v2\/comments?post=3789"}],"version-history":[{"count":1,"href":"https:\/\/przedszkole150.edu.wroclaw.pl\/index.php\/wp-json\/wp\/v2\/pages\/3789\/revisions"}],"predecessor-version":[{"id":3798,"href":"https:\/\/przedszkole150.edu.wroclaw.pl\/index.php\/wp-json\/wp\/v2\/pages\/3789\/revisions\/3798"}],"wp:attachment":[{"href":"https:\/\/przedszkole150.edu.wroclaw.pl\/index.php\/wp-json\/wp\/v2\/media?parent=3789"}],"curies":[{"name":"wp","href":"https:\/\/api.w.org\/{rel}","templated":true}]}}