
{"id":3808,"date":"2023-03-30T14:49:42","date_gmt":"2023-03-30T12:49:42","guid":{"rendered":"https:\/\/przedszkole150.edu.wroclaw.pl\/?page_id=3808"},"modified":"2023-03-30T14:49:42","modified_gmt":"2023-03-30T12:49:42","slug":"zyczenia-swiateczne-dla-powstancow-warszawskich","status":"publish","type":"page","link":"https:\/\/przedszkole150.edu.wroclaw.pl\/index.php\/zyczenia-swiateczne-dla-powstancow-warszawskich\/","title":{"rendered":"\u017byczenia \u015bwi\u0105teczne dla Powsta\u0144c\u00f3w Warszawskich"},"content":{"rendered":"<div class=\"wpb-content-wrapper\"><p>[vc_row][vc_column][vc_column_text]Dzieci z grupy 1,w imieniu wszystkich przedszkolak\u00f3w, sk\u0142adaj\u0105 Wielkanocne \u017cyczenia Pani Marii\u00a0 i Panu Stanis\u0142awowi- Powsta\u0144com Warszawskim, mieszkaj\u0105cym w naszym mie\u015bcie.[\/vc_column_text][vc_gallery type=&#8221;image_grid&#8221; images=&#8221;3809,3810,3811&#8243;][\/vc_column][\/vc_row]<\/p>\n<\/div>","protected":false},"excerpt":{"rendered":"<p>[vc_row][vc_column][vc_column_text]Dzieci z grupy 1,w imieniu wszystkich przedszkolak\u00f3w, sk\u0142adaj\u0105 Wielkanocne \u017cyczenia Pani Marii\u00a0 i Panu Stanis\u0142awowi- Powsta\u0144com Warszawskim, mieszkaj\u0105cym w naszym mie\u015bcie.[\/vc_column_text][vc_gallery type=&#8221;image_grid&#8221; images=&#8221;3809,3810,3811&#8243;][\/vc_column][\/vc_row]<\/p>\n","protected":false},"author":201,"featured_media":0,"parent":0,"menu_order":0,"comment_status":"closed","ping_status":"closed","template":"","meta":{"ngg_post_thumbnail":0,"footnotes":""},"class_list":["post-3808","page","type-page","status-publish","hentry","clearfix"],"_links":{"self":[{"href":"https:\/\/przedszkole150.edu.wroclaw.pl\/index.php\/wp-json\/wp\/v2\/pages\/3808","targetHints":{"allow":["GET"]}}],"collection":[{"href":"https:\/\/przedszkole150.edu.wroclaw.pl\/index.php\/wp-json\/wp\/v2\/pages"}],"about":[{"href":"https:\/\/przedszkole150.edu.wroclaw.pl\/index.php\/wp-json\/wp\/v2\/types\/page"}],"author":[{"embeddable":true,"href":"https:\/\/przedszkole150.edu.wroclaw.pl\/index.php\/wp-json\/wp\/v2\/users\/201"}],"replies":[{"embeddable":true,"href":"https:\/\/przedszkole150.edu.wroclaw.pl\/index.php\/wp-json\/wp\/v2\/comments?post=3808"}],"version-history":[{"count":1,"href":"https:\/\/przedszkole150.edu.wroclaw.pl\/index.php\/wp-json\/wp\/v2\/pages\/3808\/revisions"}],"predecessor-version":[{"id":3812,"href":"https:\/\/przedszkole150.edu.wroclaw.pl\/index.php\/wp-json\/wp\/v2\/pages\/3808\/revisions\/3812"}],"wp:attachment":[{"href":"https:\/\/przedszkole150.edu.wroclaw.pl\/index.php\/wp-json\/wp\/v2\/media?parent=3808"}],"curies":[{"name":"wp","href":"https:\/\/api.w.org\/{rel}","templated":true}]}}