
{"id":3814,"date":"2023-03-30T14:58:39","date_gmt":"2023-03-30T12:58:39","guid":{"rendered":"https:\/\/przedszkole150.edu.wroclaw.pl\/?page_id=3814"},"modified":"2023-03-30T14:59:11","modified_gmt":"2023-03-30T12:59:11","slug":"spotkanie-z-pisarzem-mrowki-podrozniczki","status":"publish","type":"page","link":"https:\/\/przedszkole150.edu.wroclaw.pl\/index.php\/spotkanie-z-pisarzem-mrowki-podrozniczki\/","title":{"rendered":"Spotkanie z pisarzem &#8222;Mr\u00f3wki podr\u00f3\u017cniczki&#8221;"},"content":{"rendered":"<div class=\"wpb-content-wrapper\"><p>[vc_row][vc_column][vc_column_text]Dnia 30.03.2023r. dzieci z gr. IX odwiedzili wyj\u0105tkowi go\u015bcie: Pisarz &#8211; Pan Zbigniew Nied\u017awiecki Ravicz, oraz Pani Ma\u0142gorzata Bulska. By\u0142o to spotkanie autorskie. Zaprezentowana zosta\u0142a dzieciom bajka pt. \u201cMr\u00f3wki Podr\u00f3\u017cniczki\u201d. Historia dotyczy\u0142a bezpiecze\u0144stwa podczas jazdy samochodem i konieczno\u015bci zapinania pas\u00f3w. Dzi\u0119ki humorowi bajki przedszkolaki bawi\u0142y si\u0119 znakomicie. Bardzo zachwyci\u0142y r\u00f3wnie\u017c kolorowe ilustracje, kt\u00f3re uatrakcyjnia\u0142y bajk\u0119 oraz znakomita oprawa d\u017awi\u0119kowa. Po wys\u0142uchaniu bajki, dzieci aktywnie odpowiada\u0142y na pytania dotycz\u0105ce utworu, mia\u0142y tak\u017ce mo\u017cliwo\u015b\u0107 zadania pytania autorowi.<\/p>\n<p>Na zako\u0144czenie spotkania dzieci otrzyma\u0142y odblaskowe opaski, aby pami\u0119ta\u0142y, \u017ce BEZPIECZE\u0143STWO TO PODSTAWA. W zamian za to, przedszkolaki obieca\u0142y, \u017ce nie zapomn\u0105 zapina\u0107 pas\u00f3w bezpiecze\u0144stwa przed rozpocz\u0119ciem podr\u00f3\u017cy w aucie i b\u0119d\u0105 pami\u0119ta\u0107 o konsekwencjach, jakie spotka\u0142y mr\u00f3wki: Tuni\u0119 i Walerka.<\/p>\n<p>To by\u0142o wyj\u0105tkowe spotkanie.[\/vc_column_text][vc_gallery type=&#8221;image_grid&#8221; images=&#8221;3815,3816,3817,3818&#8243;][\/vc_column][\/vc_row]<\/p>\n<\/div>","protected":false},"excerpt":{"rendered":"<p>[vc_row][vc_column][vc_column_text]Dnia 30.03.2023r. dzieci z gr. IX odwiedzili wyj\u0105tkowi go\u015bcie: Pisarz &#8211; Pan Zbigniew Nied\u017awiecki Ravicz, oraz Pani Ma\u0142gorzata Bulska. By\u0142o to spotkanie autorskie. Zaprezentowana zosta\u0142a dzieciom bajka pt. \u201cMr\u00f3wki Podr\u00f3\u017cniczki\u201d. [&hellip;]<\/p>\n","protected":false},"author":201,"featured_media":0,"parent":0,"menu_order":0,"comment_status":"closed","ping_status":"closed","template":"","meta":{"ngg_post_thumbnail":0,"footnotes":""},"class_list":["post-3814","page","type-page","status-publish","hentry","clearfix"],"_links":{"self":[{"href":"https:\/\/przedszkole150.edu.wroclaw.pl\/index.php\/wp-json\/wp\/v2\/pages\/3814","targetHints":{"allow":["GET"]}}],"collection":[{"href":"https:\/\/przedszkole150.edu.wroclaw.pl\/index.php\/wp-json\/wp\/v2\/pages"}],"about":[{"href":"https:\/\/przedszkole150.edu.wroclaw.pl\/index.php\/wp-json\/wp\/v2\/types\/page"}],"author":[{"embeddable":true,"href":"https:\/\/przedszkole150.edu.wroclaw.pl\/index.php\/wp-json\/wp\/v2\/users\/201"}],"replies":[{"embeddable":true,"href":"https:\/\/przedszkole150.edu.wroclaw.pl\/index.php\/wp-json\/wp\/v2\/comments?post=3814"}],"version-history":[{"count":2,"href":"https:\/\/przedszkole150.edu.wroclaw.pl\/index.php\/wp-json\/wp\/v2\/pages\/3814\/revisions"}],"predecessor-version":[{"id":3820,"href":"https:\/\/przedszkole150.edu.wroclaw.pl\/index.php\/wp-json\/wp\/v2\/pages\/3814\/revisions\/3820"}],"wp:attachment":[{"href":"https:\/\/przedszkole150.edu.wroclaw.pl\/index.php\/wp-json\/wp\/v2\/media?parent=3814"}],"curies":[{"name":"wp","href":"https:\/\/api.w.org\/{rel}","templated":true}]}}