
{"id":3865,"date":"2023-04-05T16:01:28","date_gmt":"2023-04-05T14:01:28","guid":{"rendered":"https:\/\/przedszkole150.edu.wroclaw.pl\/?page_id=3865"},"modified":"2023-04-05T16:01:28","modified_gmt":"2023-04-05T14:01:28","slug":"zielony-ogrodek-przedszkolakow","status":"publish","type":"page","link":"https:\/\/przedszkole150.edu.wroclaw.pl\/index.php\/zielony-ogrodek-przedszkolakow\/","title":{"rendered":"Zielony ogr\u00f3dek przedszkolak\u00f3w"},"content":{"rendered":"<div class=\"wpb-content-wrapper\"><p>[vc_row][vc_column][vc_column_text]Chc\u0105c przy\u015bpieszy\u0107 przyj\u015bcie wiosny postanowili\u015bmy za\u0142o\u017cy\u0107 w sali zielony ogr\u00f3dek. Dzieci zgromadzi\u0142y potrzebne pojemniczki, doniczki, konewki, ziemi\u0119, nasionka i cebulki. Przed przyst\u0105pieniem do pracy przedszkolaki pozna\u0142y warunki potrzebne ro\u015blinom do wzrostu. Nast\u0119pnie sia\u0142y rze\u017cuch\u0119, owies oraz sadzi\u0142y cebulk\u0119 na szczypiorek. Przedszkolaki za\u0142o\u017cy\u0142y r\u00f3wnie\u017c hodowl\u0119 fasoli.<\/p>\n<p>Teraz z du\u017cym zainteresowaniem dzieci przychodz\u0105c do przedszkola obserwuj\u0105 wzrost ro\u015blin, a tak\u017ce ucz\u0105 si\u0119 systematycznej piel\u0119gnacji.[\/vc_column_text][vc_gallery type=&#8221;image_grid&#8221; images=&#8221;3866,3867,3868,3869&#8243;][\/vc_column][\/vc_row]<\/p>\n<\/div>","protected":false},"excerpt":{"rendered":"<p>[vc_row][vc_column][vc_column_text]Chc\u0105c przy\u015bpieszy\u0107 przyj\u015bcie wiosny postanowili\u015bmy za\u0142o\u017cy\u0107 w sali zielony ogr\u00f3dek. Dzieci zgromadzi\u0142y potrzebne pojemniczki, doniczki, konewki, ziemi\u0119, nasionka i cebulki. Przed przyst\u0105pieniem do pracy przedszkolaki pozna\u0142y warunki potrzebne ro\u015blinom do [&hellip;]<\/p>\n","protected":false},"author":201,"featured_media":0,"parent":0,"menu_order":0,"comment_status":"closed","ping_status":"closed","template":"","meta":{"ngg_post_thumbnail":0,"footnotes":""},"class_list":["post-3865","page","type-page","status-publish","hentry","clearfix"],"_links":{"self":[{"href":"https:\/\/przedszkole150.edu.wroclaw.pl\/index.php\/wp-json\/wp\/v2\/pages\/3865","targetHints":{"allow":["GET"]}}],"collection":[{"href":"https:\/\/przedszkole150.edu.wroclaw.pl\/index.php\/wp-json\/wp\/v2\/pages"}],"about":[{"href":"https:\/\/przedszkole150.edu.wroclaw.pl\/index.php\/wp-json\/wp\/v2\/types\/page"}],"author":[{"embeddable":true,"href":"https:\/\/przedszkole150.edu.wroclaw.pl\/index.php\/wp-json\/wp\/v2\/users\/201"}],"replies":[{"embeddable":true,"href":"https:\/\/przedszkole150.edu.wroclaw.pl\/index.php\/wp-json\/wp\/v2\/comments?post=3865"}],"version-history":[{"count":1,"href":"https:\/\/przedszkole150.edu.wroclaw.pl\/index.php\/wp-json\/wp\/v2\/pages\/3865\/revisions"}],"predecessor-version":[{"id":3870,"href":"https:\/\/przedszkole150.edu.wroclaw.pl\/index.php\/wp-json\/wp\/v2\/pages\/3865\/revisions\/3870"}],"wp:attachment":[{"href":"https:\/\/przedszkole150.edu.wroclaw.pl\/index.php\/wp-json\/wp\/v2\/media?parent=3865"}],"curies":[{"name":"wp","href":"https:\/\/api.w.org\/{rel}","templated":true}]}}