
{"id":4039,"date":"2023-04-25T20:39:35","date_gmt":"2023-04-25T18:39:35","guid":{"rendered":"https:\/\/przedszkole150.edu.wroclaw.pl\/?page_id=4039"},"modified":"2023-04-25T20:39:35","modified_gmt":"2023-04-25T18:39:35","slug":"moja-zakladka-do-ksiazki","status":"publish","type":"page","link":"https:\/\/przedszkole150.edu.wroclaw.pl\/index.php\/moja-zakladka-do-ksiazki\/","title":{"rendered":"Moja zak\u0142adka do ksi\u0105\u017cki"},"content":{"rendered":"<div class=\"wpb-content-wrapper\"><p>[vc_row][vc_column][vc_column_text]<strong>OG\u00d3LNOPLSKI KONKURS PLASTYCZNY \u201eMOJA ZAK\u0141ADKA DO KSI\u0104\u017bKI\u201d<\/strong><\/p>\n<p>Dzieci z grupy IV \u2013 Alinka G. oraz Blanka T. pod kierunkiem nauczycielki A. Jasku\u0142owskiej wykona\u0142y prac\u0119 plastyczn\u0105 pt. \u201eMoja\u00a0 zak\u0142adka do ksi\u0105\u017cki\u201d.<\/p>\n<p>Organizatorem konkursu by\u0142o Przedszkole nr 124 w \u0141odzi.<\/p>\n<p><strong>Cele: konkursu:<\/strong><\/p>\n<p>&#8211; rozwijanie pomys\u0142owo\u015bci i wyobra\u017ani tw\u00f3rczej poprzez ekspresj\u0119 plastyczno-techniczn\u0105;<\/p>\n<p>&#8211; dostrzeganie cech charakterystycznych dla zimy jako pory roku;<\/p>\n<p>&#8211; promowanie talent\u00f3w plastycznych dzieci;<\/p>\n<p>&#8211; poszerzanie wiedzy z zakresu r\u00f3\u017cnych technik plastycznych.[\/vc_column_text][vc_gallery type=&#8221;image_grid&#8221; images=&#8221;4040&#8243;][\/vc_column][\/vc_row]<\/p>\n<\/div>","protected":false},"excerpt":{"rendered":"<p>[vc_row][vc_column][vc_column_text]OG\u00d3LNOPLSKI KONKURS PLASTYCZNY \u201eMOJA ZAK\u0141ADKA DO KSI\u0104\u017bKI\u201d Dzieci z grupy IV \u2013 Alinka G. oraz Blanka T. pod kierunkiem nauczycielki A. Jasku\u0142owskiej wykona\u0142y prac\u0119 plastyczn\u0105 pt. \u201eMoja\u00a0 zak\u0142adka do ksi\u0105\u017cki\u201d. [&hellip;]<\/p>\n","protected":false},"author":264,"featured_media":0,"parent":0,"menu_order":0,"comment_status":"closed","ping_status":"closed","template":"","meta":{"ngg_post_thumbnail":0,"footnotes":""},"class_list":["post-4039","page","type-page","status-publish","hentry","clearfix"],"_links":{"self":[{"href":"https:\/\/przedszkole150.edu.wroclaw.pl\/index.php\/wp-json\/wp\/v2\/pages\/4039","targetHints":{"allow":["GET"]}}],"collection":[{"href":"https:\/\/przedszkole150.edu.wroclaw.pl\/index.php\/wp-json\/wp\/v2\/pages"}],"about":[{"href":"https:\/\/przedszkole150.edu.wroclaw.pl\/index.php\/wp-json\/wp\/v2\/types\/page"}],"author":[{"embeddable":true,"href":"https:\/\/przedszkole150.edu.wroclaw.pl\/index.php\/wp-json\/wp\/v2\/users\/264"}],"replies":[{"embeddable":true,"href":"https:\/\/przedszkole150.edu.wroclaw.pl\/index.php\/wp-json\/wp\/v2\/comments?post=4039"}],"version-history":[{"count":1,"href":"https:\/\/przedszkole150.edu.wroclaw.pl\/index.php\/wp-json\/wp\/v2\/pages\/4039\/revisions"}],"predecessor-version":[{"id":4042,"href":"https:\/\/przedszkole150.edu.wroclaw.pl\/index.php\/wp-json\/wp\/v2\/pages\/4039\/revisions\/4042"}],"wp:attachment":[{"href":"https:\/\/przedszkole150.edu.wroclaw.pl\/index.php\/wp-json\/wp\/v2\/media?parent=4039"}],"curies":[{"name":"wp","href":"https:\/\/api.w.org\/{rel}","templated":true}]}}