
{"id":4044,"date":"2023-04-25T20:45:45","date_gmt":"2023-04-25T18:45:45","guid":{"rendered":"https:\/\/przedszkole150.edu.wroclaw.pl\/?page_id=4044"},"modified":"2023-04-25T20:45:56","modified_gmt":"2023-04-25T18:45:56","slug":"terapia-reki-sprawne-raczki-przedszkolaka","status":"publish","type":"page","link":"https:\/\/przedszkole150.edu.wroclaw.pl\/index.php\/terapia-reki-sprawne-raczki-przedszkolaka\/","title":{"rendered":"Terapia r\u0119ki &#8211; sprawne r\u0105czki przedszkolaka"},"content":{"rendered":"<div class=\"wpb-content-wrapper\"><p>[vc_row][vc_column][vc_column_text]<strong>Program w\u0142asny z profilaktyki zaburze\u0144 motoryki ma\u0142ej<\/strong><\/p>\n<ol>\n<li><strong> \u201eSPRAWNE R\u0104CZKI PRZEDSZKOLAKA\u201d<\/strong><\/li>\n<\/ol>\n<p>W roku szkolnym 2022\/2023 w gr. IV realizowany jest<strong> Program w\u0142asny z profilaktyki zaburze\u0144 motoryki ma\u0142ej <\/strong>nauczyciela Agnieszki Jasku\u0142owskiej<strong> pt. \u201eSPRAWNE R\u0104CZKI PRZEDSZKOLAKA\u201d<\/strong><\/p>\n<p><strong><u>Cele Terapii r\u0119ki:<\/u><\/strong><\/p>\n<ol>\n<li>Usprawnianie i stymulacja motoryki ma\u0142ej.<\/li>\n<li>Usprawnianie i wspomaganie dziecka w osi\u0105gni\u0119ciu optymalnego poziomu w zakresie samoobs\u0142ugi.<\/li>\n<li>Doskonalenie og\u00f3lnej sprawno\u015bci ruchowej dziecka.<\/li>\n<li>Zdobywanie do\u015bwiadcze\u0144 sensorycznych za pomoc\u0105 zmys\u0142\u00f3w.<\/li>\n<\/ol>\n<p>&nbsp;<\/p>\n<p><strong><u>Przewidywane efekty: <\/u><\/strong><\/p>\n<ol>\n<li>Rozwijanie \u015bwiadomo\u015bci w\u0142asnego cia\u0142a.<\/li>\n<li>Opanowanie prawid\u0142owych wzorc\u00f3w posturalnych i ruchowych, prawid\u0142owej postawy cia\u0142a.<\/li>\n<li>Doskonalenie zdolno\u015bci manipulacyjnych d\u0142oni.<\/li>\n<li>Wzmacnianie koncentracji uwagi na czynno\u015bciach manualnych.<\/li>\n<li>Rozwijanie samodzielno\u015bci w podstawowych czynno\u015bciach \u017cycia codziennego, umiej\u0119tno\u015bci samoobs\u0142ugowych.<\/li>\n<\/ol>\n<p><u>\u00a0<\/u><\/p>\n<p><strong><u>Metody:<\/u><\/strong><\/p>\n<p>&#8211; gry i zabawy terapeutyczne z zakresu terapii r\u0119ki<\/p>\n<p>&#8211; \u0107wiczenia i zabawy ruchowe, sensoryczne<\/p>\n<p>&#8211; metoda Ruchu rozwijaj\u0105cego V. Sherborne<\/p>\n<p>&#8211; Pedagogika zabawy<\/p>\n<p><strong>\u00a0<\/strong><\/p>\n<p><strong><u>Formy:<\/u><\/strong><\/p>\n<ul>\n<li>grupowa, co wi\u0105\u017ce si\u0119 z nabywaniem u dzieci umiej\u0119tno\u015bci spo\u0142ecznych (praca z innymi, komunikowanie si\u0119)<\/li>\n<li>indywidualna, dzi\u0119ki czemu dziecko ma mo\u017cliwo\u015b\u0107 rozwijania swoich zainteresowa\u0144, zdolno\u015bci i umiej\u0119tno\u015bci.<\/li>\n<\/ul>\n<p>&nbsp;<\/p>\n<p><strong>Program obejmuje\u00a0nast\u0119puj\u0105ce etapy pracy z dzieckiem:<\/strong><\/p>\n<p>&#8211; Powitanie<\/p>\n<p>&#8211; \u0106wiczenia stabilizacji centralnej<\/p>\n<p>&#8211; \u0106wiczenia rozmachowe<\/p>\n<p>&#8211; \u0106wiczenia manualne<\/p>\n<p>&#8211; \u0106wiczenia manipulacyjne<\/p>\n<p>&#8211; Relaksacja<\/p>\n<p>&#8211; Po\u017cegnanie<\/p>\n<p>&nbsp;<\/p>\n<p><strong>Dla kogo Terapia R\u0119ki ?<\/strong><\/p>\n<ul>\n<li>dzieci niech\u0119tnie podejmuj\u0105cych czynno\u015bci manualne (malowanie, lepienie z plasteliny, uk\u0142adanie drobnych przedmiot\u00f3w),<\/li>\n<li>dzieci maj\u0105cych problem z nauk\u0105 czynno\u015bci samoobs\u0142ugi codziennej (ubieranie, wi\u0105zanie sznurowade\u0142, zapinanie guzik\u00f3w itp),<\/li>\n<li>dzieci maj\u0105cych wyra\u017anie obni\u017cone lub podwy\u017cszone napi\u0119cie mi\u0119\u015bniowe w obr\u0119bie ko\u0144czyny g\u00f3rnej i obr\u0119czy barkowej,<\/li>\n<li>dzieci wykonuj\u0105cych czynno\u015bci wymagaj\u0105ce du\u017cej precyzji zbyt wolno lub za szybko i niedbale,<\/li>\n<li>dzieci nie lubi\u0105cych dotyka\u0107 nowych i r\u00f3\u017cnorodnych faktur,<\/li>\n<li>dzieci, kt\u00f3re dostarczaj\u0105 sobie dodatkowych dozna\u0144 proprioceptywnych i domagaj\u0105 si\u0119 zdecydowanego i mocnego ucisku d\u0142oni np. siadaj\u0105 na w\u0142asnych d\u0142oniach, bardzo mocno zaciskaj\u0105 r\u0119ce na przedmiotach, uderzaj\u0105 r\u0119kami w przedmioty o ostrych i wyra\u017anych fakturach.<\/li>\n<\/ul>\n<p>&nbsp;<\/p>\n<p>&nbsp;<\/p>\n<p><u>\u00a0<\/u><\/p>\n<p>[\/vc_column_text][vc_gallery type=&#8221;image_grid&#8221; images=&#8221;4045,4046,4047,4048,4049&#8243;][\/vc_column][\/vc_row]<\/p>\n<\/div>","protected":false},"excerpt":{"rendered":"<p>[vc_row][vc_column][vc_column_text]Program w\u0142asny z profilaktyki zaburze\u0144 motoryki ma\u0142ej \u201eSPRAWNE R\u0104CZKI PRZEDSZKOLAKA\u201d W roku szkolnym 2022\/2023 w gr. IV realizowany jest Program w\u0142asny z profilaktyki zaburze\u0144 motoryki ma\u0142ej nauczyciela Agnieszki Jasku\u0142owskiej pt. [&hellip;]<\/p>\n","protected":false},"author":264,"featured_media":0,"parent":0,"menu_order":0,"comment_status":"closed","ping_status":"closed","template":"","meta":{"ngg_post_thumbnail":0,"footnotes":""},"class_list":["post-4044","page","type-page","status-publish","hentry","clearfix"],"_links":{"self":[{"href":"https:\/\/przedszkole150.edu.wroclaw.pl\/index.php\/wp-json\/wp\/v2\/pages\/4044","targetHints":{"allow":["GET"]}}],"collection":[{"href":"https:\/\/przedszkole150.edu.wroclaw.pl\/index.php\/wp-json\/wp\/v2\/pages"}],"about":[{"href":"https:\/\/przedszkole150.edu.wroclaw.pl\/index.php\/wp-json\/wp\/v2\/types\/page"}],"author":[{"embeddable":true,"href":"https:\/\/przedszkole150.edu.wroclaw.pl\/index.php\/wp-json\/wp\/v2\/users\/264"}],"replies":[{"embeddable":true,"href":"https:\/\/przedszkole150.edu.wroclaw.pl\/index.php\/wp-json\/wp\/v2\/comments?post=4044"}],"version-history":[{"count":1,"href":"https:\/\/przedszkole150.edu.wroclaw.pl\/index.php\/wp-json\/wp\/v2\/pages\/4044\/revisions"}],"predecessor-version":[{"id":4050,"href":"https:\/\/przedszkole150.edu.wroclaw.pl\/index.php\/wp-json\/wp\/v2\/pages\/4044\/revisions\/4050"}],"wp:attachment":[{"href":"https:\/\/przedszkole150.edu.wroclaw.pl\/index.php\/wp-json\/wp\/v2\/media?parent=4044"}],"curies":[{"name":"wp","href":"https:\/\/api.w.org\/{rel}","templated":true}]}}